{"id":4648,"date":"2024-07-03T14:39:48","date_gmt":"2024-07-03T11:39:48","guid":{"rendered":"https:\/\/toptan.coolsandalye.com\/product\/ross-sandalye-parke-ceviz\/"},"modified":"2025-06-30T15:28:47","modified_gmt":"2025-06-30T12:28:47","slug":"ross-sandalye-ceviz","status":"publish","type":"product","link":"https:\/\/toptan.coolsandalye.com\/de\/produkt\/ross-sandalye-ceviz\/","title":{"rendered":"Ross Sandalye &#8211; Ceviz"},"content":{"rendered":"<p>Modern und stilvoll: Unsere St\u00fchle, die das moderne Designkonzept widerspiegeln, verleihen Ihrem Raum Eleganz und Eleganz. Unterst\u00fctzt durch hochwertige Materialien, sind diese St\u00fchle ideal f\u00fcr den langfristigen Gebrauch.<\/p>","protected":false},"excerpt":{"rendered":"<p>Modern und stilvoll: Unsere St\u00fchle, die das moderne Designkonzept widerspiegeln, verleihen Ihrem Raum Eleganz und Eleganz. Unterst\u00fctzt durch hochwertige Materialien, sind diese St\u00fchle ideal f\u00fcr den langfristigen Gebrauch.<\/p>","protected":false},"featured_media":7062,"comment_status":"open","ping_status":"closed","template":"","meta":[],"product_brand":[],"product_cat":[54],"product_tag":[],"class_list":{"0":"post-4648","1":"product","2":"type-product","3":"status-publish","4":"has-post-thumbnail","6":"product_cat-sandalye","8":"first","9":"instock","10":"shipping-taxable","11":"product-type-variable"},"_links":{"self":[{"href":"https:\/\/toptan.coolsandalye.com\/de\/wp-json\/wp\/v2\/product\/4648","targetHints":{"allow":["GET"]}}],"collection":[{"href":"https:\/\/toptan.coolsandalye.com\/de\/wp-json\/wp\/v2\/product"}],"about":[{"href":"https:\/\/toptan.coolsandalye.com\/de\/wp-json\/wp\/v2\/types\/product"}],"replies":[{"embeddable":true,"href":"https:\/\/toptan.coolsandalye.com\/de\/wp-json\/wp\/v2\/comments?post=4648"}],"wp:featuredmedia":[{"embeddable":true,"href":"https:\/\/toptan.coolsandalye.com\/de\/wp-json\/wp\/v2\/media\/7062"}],"wp:attachment":[{"href":"https:\/\/toptan.coolsandalye.com\/de\/wp-json\/wp\/v2\/media?parent=4648"}],"wp:term":[{"taxonomy":"product_brand","embeddable":true,"href":"https:\/\/toptan.coolsandalye.com\/de\/wp-json\/wp\/v2\/product_brand?post=4648"},{"taxonomy":"product_cat","embeddable":true,"href":"https:\/\/toptan.coolsandalye.com\/de\/wp-json\/wp\/v2\/product_cat?post=4648"},{"taxonomy":"product_tag","embeddable":true,"href":"https:\/\/toptan.coolsandalye.com\/de\/wp-json\/wp\/v2\/product_tag?post=4648"}],"curies":[{"name":"wp","href":"https:\/\/api.w.org\/{rel}","templated":true}]}}