{"id":9283,"date":"2024-11-22T16:21:37","date_gmt":"2024-11-22T13:21:37","guid":{"rendered":"https:\/\/toptan.coolsandalye.com\/?page_id=9283"},"modified":"2025-06-24T17:09:19","modified_gmt":"2025-06-24T14:09:19","slug":"projelerimiz","status":"publish","type":"page","link":"https:\/\/toptan.coolsandalye.com\/de\/projelerimiz\/","title":{"rendered":"Projelerimiz"},"content":{"rendered":"<div data-elementor-type=\"wp-page\" data-elementor-id=\"9283\" class=\"elementor elementor-9283\" data-elementor-post-type=\"page\">\n\t\t\t\t\t\t<section class=\"elementor-section elementor-top-section elementor-element elementor-element-a1b4c24 elementor-section-boxed elementor-section-height-default elementor-section-height-default\" data-id=\"a1b4c24\" data-element_type=\"section\" data-settings=\"{&quot;background_background&quot;:&quot;gradient&quot;}\">\n\t\t\t\t\t\t<div class=\"elementor-container elementor-column-gap-default\">\n\t\t\t\t\t<div class=\"elementor-column elementor-col-100 elementor-top-column elementor-element elementor-element-0065485 kitify-col-width-auto-no kitify-disable-relative-no\" data-id=\"0065485\" data-element_type=\"column\">\n\t\t\t<div class=\"elementor-widget-wrap elementor-element-populated\">\n\t\t\t\t\t\t<div class=\"elementor-element elementor-element-58bfbbf elementor-widget elementor-widget-heading\" data-id=\"58bfbbf\" data-element_type=\"widget\" data-widget_type=\"heading.default\">\n\t\t\t\t<div class=\"elementor-widget-container\">\n\t\t\t<h2 class=\"elementor-heading-title elementor-size-default\">Projelerimiz<\/h2>\t\t<\/div>\n\t\t\t\t<\/div>\n\t\t\t\t<div class=\"elementor-element elementor-element-7c82de4 kitify-breadcrumbs-align-center kitify-breadcrumbs-align-tablet-center elementor-widget kitify elementor-kitify-breadcrumbs\" data-id=\"7c82de4\" data-element_type=\"widget\" data-widget_type=\"kitify-breadcrumbs.default\">\n\t\t\t\t<div class=\"elementor-widget-container\">\n\t\t\t\n\t\t<div class=\"kitify-breadcrumbs\">\n\t\t<div class=\"kitify-breadcrumbs__content\">\n\t\t<div class=\"kitify-breadcrumbs__wrap\"><div class=\"kitify-breadcrumbs__item\"><a href=\"https:\/\/toptan.coolsandalye.com\/de\/\" class=\"kitify-breadcrumbs__item-link is-home\" rel=\"home\" title=\"Home\">Home<\/a><\/div>\n\t\t<\/div>\n\t\t<\/div>\n\t\t<\/div>\t\t<\/div>\n\t\t\t\t<\/div>\n\t\t\t\t\t<\/div>\n\t\t<\/div>\n\t\t\t\t\t<\/div>\n\t\t<\/section>\n\t\t\t\t<section class=\"elementor-section elementor-top-section elementor-element elementor-element-0cef331 elementor-section-content-middle elementor-section-boxed elementor-section-height-default elementor-section-height-default\" data-id=\"0cef331\" data-element_type=\"section\">\n\t\t\t\t\t\t<div class=\"elementor-container elementor-column-gap-wider\">\n\t\t\t\t\t<div class=\"elementor-column elementor-col-50 elementor-top-column elementor-element elementor-element-5eb629e kitify-col-width-auto-no kitify-disable-relative-no\" data-id=\"5eb629e\" data-element_type=\"column\">\n\t\t\t<div class=\"elementor-widget-wrap elementor-element-populated\">\n\t\t\t\t\t\t<div class=\"elementor-element elementor-element-d9ca1eb elementor--h-position-center elementor--v-position-middle elementor-arrows-position-inside elementor-pagination-position-inside elementor-widget elementor-widget-slides\" data-id=\"d9ca1eb\" data-element_type=\"widget\" data-settings=\"{&quot;navigation&quot;:&quot;both&quot;,&quot;autoplay&quot;:&quot;yes&quot;,&quot;pause_on_hover&quot;:&quot;yes&quot;,&quot;pause_on_interaction&quot;:&quot;yes&quot;,&quot;autoplay_speed&quot;:5000,&quot;infinite&quot;:&quot;yes&quot;,&quot;transition&quot;:&quot;slide&quot;,&quot;transition_speed&quot;:500}\" data-widget_type=\"slides.default\">\n\t\t\t\t<div class=\"elementor-widget-container\">\n\t\t\t\t\t<div class=\"elementor-swiper\">\n\t\t\t<div class=\"elementor-slides-wrapper elementor-main-swiper swiper\" dir=\"ltr\" data-animation=\"fadeInUp\">\n\t\t\t\t<div class=\"swiper-wrapper elementor-slides\">\n\t\t\t\t\t\t\t\t\t\t<div class=\"elementor-repeater-item-5f4d18e swiper-slide\"><div class=\"swiper-slide-bg\" role=\"img\"><\/div><div class=\"swiper-slide-inner\" ><div class=\"swiper-slide-contents\"><\/div><\/div><\/div><div class=\"elementor-repeater-item-db8a40b swiper-slide\"><div class=\"swiper-slide-bg\" role=\"img\"><\/div><div class=\"swiper-slide-inner\" ><div class=\"swiper-slide-contents\"><\/div><\/div><\/div><div class=\"elementor-repeater-item-870f060 swiper-slide\"><div class=\"swiper-slide-bg\" role=\"img\"><\/div><div class=\"swiper-slide-inner\" ><div class=\"swiper-slide-contents\"><\/div><\/div><\/div><div class=\"elementor-repeater-item-268ad0e swiper-slide\"><div class=\"swiper-slide-bg\" role=\"img\"><\/div><div class=\"swiper-slide-inner\" ><div class=\"swiper-slide-contents\"><\/div><\/div><\/div>\t\t\t\t<\/div>\n\t\t\t\t\t\t\t\t\t\t\t\t\t\t\t<div class=\"swiper-pagination\"><\/div>\n\t\t\t\t\t\t\t\t\t\t\t\t\t\t\t\t<div class=\"elementor-swiper-button elementor-swiper-button-prev\" role=\"button\" tabindex=\"0\">\n\t\t\t\t\t\t\t<i aria-hidden=\"true\" class=\"eicon-chevron-left\"><\/i>\t\t\t\t\t\t\t<span class=\"elementor-screen-only\">Previous slide<\/span>\n\t\t\t\t\t\t<\/div>\n\t\t\t\t\t\t<div class=\"elementor-swiper-button elementor-swiper-button-next\" role=\"button\" tabindex=\"0\">\n\t\t\t\t\t\t\t<i aria-hidden=\"true\" class=\"eicon-chevron-right\"><\/i>\t\t\t\t\t\t\t<span class=\"elementor-screen-only\">Next slide<\/span>\n\t\t\t\t\t\t<\/div>\n\t\t\t\t\t\t\t\t\t\t\t\t<\/div>\n\t\t<\/div>\n\t\t\t\t<\/div>\n\t\t\t\t<\/div>\n\t\t\t\t\t<\/div>\n\t\t<\/div>\n\t\t\t\t<div class=\"elementor-column elementor-col-50 elementor-top-column elementor-element elementor-element-e0442ce kitify-col-width-auto-no kitify-disable-relative-no\" data-id=\"e0442ce\" data-element_type=\"column\">\n\t\t\t<div class=\"elementor-widget-wrap elementor-element-populated\">\n\t\t\t\t\t\t<div class=\"elementor-element elementor-element-becd76e elementor-widget elementor-widget-image\" data-id=\"becd76e\" data-element_type=\"widget\" data-widget_type=\"image.default\">\n\t\t\t\t<div class=\"elementor-widget-container\">\n\t\t\t\t\t\t\t\t\t\t\t\t\t<img decoding=\"async\" width=\"350\" height=\"75\" src=\"https:\/\/toptan.coolsandalye.com\/wp-content\/uploads\/2024\/11\/Kebup-Logo.png\" class=\"attachment-large size-large wp-image-9309\" alt=\"Kebup Ocakba\u015f\u0131 - Cool Sandalye\" srcset=\"https:\/\/toptan.coolsandalye.com\/wp-content\/uploads\/2024\/11\/Kebup-Logo.png 350w, https:\/\/toptan.coolsandalye.com\/wp-content\/uploads\/2024\/11\/Kebup-Logo-300x64.png 300w, https:\/\/toptan.coolsandalye.com\/wp-content\/uploads\/2024\/11\/Kebup-Logo-18x4.png 18w\" sizes=\"(max-width: 350px) 100vw, 350px\" \/>\t\t\t\t\t\t\t\t\t\t\t\t\t<\/div>\n\t\t\t\t<\/div>\n\t\t\t\t<div class=\"elementor-element elementor-element-2804e18 elementor-widget elementor-widget-heading\" data-id=\"2804e18\" data-element_type=\"widget\" data-widget_type=\"heading.default\">\n\t\t\t\t<div class=\"elementor-widget-container\">\n\t\t\t<h2 class=\"elementor-heading-title elementor-size-default\">kebup ocakba\u015f\u0131<\/h2>\t\t<\/div>\n\t\t\t\t<\/div>\n\t\t\t\t<div class=\"elementor-element elementor-element-6f840b4 elementor-widget-divider--view-line elementor-widget elementor-widget-divider\" data-id=\"6f840b4\" data-element_type=\"widget\" data-widget_type=\"divider.default\">\n\t\t\t\t<div class=\"elementor-widget-container\">\n\t\t\t\t\t<div class=\"elementor-divider\">\n\t\t\t<span class=\"elementor-divider-separator\">\n\t\t\t\t\t\t<\/span>\n\t\t<\/div>\n\t\t\t\t<\/div>\n\t\t\t\t<\/div>\n\t\t\t\t<div class=\"elementor-element elementor-element-d87d253 elementor-widget__width-initial elementor-widget elementor-widget-heading\" data-id=\"d87d253\" data-element_type=\"widget\" data-widget_type=\"heading.default\">\n\t\t\t\t<div class=\"elementor-widget-container\">\n\t\t\t<div class=\"elementor-heading-title elementor-size-default\">Unsere St\u00fchle, die speziell f\u00fcr Sie entworfen wurden, um Ihre G\u00e4ste in einer stilvollen und komfortablen Umgebung zu empfangen, heben die Atmosph\u00e4re Ihres Restaurants auf ein neues Niveau. Von klassisch bis modern, wir bieten L\u00f6sungen f\u00fcr jedes Konzept <\/div>\t\t<\/div>\n\t\t\t\t<\/div>\n\t\t\t\t\t<\/div>\n\t\t<\/div>\n\t\t\t\t\t<\/div>\n\t\t<\/section>\n\t\t\t\t<section class=\"elementor-section elementor-top-section elementor-element elementor-element-4e99056 elementor-section-content-middle elementor-reverse-mobile elementor-section-boxed elementor-section-height-default elementor-section-height-default\" data-id=\"4e99056\" data-element_type=\"section\">\n\t\t\t\t\t\t<div class=\"elementor-container elementor-column-gap-wider\">\n\t\t\t\t\t<div class=\"elementor-column elementor-col-50 elementor-top-column elementor-element elementor-element-7737afb kitify-col-width-auto-no kitify-disable-relative-no\" data-id=\"7737afb\" data-element_type=\"column\">\n\t\t\t<div class=\"elementor-widget-wrap elementor-element-populated\">\n\t\t\t\t\t\t<div class=\"elementor-element elementor-element-ff95e23 elementor-widget elementor-widget-image\" data-id=\"ff95e23\" data-element_type=\"widget\" data-widget_type=\"image.default\">\n\t\t\t\t<div class=\"elementor-widget-container\">\n\t\t\t\t\t\t\t\t\t\t\t\t\t<img decoding=\"async\" width=\"350\" height=\"75\" src=\"https:\/\/toptan.coolsandalye.com\/wp-content\/uploads\/2024\/11\/NK-Hotel.png\" class=\"attachment-large size-large wp-image-9310\" alt=\"NK Hotel - Cool Sandalye\" srcset=\"https:\/\/toptan.coolsandalye.com\/wp-content\/uploads\/2024\/11\/NK-Hotel.png 350w, https:\/\/toptan.coolsandalye.com\/wp-content\/uploads\/2024\/11\/NK-Hotel-300x64.png 300w, https:\/\/toptan.coolsandalye.com\/wp-content\/uploads\/2024\/11\/NK-Hotel-18x4.png 18w\" sizes=\"(max-width: 350px) 100vw, 350px\" \/>\t\t\t\t\t\t\t\t\t\t\t\t\t<\/div>\n\t\t\t\t<\/div>\n\t\t\t\t<div class=\"elementor-element elementor-element-0f34f06 elementor-widget elementor-widget-heading\" data-id=\"0f34f06\" data-element_type=\"widget\" data-widget_type=\"heading.default\">\n\t\t\t\t<div class=\"elementor-widget-container\">\n\t\t\t<h2 class=\"elementor-heading-title elementor-size-default\">NK HOTEL<\/h2>\t\t<\/div>\n\t\t\t\t<\/div>\n\t\t\t\t<div class=\"elementor-element elementor-element-4693647 elementor-widget-divider--view-line elementor-widget elementor-widget-divider\" data-id=\"4693647\" data-element_type=\"widget\" data-widget_type=\"divider.default\">\n\t\t\t\t<div class=\"elementor-widget-container\">\n\t\t\t\t\t<div class=\"elementor-divider\">\n\t\t\t<span class=\"elementor-divider-separator\">\n\t\t\t\t\t\t<\/span>\n\t\t<\/div>\n\t\t\t\t<\/div>\n\t\t\t\t<\/div>\n\t\t\t\t<div class=\"elementor-element elementor-element-c729291 elementor-widget__width-initial elementor-widget elementor-widget-heading\" data-id=\"c729291\" data-element_type=\"widget\" data-widget_type=\"heading.default\">\n\t\t\t\t<div class=\"elementor-widget-container\">\n\t\t\t<div class=\"elementor-heading-title elementor-size-default\">Unsere Entw\u00fcrfe f\u00fcr Hotels geben Ihren G\u00e4sten ein besonderes Gef\u00fchl, indem sie Komfort und \u00c4sthetik miteinander verbinden. Wir bieten spezielle L\u00f6sungen f\u00fcr Lobbys, Zimmer, Restaurants und Konferenzr\u00e4ume.<\/div>\t\t<\/div>\n\t\t\t\t<\/div>\n\t\t\t\t\t<\/div>\n\t\t<\/div>\n\t\t\t\t<div class=\"elementor-column elementor-col-50 elementor-top-column elementor-element elementor-element-34abad1 kitify-col-width-auto-no kitify-disable-relative-no\" data-id=\"34abad1\" data-element_type=\"column\">\n\t\t\t<div class=\"elementor-widget-wrap elementor-element-populated\">\n\t\t\t\t\t\t<div class=\"elementor-element elementor-element-0c275c1 elementor--h-position-center elementor--v-position-middle elementor-arrows-position-inside elementor-pagination-position-inside elementor-widget elementor-widget-slides\" data-id=\"0c275c1\" data-element_type=\"widget\" data-settings=\"{&quot;navigation&quot;:&quot;both&quot;,&quot;autoplay&quot;:&quot;yes&quot;,&quot;pause_on_hover&quot;:&quot;yes&quot;,&quot;pause_on_interaction&quot;:&quot;yes&quot;,&quot;autoplay_speed&quot;:5000,&quot;infinite&quot;:&quot;yes&quot;,&quot;transition&quot;:&quot;slide&quot;,&quot;transition_speed&quot;:500}\" data-widget_type=\"slides.default\">\n\t\t\t\t<div class=\"elementor-widget-container\">\n\t\t\t\t\t<div class=\"elementor-swiper\">\n\t\t\t<div class=\"elementor-slides-wrapper elementor-main-swiper swiper\" dir=\"ltr\" data-animation=\"fadeInUp\">\n\t\t\t\t<div class=\"swiper-wrapper elementor-slides\">\n\t\t\t\t\t\t\t\t\t\t<div class=\"elementor-repeater-item-5f4d18e swiper-slide\"><div class=\"swiper-slide-bg\" role=\"img\"><\/div><div class=\"swiper-slide-inner\" ><div class=\"swiper-slide-contents\"><\/div><\/div><\/div><div class=\"elementor-repeater-item-db8a40b swiper-slide\"><div class=\"swiper-slide-bg\" role=\"img\"><\/div><div class=\"swiper-slide-inner\" ><div class=\"swiper-slide-contents\"><\/div><\/div><\/div><div class=\"elementor-repeater-item-870f060 swiper-slide\"><div class=\"swiper-slide-bg\" role=\"img\"><\/div><div class=\"swiper-slide-inner\" ><div class=\"swiper-slide-contents\"><\/div><\/div><\/div><div class=\"elementor-repeater-item-268ad0e swiper-slide\"><div class=\"swiper-slide-bg\" role=\"img\"><\/div><div class=\"swiper-slide-inner\" ><div class=\"swiper-slide-contents\"><\/div><\/div><\/div><div class=\"elementor-repeater-item-6e29fe5 swiper-slide\"><div class=\"swiper-slide-bg\" role=\"img\"><\/div><div class=\"swiper-slide-inner\" ><div class=\"swiper-slide-contents\"><\/div><\/div><\/div>\t\t\t\t<\/div>\n\t\t\t\t\t\t\t\t\t\t\t\t\t\t\t<div class=\"swiper-pagination\"><\/div>\n\t\t\t\t\t\t\t\t\t\t\t\t\t\t\t\t<div class=\"elementor-swiper-button elementor-swiper-button-prev\" role=\"button\" tabindex=\"0\">\n\t\t\t\t\t\t\t<i aria-hidden=\"true\" class=\"eicon-chevron-left\"><\/i>\t\t\t\t\t\t\t<span class=\"elementor-screen-only\">Previous slide<\/span>\n\t\t\t\t\t\t<\/div>\n\t\t\t\t\t\t<div class=\"elementor-swiper-button elementor-swiper-button-next\" role=\"button\" tabindex=\"0\">\n\t\t\t\t\t\t\t<i aria-hidden=\"true\" class=\"eicon-chevron-right\"><\/i>\t\t\t\t\t\t\t<span class=\"elementor-screen-only\">Next slide<\/span>\n\t\t\t\t\t\t<\/div>\n\t\t\t\t\t\t\t\t\t\t\t\t<\/div>\n\t\t<\/div>\n\t\t\t\t<\/div>\n\t\t\t\t<\/div>\n\t\t\t\t\t<\/div>\n\t\t<\/div>\n\t\t\t\t\t<\/div>\n\t\t<\/section>\n\t\t\t\t<section class=\"elementor-section elementor-top-section elementor-element elementor-element-34b2e69 elementor-section-content-middle elementor-section-boxed elementor-section-height-default elementor-section-height-default\" data-id=\"34b2e69\" data-element_type=\"section\">\n\t\t\t\t\t\t<div class=\"elementor-container elementor-column-gap-wider\">\n\t\t\t\t\t<div class=\"elementor-column elementor-col-100 elementor-top-column elementor-element elementor-element-809ad2e kitify-col-width-auto-no kitify-disable-relative-no\" data-id=\"809ad2e\" data-element_type=\"column\">\n\t\t\t<div class=\"elementor-widget-wrap elementor-element-populated\">\n\t\t\t\t\t\t<div class=\"elementor-element elementor-element-ea6c1ab custom-carousel-preset-default kitify-carousel-item-effect-slide elementor-widget kitify elementor-kitify-wooproducts\" data-id=\"ea6c1ab\" data-element_type=\"widget\" data-widget_type=\"kitify-wooproducts.default\">\n\t\t\t\t<div class=\"elementor-widget-container\">\n\t\t\t<div class=\"woocommerce  kitify_wc_widget_ea6c1ab_0\"><div class=\"kitify-products\" ><div class=\"kitify-products__list_wrapper\"><ul class=\"products ul_products kitify-products__list products-grid products-grid-2 col-row columns-4\">\n<li class=\"product type-product post-9266 status-publish first instock product_cat-masa-takimi product_tag-ahsap-iskandinav has-post-thumbnail shipping-taxable product-type-simple kitify-product product_item col-desk-4 col-lap-4 col-tab-4\">\n\t<div class=\"product-item\"><div class=\"product-item__thumbnail\"><a class=\"product-item-link\" href=\"https:\/\/toptan.coolsandalye.com\/de\/produkt\/nora-vega-masa-takimi-tek-ayakli-siyah\/\"><\/a><div class=\"product-item__description--actions\">\n      <a href=\"#\" class=\"nova_product_quick_view_btn\" data-product-id=\"9266\" rel=\"nofollow\"><i class=\"inova ic-zoom\"><\/i><\/a>\n    <\/div><div class=\"product-item__badges\"><span class=\"nova_new_product\">New!<\/span><\/div><div class=\"product-item__thumbnail-placeholder\"><a href=\"https:\/\/toptan.coolsandalye.com\/de\/produkt\/nora-vega-masa-takimi-tek-ayakli-siyah\/\" class=\"woocommerce-LoopProduct-link woocommerce-loop-product__link\"><img fetchpriority=\"high\" decoding=\"async\" width=\"700\" height=\"854\" src=\"https:\/\/toptan.coolsandalye.com\/wp-content\/uploads\/2024\/11\/IMG_0050_11zon-700x854.jpg\" class=\"attachment-woocommerce_thumbnail size-woocommerce_thumbnail\" alt=\"Nora Masa Tak\u0131m\u0131 (Tek Ayakl\u0131) - Siyah\" \/><div class=\"product-item__thumbnail_overlay\"><\/div><\/a><\/div><\/div><div class=\"product-item__description\"><div class=\"product-item__description--info\"><div class=\"info-left\"><a href=\"https:\/\/toptan.coolsandalye.com\/de\/produkt\/nora-vega-masa-takimi-tek-ayakli-siyah\/\" class=\"title\"><h3 class=\"woocommerce-loop-product__title\">Nora Vega Masa Tak\u0131m\u0131 (Tek Ayakl\u0131) &#8211; Siyah<\/h3><\/a><\/div><div class=\"info-right\">\n<\/div><\/div><\/div><div class=\"product-item-footer\"><div class=\"product-item__description--button\"><a href=\"https:\/\/toptan.coolsandalye.com\/de\/produkt\/nora-vega-masa-takimi-tek-ayakli-siyah\/\" data-quantity=\"1\" class=\"button product_type_simple\" data-product_id=\"9266\" data-product_sku=\"MST-S-NORAVEGA-5019\" aria-label=\"Lese mehr \u00fcber \u201eNora Vega Masa Tak\u0131m\u0131 (Tek Ayakl\u0131) - Siyah\u201c\" rel=\"nofollow\" data-success_message=\"\" data-no-translation=\"\" data-trp-gettext=\"\" data-no-translation-aria-label=\"\">Weiterlesen<\/a><\/div><\/div><\/div><div class=\"product-item-hover\"><\/div><\/li>\n<li class=\"product type-product post-9254 status-publish instock product_cat-masa-takimi product_tag-ahsap-iskandinav has-post-thumbnail shipping-taxable product-type-variable kitify-product product_item col-desk-4 col-lap-4 col-tab-4\">\n\t<div class=\"product-item\"><div class=\"product-item__thumbnail\"><a class=\"product-item-link\" href=\"https:\/\/toptan.coolsandalye.com\/de\/produkt\/vega-masa-takimi-ceviz\/\"><\/a><div class=\"product-item__description--actions\">\n      <a href=\"#\" class=\"nova_product_quick_view_btn\" data-product-id=\"9254\" rel=\"nofollow\"><i class=\"inova ic-zoom\"><\/i><\/a>\n    <\/div><div class=\"product-item__badges\"><\/div><div class=\"product-item__thumbnail-placeholder\"><a href=\"https:\/\/toptan.coolsandalye.com\/de\/produkt\/vega-masa-takimi-ceviz\/\" class=\"woocommerce-LoopProduct-link woocommerce-loop-product__link\"><img loading=\"lazy\" decoding=\"async\" width=\"700\" height=\"854\" src=\"https:\/\/toptan.coolsandalye.com\/wp-content\/uploads\/2024\/11\/IMG_0015_11zon-700x854.webp\" class=\"attachment-woocommerce_thumbnail size-woocommerce_thumbnail\" alt=\"Vega Masa Tak\u0131m\u0131 - Ceviz\" \/><div class=\"product-item__thumbnail_overlay\"><\/div><\/a><\/div><\/div><div class=\"product-item__description\"><div class=\"product-item__description--info\"><div class=\"info-left\"><a href=\"https:\/\/toptan.coolsandalye.com\/de\/produkt\/vega-masa-takimi-ceviz\/\" class=\"title\"><h3 class=\"woocommerce-loop-product__title\">Vega Tischset - Nussbaum<\/h3><\/a><\/div><div class=\"info-right\">\n<\/div><\/div><\/div><div class=\"product-item-footer\"><div class=\"product-item__description--button\"><a href=\"https:\/\/toptan.coolsandalye.com\/de\/produkt\/vega-masa-takimi-ceviz\/\" data-quantity=\"1\" class=\"button product_type_variable\" data-product_id=\"9254\" data-product_sku=\"MST-C-VEGA-5013\" aria-label=\"W\u00e4hle Optionen f\u00fcr \u201eVega Masa Tak\u0131m\u0131 - Ceviz\u201c\" rel=\"nofollow\" data-no-translation=\"\" data-trp-gettext=\"\" data-no-translation-aria-label=\"\">Weiterlesen<\/a><\/div><\/div><\/div><div class=\"product-item-hover\"><\/div><\/li>\n<li class=\"product type-product post-7418 status-publish instock product_cat-masa-takimi product_tag-ahsap-iskandinav has-post-thumbnail shipping-taxable product-type-variable kitify-product product_item col-desk-4 col-lap-4 col-tab-4\">\n\t<div class=\"product-item\"><div class=\"product-item__thumbnail\"><a class=\"product-item-link\" href=\"https:\/\/toptan.coolsandalye.com\/de\/produkt\/hera-lina-dikdortgen-masa-takimi-ceviz\/\"><\/a><div class=\"product-item__description--actions\">\n      <a href=\"#\" class=\"nova_product_quick_view_btn\" data-product-id=\"7418\" rel=\"nofollow\"><i class=\"inova ic-zoom\"><\/i><\/a>\n    <\/div><div class=\"product-item__badges\"><\/div><div class=\"product-item__thumbnail-placeholder\"><a href=\"https:\/\/toptan.coolsandalye.com\/de\/produkt\/hera-lina-dikdortgen-masa-takimi-ceviz\/\" class=\"woocommerce-LoopProduct-link woocommerce-loop-product__link\"><img loading=\"lazy\" decoding=\"async\" width=\"700\" height=\"854\" src=\"https:\/\/toptan.coolsandalye.com\/wp-content\/uploads\/2024\/08\/Lina-Dikdortgen-Masa-Takimi-Parke-Ceviz-700x854.png\" class=\"attachment-woocommerce_thumbnail size-woocommerce_thumbnail\" alt=\"masa-tak\u0131m\u0131\" \/><div class=\"product-item__thumbnail_overlay\"><\/div><\/a><\/div><\/div><div class=\"product-item__description\"><div class=\"product-item__description--info\"><div class=\"info-left\"><a href=\"https:\/\/toptan.coolsandalye.com\/de\/produkt\/hera-lina-dikdortgen-masa-takimi-ceviz\/\" class=\"title\"><h3 class=\"woocommerce-loop-product__title\">Hera Lina Dikd\u00f6rtgen Masa Tak\u0131m\u0131 &#8211; Ceviz<\/h3><\/a><\/div><div class=\"info-right\">\n<\/div><\/div><\/div><div class=\"product-item-footer\"><div class=\"product-item__description--button\"><a href=\"https:\/\/toptan.coolsandalye.com\/de\/produkt\/hera-lina-dikdortgen-masa-takimi-ceviz\/\" data-quantity=\"1\" class=\"button product_type_variable\" data-product_id=\"7418\" data-product_sku=\"MST-C-HERALINA-5003\" aria-label=\"W\u00e4hle Optionen f\u00fcr \u201eHera Lina Dikd\u00f6rtgen Masa Tak\u0131m\u0131 - Ceviz\u201c\" rel=\"nofollow\" data-no-translation=\"\" data-trp-gettext=\"\" data-no-translation-aria-label=\"\">Weiterlesen<\/a><\/div><\/div><\/div><div class=\"product-item-hover\"><\/div><\/li>\n<li class=\"product type-product post-7277 status-publish last instock product_cat-masa-takimi product_tag-ahsap-iskandinav product_tag-yeni has-post-thumbnail shipping-taxable product-type-variable kitify-product product_item col-desk-4 col-lap-4 col-tab-4\">\n\t<div class=\"product-item\"><div class=\"product-item__thumbnail\"><a class=\"product-item-link\" href=\"https:\/\/toptan.coolsandalye.com\/de\/produkt\/riva-elara-oval-masa-takimi-beyaz\/\"><\/a><div class=\"product-item__description--actions\">\n      <a href=\"#\" class=\"nova_product_quick_view_btn\" data-product-id=\"7277\" rel=\"nofollow\"><i class=\"inova ic-zoom\"><\/i><\/a>\n    <\/div><div class=\"product-item__badges\"><\/div><div class=\"product-item__thumbnail-placeholder\"><a href=\"https:\/\/toptan.coolsandalye.com\/de\/produkt\/riva-elara-oval-masa-takimi-beyaz\/\" class=\"woocommerce-LoopProduct-link woocommerce-loop-product__link\"><img loading=\"lazy\" decoding=\"async\" width=\"700\" height=\"854\" src=\"https:\/\/toptan.coolsandalye.com\/wp-content\/uploads\/2024\/08\/Elara-Oval-Masa-Takimi-Beyaz--700x854.jpg\" class=\"attachment-woocommerce_thumbnail size-woocommerce_thumbnail\" alt=\"Elara Oval Masa Tak\u0131m\u0131, Beyaz, Zarif Tasar\u0131m, Modern Masa, Cool Sandalye\" \/><div class=\"product-item__thumbnail_overlay\"><\/div><\/a><\/div><\/div><div class=\"product-item__description\"><div class=\"product-item__description--info\"><div class=\"info-left\"><a href=\"https:\/\/toptan.coolsandalye.com\/de\/produkt\/riva-elara-oval-masa-takimi-beyaz\/\" class=\"title\"><h3 class=\"woocommerce-loop-product__title\">Riva Elara Oval Masa Tak\u0131m\u0131 &#8211; Beyaz<\/h3><\/a><\/div><div class=\"info-right\">\n<\/div><\/div><\/div><div class=\"product-item-footer\"><div class=\"product-item__description--button\"><a href=\"https:\/\/toptan.coolsandalye.com\/de\/produkt\/riva-elara-oval-masa-takimi-beyaz\/\" data-quantity=\"1\" class=\"button product_type_variable\" data-product_id=\"7277\" data-product_sku=\"MST-B-RIVAELARA-5004\" aria-label=\"W\u00e4hle Optionen f\u00fcr \u201eRiva Elara Oval Masa Tak\u0131m\u0131 - Beyaz\u201c\" rel=\"nofollow\" data-no-translation=\"\" data-trp-gettext=\"\" data-no-translation-aria-label=\"\">Weiterlesen<\/a><\/div><\/div><\/div><div class=\"product-item-hover\"><\/div><\/li>\n<\/ul>\n<\/div><\/div><\/div>\t\t<\/div>\n\t\t\t\t<\/div>\n\t\t\t\t\t<\/div>\n\t\t<\/div>\n\t\t\t\t\t<\/div>\n\t\t<\/section>\n\t\t\t\t<\/div>","protected":false},"excerpt":{"rendered":"<p>Home Previous slide Next slide kebup ocakba\u015f\u0131 Misafirlerinizi \u015f\u0131k ve konforlu bir ortamda a\u011f\u0131rlaman\u0131z i\u00e7in \u00f6zel olarak tasarlanan sandalyelerimiz, restoran\u0131n\u0131z\u0131n atmosferini bir \u00fcst seviyeye ta\u015f\u0131r. Klasikten moderne, her konsepte uygun \u00e7\u00f6z\u00fcmler sunuyoruz NK HOTEL Oteller i\u00e7in \u00fcretti\u011fimiz tasar\u0131mlar, konfor ve esteti\u011fi birle\u015ftirerek misafirlerinizin kendilerini \u00f6zel hissetmesini sa\u011flar. Lobi, oda, restoran ve konferans salonlar\u0131 i\u00e7in \u00f6zel \u00e7\u00f6z\u00fcmler sunuyoruz. Previous slide Next\u2026<\/p>","protected":false},"author":1,"featured_media":0,"parent":0,"menu_order":0,"comment_status":"closed","ping_status":"closed","template":"elementor_header_footer","meta":{"footnotes":""},"class_list":["post-9283","page","type-page","status-publish","hentry"],"_links":{"self":[{"href":"https:\/\/toptan.coolsandalye.com\/de\/wp-json\/wp\/v2\/pages\/9283","targetHints":{"allow":["GET"]}}],"collection":[{"href":"https:\/\/toptan.coolsandalye.com\/de\/wp-json\/wp\/v2\/pages"}],"about":[{"href":"https:\/\/toptan.coolsandalye.com\/de\/wp-json\/wp\/v2\/types\/page"}],"author":[{"embeddable":true,"href":"https:\/\/toptan.coolsandalye.com\/de\/wp-json\/wp\/v2\/users\/1"}],"replies":[{"embeddable":true,"href":"https:\/\/toptan.coolsandalye.com\/de\/wp-json\/wp\/v2\/comments?post=9283"}],"version-history":[{"count":40,"href":"https:\/\/toptan.coolsandalye.com\/de\/wp-json\/wp\/v2\/pages\/9283\/revisions"}],"predecessor-version":[{"id":11798,"href":"https:\/\/toptan.coolsandalye.com\/de\/wp-json\/wp\/v2\/pages\/9283\/revisions\/11798"}],"wp:attachment":[{"href":"https:\/\/toptan.coolsandalye.com\/de\/wp-json\/wp\/v2\/media?parent=9283"}],"curies":[{"name":"wp","href":"https:\/\/api.w.org\/{rel}","templated":true}]}}