{"id":6834,"date":"2024-07-15T16:30:05","date_gmt":"2024-07-15T13:30:05","guid":{"rendered":"https:\/\/toptan.coolsandalye.com\/?page_id=6834"},"modified":"2024-10-14T16:00:21","modified_gmt":"2024-10-14T13:00:21","slug":"mesafeli-satis-sozlesmesi","status":"publish","type":"page","link":"https:\/\/toptan.coolsandalye.com\/de\/mesafeli-satis-sozlesmesi\/","title":{"rendered":"Fernabsatzvertrag"},"content":{"rendered":"<p>Fernabsatzvertrag<\/p><h2 class=\"wp-block-heading\">ARTIKEL 1 - PARTEIEN<\/h2><p>1.1.VERK\u00c4UFER:<\/p><p>Name\/Titel :Cool Sandalye<\/p><p>Anschrift: Seyhan, 659\/5 Nr:25 Innent\u00fcr Nr:1, 35380 Buca\/\u0130zmir<\/p><p>Telefon: 0533 597 22 23<\/p><h2 class=\"wp-block-heading\">ARTIKEL 2 - GEGENSTAND<\/h2><p>Gegenstand dieses Vertrages ist die Festlegung der Rechte und Pflichten der Parteien gem\u00e4\u00df den Bestimmungen des \u201eGesetzes Nr. 4077 \u00fcber den Verbraucherschutz\u201c und der \u201eVerordnung \u00fcber die Verfahren und Grunds\u00e4tze der Anwendung von Fernabsatzvertr\u00e4gen\u201c in Bezug auf den Verkauf und die Lieferung des Produkts, dessen Qualifikationen und Verkaufspreis nachstehend angegeben sind und das der K\u00c4UFER elektronisch auf der Internet-Shopping-Site \u201ecoolsandalye.com\u201c des VERK\u00c4UFERS bestellt hat.<\/p><h2 class=\"wp-block-heading\">Artikel 3: LIEFERUNG DES PRODUKTES, ORT DER ERF\u00dcLLUNG DES VERTRAGES UND LIEFERART<\/h2><p>3.1 Zahlungsweise: Zahlung per Zahlungsanweisung \/ EFT<\/p><p>3.2 Da Termingesch\u00e4fte nur mit Kreditkarten von Banken get\u00e4tigt werden, ist der K\u00e4ufer andererseits damit einverstanden, erkl\u00e4rt und verpflichtet sich, dass die entsprechenden Zinss\u00e4tze und Informationen \u00fcber Verzugszinsen von der Bank gesondert best\u00e4tigt werden und dass die Bestimmungen \u00fcber Zinsen und Verzugszinsen gem\u00e4\u00df den geltenden Rechtsvorschriften im Rahmen des Kreditkartenvertrags zwischen der Bank und dem K\u00e4ufer angewendet werden.<\/p><p>Verfahren zur R\u00fcckerstattung der Kreditkarte:<\/p><p>In F\u00e4llen, in denen der K\u00e4ufer von seinem R\u00fccktrittsrecht Gebrauch macht, oder in F\u00e4llen, in denen das Produkt, das Gegenstand der Bestellung ist, aus verschiedenen Gr\u00fcnden nicht geliefert werden kann, oder in F\u00e4llen, in denen der Schlichtungsausschuss beschlie\u00dft, dem Verbraucher den Preis zur\u00fcckzuerstatten, wenn der Kauf per Kreditkarte und in Raten erfolgt, ist das Verfahren f\u00fcr die R\u00fcckerstattung per Kreditkarte unten angegeben:<\/p><p>Nachdem coolsandalye.com den vollen Betrag des Produktpreises in einem Zug an die Bank gezahlt hat, werden im Falle der R\u00fcckgabe der von der Bank auf die Kreditkarte unseres Kunden geleisteten Ratenausgaben die angeforderten R\u00fcckerstattungsbetr\u00e4ge von der Bank in Raten auf die Konten der Inhaberpartei \u00fcberwiesen, um zu verhindern, dass die an der Angelegenheit beteiligten Parteien gesch\u00e4digt werden. Die vom Kunden bis zur Stornierung des Verkaufs gezahlten Teilbetr\u00e4ge werden, wenn das R\u00fcckgabedatum und die Stichtage des Kontos der Karte nicht \u00fcbereinstimmen, jeden Monat mit einer R\u00fcckerstattung auf der Karte verbucht, und der Kunde erh\u00e4lt die vor der R\u00fcckgabe gezahlten Teilbetr\u00e4ge, nachdem die Teilbetr\u00e4ge des Verkaufs abgelaufen sind, die Anzahl der vor der R\u00fcckgabe gezahlten Teilbetr\u00e4ge wird f\u00fcr einen weiteren Monat erhalten und von den bestehenden Schulden abgezogen.<\/p><p>Im Falle der R\u00fcckgabe von Waren und Dienstleistungen mit der Karte gekauft, coolsandalye.com kann nicht zahlen den Kunden in bar in \u00dcbereinstimmung mit dem Vertrag mit der Bank. Im Falle einer R\u00fcckgabe wird der H\u00e4ndler, coolsandalye.com, eine R\u00fcckerstattung durch die entsprechende Software vornehmen, und da der H\u00e4ndler, coolsandalye.com, verpflichtet ist, den entsprechenden Betrag an die Bank in bar oder in bar zu zahlen, kann der Kunde nicht in bar in \u00dcbereinstimmung mit dem Verfahren, das wir oben erkl\u00e4rt haben, bezahlt werden. Die R\u00fcckerstattung auf die Kreditkarte wird von der Bank nach dem oben beschriebenen Verfahren vorgenommen, nachdem die Website coolsandalye.com den Preis in einem Zug an die Bank gezahlt hat.&nbsp;<\/p><p>Der K\u00e4ufer best\u00e4tigt und verpflichtet sich, dass er dieses Verfahren gelesen und akzeptiert hat.<\/p><p>3.3 Zustellungsart und Anschrift :<\/p><p>Lieferadresse : a\/T\u00fcrkei-Ad\u0131yaman-<\/p><p>Zustellende Person:&nbsp;&nbsp;<\/p><p>Rechnungsadresse : a\/T\u00fcrkei-Ad\u0131yaman-&nbsp;<\/p><p>Die Lieferung erfolgt per Hand an der oben genannten Adresse des K\u00e4ufers per Spedition. Auch wenn der K\u00e4ufer zum Zeitpunkt der Lieferung nicht an der Adresse anwesend ist, wird davon ausgegangen, dass der VERK\u00c4UFER seine Leistung vollst\u00e4ndig und in vollem Umfang erf\u00fcllt hat. Aus diesem Grund geh\u00f6ren alle Sch\u00e4den, die durch den versp\u00e4teten Empfang der Ware durch den K\u00e4ufer verursacht werden, sowie die Kosten, die durch das Warten der Ware in der Spedition und \/ oder die R\u00fcckgabe der Ware an den VERK\u00c4UFER entstehen, ebenfalls dem K\u00c4UFER.<\/p><p>Versandgeb\u00fchren: Der Versandpreis wird zum Gesamtbetrag der Bestellung hinzugef\u00fcgt und vom Kunden bezahlt. Er ist nicht im Produktpreis enthalten.&nbsp;<\/p><h2 class=\"wp-block-heading\">ARTIKEL 4 - ALLGEMEINE BESTIMMUNGEN<\/h2><p>4.1.BUYER, \u201ecoolsandalye.com\u201c auf der Website \u201ecoolsandalye.com\u201c \u201eGesetz Nr. 4077\u201c und \u201eVerordnung \u00fcber die Anwendung Verfahren und Grunds\u00e4tze in Bezug auf Haust\u00fcrgesch\u00e4fte\u201c in \u00dcbereinstimmung mit den Bestimmungen des \u201eInformationsformulars\u201c und wieder in Artikel 3 des Vertrages, die grundlegenden Eigenschaften des Produkts \/ Produkte \/ Dienstleistungen Gegenstand des Vertrages, der Verkaufspreis und Zahlungsmethode und alle vorl\u00e4ufigen Informationen in Bezug auf die Lieferung erkl\u00e4rt, dass er \/ sie gelesen hat und informiert und hat die notwendige Best\u00e4tigung elektronisch gegeben.<\/p><p>4.2 Das vertragsgegenst\u00e4ndliche Produkt wird dem K\u00c4UFER oder der Person\/Organisation an die vom K\u00c4UFER angegebene Adresse oder der Person\/Organisation an die vom K\u00c4UFER angegebene Adresse innerhalb der in den Vorabinformationen auf der Website beschriebenen Frist geliefert, je nach der Entfernung der Niederlassung des K\u00c4UFERS f\u00fcr jedes Produkt, vorausgesetzt, dass sie die gesetzliche 30-Tage-Frist nicht \u00fcberschreitet.<\/p><p>4.3 Wenn das vertragsgegenst\u00e4ndliche Produkt an eine andere Person\/Organisation als den K\u00c4UFER geliefert wird, kann der VERK\u00c4UFER nicht daf\u00fcr verantwortlich gemacht werden, dass die zu beliefernde Person\/Organisation die Lieferung nicht annimmt.<\/p><p>4.4 Der VERK\u00c4UFER ist daf\u00fcr verantwortlich, dass das Produkt, das Gegenstand des Vertrages ist, unversehrt, vollst\u00e4ndig und in \u00dcbereinstimmung mit den in der Bestellung angegebenen Qualifikationen sowie mit Garantiedokumenten und Benutzerhandb\u00fcchern, falls vorhanden, geliefert wird.<\/p><p>4.5- F\u00fcr die Lieferung des vertragsgegenst\u00e4ndlichen Produkts muss dem VERK\u00c4UFER das unterzeichnete Exemplar dieses Vertrags zugestellt werden und der Preis muss mit der vom K\u00c4UFER bevorzugten Zahlungsmethode bezahlt werden. Wenn der Produktpreis aus irgendeinem Grund nicht bezahlt wird oder in den Bankunterlagen storniert wird, gilt der VERK\u00c4UFER als von der Verpflichtung zur Lieferung des Produkts entbunden.<\/p><p>4.6- Wenn nach der Lieferung des Produkts die betreffende Bank oder das Finanzinstitut den Produktpreis nicht an den VERK\u00c4UFER zahlt, weil die Kreditkarte des K\u00c4UFERS von Unbefugten in unlauterer oder unrechtm\u00e4\u00dfiger Weise verwendet wurde, ohne dass dies auf ein Verschulden des K\u00c4UFERS zur\u00fcckzuf\u00fchren ist, muss das Produkt innerhalb von 3 Tagen an den VERK\u00c4UFER zur\u00fcckgeschickt werden, vorausgesetzt, es wurde dem K\u00c4UFER geliefert. In diesem Fall gehen die Transportkosten zu Lasten des K\u00c4UFERS.<\/p><p>4.7- Die defekten oder mangelhaften Produkte der mit oder ohne Garantieschein verkauften Produkte k\u00f6nnen an den VERK\u00c4UFER geschickt werden, damit die notwendige Reparatur innerhalb der (mangelhaften) Garantiebedingungen von einem autorisierten Service durchgef\u00fchrt werden kann, wobei die Versandkosten vom VERK\u00c4UFER \u00fcbernommen werden.<\/p><h2 class=\"wp-block-heading\">ARTIKEL 5 - WIDERRUFSRECHT<\/h2><p>Der K\u00c4UFER hat ein R\u00fccktrittsrecht innerhalb von 7 Tagen nach der Lieferung des vertragsgegenst\u00e4ndlichen Produkts an ihn oder die Person\/Organisation an der angegebenen Adresse. Um das R\u00fccktrittsrecht auszu\u00fcben, muss der VERK\u00c4UFER innerhalb dieser Frist per Fax, E-Mail oder Telefon benachrichtigt werden und das Produkt darf nicht im Rahmen der Bestimmungen von Artikel 6 verwendet werden. Wenn dieses Recht ausge\u00fcbt wird, ist es obligatorisch, die Originalrechnung mit einer Kopie des Frachtlieferungsberichts, dass das Produkt an die dritte Person oder den K\u00c4UFER geliefert wurde, an den VERK\u00c4UFER zur\u00fcckzusenden. Der Produktpreis wird dem K\u00c4UFER innerhalb von 7 Tagen nach Erhalt dieser Dokumente zur\u00fcckerstattet. Wird die Originalrechnung nicht zugesandt, k\u00f6nnen die Mehrwertsteuer und etwaige andere gesetzliche Verpflichtungen nicht zur\u00fcckerstattet werden. Die Versandkosten f\u00fcr das aufgrund des R\u00fccktrittsrechts zur\u00fcckgesandte Produkt werden vom VERK\u00c4UFER \u00fcbernommen.<\/p><p>Wir verpflichten uns, dass der Verbraucher das Recht hat, vom Vertrag zur\u00fcckzutreten, indem er die Waren oder Dienstleistungen innerhalb von sieben Tagen ab dem Datum des Erhalts der Waren oder der Unterzeichnung des Vertrags ohne rechtliche und strafrechtliche Haftung und ohne Begr\u00fcndung ablehnt, und wir verpflichten uns, die Waren ab dem Datum des Eingangs der R\u00fccktrittserkl\u00e4rung beim Verk\u00e4ufer oder Anbieter zur\u00fcckzunehmen.<\/p><p>Um die R\u00fcckgabevorg\u00e4nge gem\u00e4\u00df der allgemeinen Bekanntmachung des Steuerverfahrensgesetzes mit der Nummer 385 durchzuf\u00fchren, m\u00fcssen die entsprechenden Abschnitte der Rechnung mit dem R\u00fcckgabeabschnitt, den wir Ihnen zugesandt haben, vollst\u00e4ndig ausgef\u00fcllt und zusammen mit dem Produkt nach Unterzeichnung an uns zur\u00fcckgeschickt werden.<\/p><p>Da unsere Kunden jedoch in der TRNC und in \u00dcbersee keine Mehrwertsteuer in ihren Bestellungen zahlen, sind sie verpflichtet, die Steuern f\u00fcr die Produkte zu zahlen, die sie am Zoll erhalten haben. Die Kunden haben kein R\u00fccktrittsrecht f\u00fcr Produkte, die in irgendeiner Weise nicht vom Zoll erhalten wurden. Denn gem\u00e4\u00df Artikel 8 der VERORDNUNG \u00dcBER DIE PRAXISVERFAHREN UND GRUNDS\u00c4TZE VON VERTR\u00c4GEN IM FERNVERKEHR hat der Verbraucher das Recht, vom Vertrag zur\u00fcckzutreten, indem er die Ware innerhalb von sieben Tagen nach Erhalt ablehnt, ohne dass er daf\u00fcr rechtlich oder strafrechtlich haftbar gemacht werden kann und ohne dass es einer Begr\u00fcndung bedarf.<\/p><h2 class=\"wp-block-heading\">ARTIKEL 6 - PRODUKTE, DIE NICHT VERWENDET WERDEN K\u00d6NNEN WIDERRUFSRECHT<\/h2><p>Das Widerrufsrecht kann nicht f\u00fcr Produkte genutzt werden, die aufgrund ihrer Beschaffenheit nicht zur\u00fcckgegeben werden k\u00f6nnen, Einwegprodukte, abgelaufene Produkte. Die Inanspruchnahme des Widerrufsrechts f\u00fcr die folgenden Produkte h\u00e4ngt von der Bedingung ab, dass die Verpackung des Produkts unge\u00f6ffnet und unversehrt ist und das Produkt nicht benutzt wurde.<\/p><p>- Pflanzliche Tablettenprodukte&nbsp;<\/p><p>- Produkte, die aufgrund ihrer Beschaffenheit nicht zur\u00fcckgegeben werden k\u00f6nnen (au\u00dfer in F\u00e4llen, in denen das Produkt fehlerhaft oder defekt ist, Produkte, die nach dem \u00d6ffnen eine Gesundheitsgefahr darstellen, wie z. B. Produkte, die w\u00e4hrend des Gebrauchs einen Eins-zu-eins-Kontakt mit dem K\u00f6rper erfordern), Einwegprodukte, Produkte, die schnell verderben oder ablaufen und nicht zur\u00fcckgegeben werden k\u00f6nnen.<\/p><h2 class=\"wp-block-heading\">ARTIKEL 7 - VERZUGSBESTIMMUNGEN<\/h2><p>Erf\u00fcllen die Parteien ihre Verpflichtungen aus diesem Vertrag nicht, so gelten die Bestimmungen \u00fcber den Schuldnerverzug in den Artikeln 106-108 des Obligationenrechts. Im Falle des Verzugs, wenn eine Partei ihre Verpflichtungen innerhalb der Frist ohne berechtigten Grund nicht erf\u00fcllt, gibt die andere Partei der Partei, die ihre Leistung nicht erf\u00fcllt, eine Frist von 7 Tagen, um die betreffende Leistung zu erf\u00fcllen. Wird die Leistung nicht innerhalb dieser Frist erbracht, gilt die Partei, die ihre Leistung nicht erbringt, als in Verzug und der Gl\u00e4ubiger hat das Recht, die Lieferung der Waren zu verlangen, indem er die Erf\u00fcllung der Leistung und\/oder die Beendigung des Vertrags und die R\u00fcckgabe des Preises fordert.<\/p><p>Gem\u00e4\u00df dem letzten Absatz von Artikel 9 der Verordnung \u00fcber Fernabsatzvertr\u00e4ge verpflichtet sich der Verk\u00e4ufer \u201ewebsitesi.com\u201c, den Verbraucher vor Ablauf der vertraglichen Leistungsverpflichtung zu benachrichtigen, wenn er nicht in der Lage ist, seine Verpflichtungen aus dem Vertrag zu erf\u00fcllen, indem er behauptet, dass es unm\u00f6glich ist, die Waren oder Dienstleistungen, die Gegenstand der Bestellung sind, zu erf\u00fcllen (wenn das Produkt in keiner Weise vom Lieferanten geliefert werden kann). websitesi.com hat in diesem Fall das Recht, den Vertrag sofort zu k\u00fcndigen und verpflichtet sich, den Preis des vom Kunden bestellten Produkts und alle Dokumente, die ihn in die Pflicht nehmen, zur\u00fcckzugeben.<\/p><p>Wenn \u201ecoolsandalye.com\u201c kann nicht liefern das Produkt Gegenstand des Vertrages innerhalb der Frist aufgrund h\u00f6herer Gewalt, die \u201ecoolsandalye.com\u201c von der Erf\u00fcllung dieser Verpflichtung oder au\u00dfergew\u00f6hnliche Ereignisse wie Wetterbedingungen, die den Transport zu verhindern, Unterbrechung des Transports, Feuer, Erdbeben, \u00dcberschwemmung, In solchen F\u00e4llen kann der K\u00e4ufer eines der Rechte, die \u201ewebsitesi.com\u201c hat keine Verantwortung, Stornierung der Bestellung oder Verschiebung der Lieferzeit, bis die pr\u00e4ventive Situation beseitigt ist. Wenn der K\u00c4UFER die Bestellung storniert, wird der gezahlte Betrag innerhalb von 10 Tagen an ihn ausgezahlt (bei Ratenk\u00e4ufen per Kreditkarte wird das oben genannte Verfahren zur R\u00fcckgabe an die Kreditkarte vom K\u00c4UFER akzeptiert).<\/p><h2 class=\"wp-block-heading\">ARTIKEL 8 - ZUST\u00c4NDIGES GERICHT<\/h2><p>Bei der Durchf\u00fchrung dieses Vertrages sind Verbraucherschlichtungsaussch\u00fcsse und Verbrauchergerichte zur Beilegung von Streitigkeiten zwischen dem K\u00c4UFER und dem VERK\u00c4UFER bis zu dem vom Ministerium f\u00fcr Industrie und Handel bekannt gegebenen Wert zugelassen.<\/p><p>Im Falle der Ausf\u00fchrung der Bestellung wird davon ausgegangen, dass der K\u00c4UFER alle Bedingungen dieses Vertrages akzeptiert hat.<\/p>","protected":false},"excerpt":{"rendered":"<p>Mesafeli Sat\u0131\u015f S\u00f6zle\u015fmesi MADDE 1 &#8211; TARAFLAR 1.1.SATICI: Ad\u0131\/Unvan\u0131 : Cool Sandalye Adresi : Seyhan, 659\/5 No:25 i\u00e7 kap\u0131 No:1, 35380 Buca\/\u0130zmir Telefon : 0533 597 22 23 MADDE 2 &#8211; KONU \u0130\u015fbu s\u00f6zle\u015fmenin konusu, ALICI&#8217;n\u0131n SATICI&#8217;ya ait&nbsp; &#8220;coolsandalye.com&#8221; internet ali\u015fveri\u015f sitesinden elektronik ortamda sipari\u015fini yapt\u0131\u011f\u0131 a\u015fa\u011f\u0131da nitelikleri ve sat\u0131\u015f fiyat\u0131 belirtilen \u00fcr\u00fcn\u00fcn sat\u0131\u015f\u0131 ve teslimi ile ilgili olarak &#8220;4077\u2026<\/p>","protected":false},"author":1,"featured_media":0,"parent":0,"menu_order":0,"comment_status":"closed","ping_status":"open","template":"","meta":{"footnotes":""},"class_list":["post-6834","page","type-page","status-publish","hentry"],"_links":{"self":[{"href":"https:\/\/toptan.coolsandalye.com\/de\/wp-json\/wp\/v2\/pages\/6834","targetHints":{"allow":["GET"]}}],"collection":[{"href":"https:\/\/toptan.coolsandalye.com\/de\/wp-json\/wp\/v2\/pages"}],"about":[{"href":"https:\/\/toptan.coolsandalye.com\/de\/wp-json\/wp\/v2\/types\/page"}],"author":[{"embeddable":true,"href":"https:\/\/toptan.coolsandalye.com\/de\/wp-json\/wp\/v2\/users\/1"}],"replies":[{"embeddable":true,"href":"https:\/\/toptan.coolsandalye.com\/de\/wp-json\/wp\/v2\/comments?post=6834"}],"version-history":[{"count":1,"href":"https:\/\/toptan.coolsandalye.com\/de\/wp-json\/wp\/v2\/pages\/6834\/revisions"}],"predecessor-version":[{"id":6835,"href":"https:\/\/toptan.coolsandalye.com\/de\/wp-json\/wp\/v2\/pages\/6834\/revisions\/6835"}],"wp:attachment":[{"href":"https:\/\/toptan.coolsandalye.com\/de\/wp-json\/wp\/v2\/media?parent=6834"}],"curies":[{"name":"wp","href":"https:\/\/api.w.org\/{rel}","templated":true}]}}