{"id":6832,"date":"2024-07-15T16:24:29","date_gmt":"2024-07-15T13:24:29","guid":{"rendered":"https:\/\/toptan.coolsandalye.com\/?page_id=6832"},"modified":"2024-10-14T15:54:00","modified_gmt":"2024-10-14T12:54:00","slug":"garanti-iade-ve-iptal-sartlari","status":"publish","type":"page","link":"https:\/\/toptan.coolsandalye.com\/de\/garanti-iade-ve-iptal-sartlari\/","title":{"rendered":"Garantie-, R\u00fcckgabe- und Stornierungsbedingungen"},"content":{"rendered":"<h2 class=\"wp-block-heading\">Sicherheitspolitik<\/h2><p>In \u00dcbereinstimmung mit der Sicherheitspolitik unseres Unternehmens verwendet es die modernsten Sicherheitssysteme, um sicherzustellen, dass unsere Kunden sicher und bequem einkaufen k\u00f6nnen. Dank der 128-Bit-SSL-Verschl\u00fcsselung in unserem System sind Ihre Kreditkartendaten vor den Augen und Eingriffen Dritter gesch\u00fctzt. In allen Phasen des Bestellvorgangs ist der gesamte Informationsaustausch durch SSL gesichert und der gesamte Datenfluss wird verschl\u00fcsselt. Diese Verschl\u00fcsselung ist praktisch nicht zu knacken. Dank des SSL-Sicherheitsprotokolls werden die Kreditkartendaten, die Sie auf unserer Website eingeben, verschl\u00fcsselt an die Bank \u00fcbermittelt, und auch wir haben w\u00e4hrend dieses Vorgangs keinen Zugriff auf diese Daten.<\/p><p>Unsere Website speichert die Kreditkarteninformationen der Kunden nicht in ihrem System. Aus diesem Grund m\u00fcssen Sie zu Ihrer eigenen Sicherheit Ihre Kreditkartendaten bei jeder Bestellung erneut eingeben.<\/p><h2 class=\"wp-block-heading\">Garantiebedingungen<\/h2><p>Alle Produkte, die auf unserer Website verkauft werden, unterliegen der Cool Chair Garantie. Sie k\u00f6nnen das gekaufte Produkt innerhalb von sieben (7) Tagen ab dem Datum der Lieferung zur\u00fcckgeben, ohne das Produkt zu zerst\u00f6ren, zu benutzen oder die Wiederverk\u00e4uflichkeit zu st\u00f6ren, indem Sie den Grund daf\u00fcr angeben. Bei der Lieferung des Produkts m\u00fcssen jedoch die Rechnung des Produkts, das R\u00fcckgabeformular, der Karton, die Verpackung des Produkts und das Zubeh\u00f6r, falls vorhanden, vollst\u00e4ndig und unbesch\u00e4digt geliefert werden. Fehlt eine dieser Bestimmungen, wird die R\u00fcckgabe des Produkts nicht akzeptiert. Wenn das Produkt in \u00dcbereinstimmung mit den R\u00fcckgabebedingungen zur\u00fcckgegeben wird, wird der Produktbetrag zur\u00fcckerstattet. Die \u00dcberweisung der R\u00fcckerstattung auf Ihr Konto dauert 1-3 Wochen, abh\u00e4ngig von der Bank, mit der Sie arbeiten. Zahlungen per Bank\u00fcberweisung werden sp\u00e4testens innerhalb einer Woche auf dem Konto verbucht.<\/p><p>Bevor Sie das Produkt zur\u00fcckschicken, senden Sie uns bitte Ihren R\u00fcckgabeantrag \u00fcber unsere Whatsapp-Leitung und geben Sie den Grund an. Daraufhin wird das R\u00fcckgabeformular an Ihre E-Mail-Adresse geschickt. F\u00fcllen Sie dieses Formular aus und senden Sie es an uns. Dieses Formular wird von der Abteilung f\u00fcr technischen Service gepr\u00fcft und Ihnen zur Genehmigung vorgelegt. Nachdem Sie diese Genehmigung erhalten haben, senden Sie das Produkt zur\u00fcck.<\/p><p>Schicken Sie die zur\u00fcckzusendenden Produkte sofort nach Erhalt der Genehmigung an den technischen Kundendienst. F\u00fcr die R\u00fccksendung von Produkten, die mit Contracted Cargo versandt werden, wird keine Versandgeb\u00fchr erhoben. Gegengezahlte Sendungen mit anderen Frachtunternehmen werden nicht akzeptiert, die Versandkosten f\u00fcr solche Sendungen gehen zu Lasten des Absenders.&nbsp;<\/p><h2 class=\"wp-block-heading\">R\u00fcckgabebedingungen<\/h2><p>Achtung! Bitte geben Sie bei jeder Mitteilung zu Ihrer Bestellung Ihre Bestellnummer an. Die verkauften Produkte werden nicht zur\u00fcckgegeben, au\u00dfer unter den folgenden Bedingungen.<\/p><p>1. wenn das verkaufte Produkt (*) fehlerhaft ist,<\/p><p>(2) F\u00fcr den Fall, dass die Sendung w\u00e4hrend des Transports vom Frachtunternehmen (**) besch\u00e4digt wird und dieser Schaden festgestellt wird und das Produkt nicht vom K\u00e4ufer erhalten wird, wird der Schaden von uns kompensiert.<\/p><p>(*) F\u00fcr die Annahme Ihrer Anfrage im Falle von Problemen mit den Produkten (Probleme, die zum Zeitpunkt der Lieferung nicht erkannt werden k\u00f6nnen, sind in diesem Umfang enthalten);<\/p><p>a) Wenn die Rechnung auf Ihren Namen ausgestellt ist und Sie kein Steuerpflichtiger sind, werden unsere Rechnung und der Lieferschein auf Sie ausgestellt; wenn Sie ein Steuerpflichtiger sind oder die Rechnung Ihrer Bestellung auf Ihr Unternehmen ausgestellt wurde, m\u00fcssen Ihre Rechnung und der Lieferschein f\u00fcr das\/die Produkt(e), das\/die Sie zur\u00fccksenden, mit den Produkten versandt werden.<\/p><p>b) Der R\u00fcckgabeprozess muss innerhalb von zwei Tagen nach dem Lieferdatum eingeleitet werden.<\/p><p>c) Die zur\u00fcckgesandten Produkte m\u00fcssen mit dem f\u00fcr die Lieferung benutzten Unternehmen zur\u00fcckgesandt werden.<\/p><p>d) Nach Pr\u00fcfung der R\u00fcckgabeberechtigung werden die beanstandeten Produkte durch neue ersetzt, wenn sie den oben genannten Bedingungen entsprechen. In diesem Fall gehen alle Kosten f\u00fcr die R\u00fccksendung und den R\u00fccktransport zu unseren Lasten. Wenn die R\u00fccksendung des Produkts nicht den oben genannten Bedingungen entspricht, sind alle Kosten des R\u00fccksendeantrags vom Kunden selbst zu tragen.<\/p><p>(**) Bei Problemen, die durch das Zustellunternehmen verursacht werden, sollten besch\u00e4digte Pakete nicht entgegengenommen und dem Zustellunternehmen gemeldet werden. Wenn der Beamte des Zustellunternehmens der Meinung ist, dass das Paket nicht besch\u00e4digt ist, haben Sie das Recht, das Paket dort \u00f6ffnen zu lassen, um zu pr\u00fcfen, ob die Produkte unbesch\u00e4digt geliefert werden, und zu verlangen, dass die Situation mit einem Bericht festgestellt wird. Erst wenn das Paket bei Ihnen eingegangen ist, gilt es als angenommen, dass das Zustellunternehmen seine Pflicht ordnungsgem\u00e4\u00df erf\u00fcllt hat. Wenn das Paket nicht angenommen und ein Bericht erstellt wird, muss uns der Sachverhalt so schnell wie m\u00f6glich zusammen mit einer Kopie des Berichts gemeldet werden. Wir werden daf\u00fcr sorgen, dass so schnell wie m\u00f6glich eine neue und gesunde Lieferung erfolgt.<\/p><p>Kontaktieren Sie uns, um das Produkt zur\u00fcckzusenden.<\/p><h2 class=\"wp-block-heading\">Lieferbedingungen<\/h2><p>Die von Ihnen bestellten Produkte werden innerhalb von 5 Werktagen ab dem Datum der Genehmigung geliefert und versandt.<\/p><h2 class=\"wp-block-heading\">Rechte der Verbraucher<\/h2><p>Um einkaufen zu k\u00f6nnen, m\u00fcssen Sie Mitglied auf unserer Website sein. Die Mitgliedschaft auf unserer Website ist nicht kostenpflichtig. Es werden keine Verk\u00e4ufe an Personen get\u00e4tigt, die nicht Mitglied der Website sind.<\/p><p>Unser Unternehmen akzeptiert und verpflichtet sich im Voraus, in \u00dcbereinstimmung mit den Bestimmungen des Gesetzes Nr. 4077 \u00fcber den Verbraucherschutz, ge\u00e4ndert durch das Gesetz Nr. 4822, zu handeln.<\/p><h2 class=\"wp-block-heading\">Stornierung der Bestellung<\/h2><p>Sie k\u00f6nnen Ihren Kundenbetreuer f\u00fcr die Stornierung Ihrer Bestellung kontaktieren und den Stornierungsprozess durchf\u00fchren. Als Ergebnis des Stornierungsprozesses wird die R\u00fcckerstattung innerhalb von 3 (drei) Arbeitstagen nach der Stornierungsanfrage erfolgen.<\/p><p><\/p>","protected":false},"excerpt":{"rendered":"<p>G\u00fcvenlik Politikas\u0131 \u015eirketimizin G\u00fcvenlik Politikas\u0131 gere\u011fi; M\u00fc\u015fterilerimizin g\u00fcvenli bir \u015fekilde, rahat\u00e7a al\u0131\u015fveri\u015f yapabilmelerini sa\u011flamak i\u00e7in en geli\u015fmi\u015f g\u00fcvenlik sistemlerini kullanmaktad\u0131r. Sistemimizdeki 128 bit SSL sayesinde kredi kart\u0131 bilgileriniz \u00fc\u00e7\u00fcnc\u00fc \u015fah\u0131slar\u0131n g\u00f6z\u00fcnden ve m\u00fcdahalesinden korunmaktad\u0131r. Sipari\u015f i\u015flemlerinin b\u00fct\u00fcn a\u015famas\u0131nda t\u00fcm bilgi al\u0131\u015fveri\u015fi SSL g\u00fcvencesi alt\u0131ndad\u0131r ve t\u00fcm veri ak\u0131\u015f\u0131 \u015fifreli olarak yap\u0131lmaktad\u0131r. Bu, pratik olarak k\u0131r\u0131lmas\u0131 m\u00fcmk\u00fcn olmayan bir \u015fifrelemedir. SSL\u2026<\/p>","protected":false},"author":1,"featured_media":0,"parent":0,"menu_order":0,"comment_status":"closed","ping_status":"open","template":"","meta":{"footnotes":""},"class_list":["post-6832","page","type-page","status-publish","hentry"],"_links":{"self":[{"href":"https:\/\/toptan.coolsandalye.com\/de\/wp-json\/wp\/v2\/pages\/6832","targetHints":{"allow":["GET"]}}],"collection":[{"href":"https:\/\/toptan.coolsandalye.com\/de\/wp-json\/wp\/v2\/pages"}],"about":[{"href":"https:\/\/toptan.coolsandalye.com\/de\/wp-json\/wp\/v2\/types\/page"}],"author":[{"embeddable":true,"href":"https:\/\/toptan.coolsandalye.com\/de\/wp-json\/wp\/v2\/users\/1"}],"replies":[{"embeddable":true,"href":"https:\/\/toptan.coolsandalye.com\/de\/wp-json\/wp\/v2\/comments?post=6832"}],"version-history":[{"count":2,"href":"https:\/\/toptan.coolsandalye.com\/de\/wp-json\/wp\/v2\/pages\/6832\/revisions"}],"predecessor-version":[{"id":7979,"href":"https:\/\/toptan.coolsandalye.com\/de\/wp-json\/wp\/v2\/pages\/6832\/revisions\/7979"}],"wp:attachment":[{"href":"https:\/\/toptan.coolsandalye.com\/de\/wp-json\/wp\/v2\/media?parent=6832"}],"curies":[{"name":"wp","href":"https:\/\/api.w.org\/{rel}","templated":true}]}}