{"id":6830,"date":"2024-07-15T16:20:16","date_gmt":"2024-07-15T13:20:16","guid":{"rendered":"https:\/\/toptan.coolsandalye.com\/?page_id=6830"},"modified":"2024-10-14T15:53:28","modified_gmt":"2024-10-14T12:53:28","slug":"cool-sandalye-kisisel-verilerin-korunmasi-kanunu","status":"publish","type":"page","link":"https:\/\/toptan.coolsandalye.com\/de\/cool-sandalye-kisisel-verilerin-korunmasi-kanunu\/","title":{"rendered":"Cool Chair Gesetz zum Schutz personenbezogener Daten"},"content":{"rendered":"<p>Gem\u00e4\u00df dem Gesetz Nr. 6698 \u00fcber den Schutz personenbezogener Daten (\u201eKVKK\u201c) werden Ihre personenbezogenen Daten von unserem Unternehmen in seiner Eigenschaft als Datenverantwortlicher verarbeitet, indem Ihre personenbezogenen Daten je nach den Gesch\u00e4ftszwecken in dem unten beschriebenen Rahmen verwendet, erfasst, gespeichert, aufbewahrt, aktualisiert, \u00fcbertragen und\/oder klassifiziert werden.  In diesem Zusammenhang ergreift unser Unternehmen in \u00dcbereinstimmung mit den Gesetzen und Verordnungen, die es zum Schutz der Grundrechte und -freiheiten nat\u00fcrlicher Personen, insbesondere der Privatsph\u00e4re, und zum Schutz personenbezogener Daten erlassen hat, alle technischen und administrativen Ma\u00dfnahmen, um ein angemessenes Sicherheitsniveau zu gew\u00e4hrleisten, um eine unrechtm\u00e4\u00dfige Verarbeitung Ihrer personenbezogenen Daten zu verhindern, einen unrechtm\u00e4\u00dfigen Zugriff zu verhindern und ihre Aufbewahrung sicherzustellen.<\/p><p>Die Zielgruppe dieses Textes sind alle realen Personen, deren personenbezogene Daten von unserem Unternehmen verarbeitet werden, mit Ausnahme der Mitarbeiter unseres Unternehmens oder der Bewerber, die sich um eine Stelle bei unserem Unternehmen beworben haben.<\/p><p>Zu den personenbezogenen Daten, die in der Eigenschaft als f\u00fcr die Verarbeitung Verantwortlicher verarbeitet werden, geh\u00f6ren unter anderem die folgenden;<\/p><p>Name, Vorname, t\u00fcrkische ID-Nummer, Adresse, Telefonnummer, E-Mail-Adresse, Unterschrift, physischer Standort\/Sicherheitsvideoaufzeichnung, Sprachaufzeichnung des Callcenters\/der Servicequalit\u00e4t, Bankkontonummer, Cookie-Aufzeichnungen.<\/p><p><strong>Zwecke und rechtliche Gr\u00fcnde f\u00fcr die Verarbeitung personenbezogener Daten<\/strong>Ihre pers\u00f6nlichen Daten, die Sie uns mitteilen;<\/p><ul class=\"wp-block-list\"><li>novaBestimmung und Umsetzung der kommerziellen und gesch\u00e4ftlichen Strategien unseres Unternehmens, Durchf\u00fchrung von Marketingaktivit\u00e4ten, Durchf\u00fchrung von Gesch\u00e4ftsentwicklungs- und Planungsaktivit\u00e4ten, einschlie\u00dflich, aber nicht beschr\u00e4nkt auf die notwendigen Arbeiten, damit Sie und\/oder die Institutionen und Organisationen, die Sie vertreten, von den von unserem Unternehmen angebotenen Produkten und Dienstleistungen profitieren k\u00f6nnen,\n\n\u00dcbersetzt mit DeepL.com (kostenlose Version)<\/li>\n\n<li>Durchf\u00fchrung von Verwaltungsma\u00dfnahmen f\u00fcr die von unserem Unternehmen durchgef\u00fchrte Kommunikation,<\/li>\n\n<li>Gew\u00e4hrleistung der physischen Sicherheit und \u00dcberwachung der Standorte unseres Unternehmens im Einsatz,<\/li>\n\n<li>Aufbau von Beziehungen zu Gesch\u00e4ftspartnern\/Kunden\/Lieferanten (Bevollm\u00e4chtigte oder Mitarbeiter),<\/li>\n\n<li>Sicherstellung der vertraglichen Anforderungen und des finanziellen Abgleichs in Bezug auf die angebotenen Produkte und Dienstleistungen mit unseren Gesch\u00e4ftspartnern, Lieferanten oder anderen Drittparteien,<\/li>\n\n<li>Umsetzung der Personalpolitik unseres Unternehmens,<\/li>\n\n<li>Rufen Sie das Callcenter unseres Unternehmens an oder nutzen Sie die Website<\/li><\/ul><p>und\/oder<\/p><ul class=\"wp-block-list\"><li>Sie werden verarbeitet, um an Schulungen, Seminaren oder Organisationen teilzunehmen, die von unserem Unternehmen organisiert werden.<\/li><\/ul><p><strong>Verfahren zur Erhebung und Speicherung personenbezogener Daten<\/strong>Ihre personenbezogenen Daten, die Sie unserem Unternehmen mitteilen, k\u00f6nnen m\u00fcndlich, schriftlich oder elektronisch durch automatische oder nicht-automatische Methoden, B\u00fcros, Filialen, Callcenter, Website, Social-Media-Kan\u00e4le, mobile Anwendungen und \u00e4hnliche Mittel erfasst werden. Ihre personenbezogenen Daten werden in elektronischen und\/oder physischen Umgebungen gespeichert. Um zu gew\u00e4hrleisten, dass Ihre von unserem Unternehmen bereitgestellten und gespeicherten personenbezogenen Daten in den Umgebungen, in denen sie gespeichert werden, nicht dem unbefugten Zugriff, der Manipulation, dem Verlust und der Besch\u00e4digung ausgesetzt sind, werden die erforderlichen Gesch\u00e4ftsprozesse und technischen Sicherheitsinfrastrukturen entwickelt.<\/p><p>Ihre personenbezogenen Daten werden unter Anwendung aller erforderlichen Informationssicherheitsma\u00dfnahmen verarbeitet, sofern sie nicht au\u00dferhalb der Ihnen mitgeteilten Zwecke und des Umfangs verwendet werden, und werden w\u00e4hrend der gesetzlichen Aufbewahrungsfrist oder, falls eine solche nicht vorgesehen ist, f\u00fcr den Zeitraum gespeichert und verarbeitet, der f\u00fcr den Zweck der Verarbeitung erforderlich ist. Nach Ablauf dieser Frist werden Ihre personenbezogenen Daten durch L\u00f6schung, Vernichtung oder Anonymisierung aus den Datenstr\u00f6men unseres Unternehmens entfernt.<\/p><p><strong>\u00dcbermittlung von personenbezogenen Daten<\/strong>;<\/p><p>Ihre pers\u00f6nlichen Daten im Rahmen der Gesetze und anderer Rechtsvorschriften und zu den beschriebenen Zwecken;<\/p><ul class=\"wp-block-list\"><li>Die von uns bevollm\u00e4chtigten Unternehmen, die im Namen und auf Rechnung unserer Gesellschaft handeln, unsere Vertreter,<\/li>\n\n<li>Regulierungs- und Aufsichtsbeh\u00f6rden, \u00f6ffentliche Einrichtungen oder Organisationen, die nach dem f\u00fcr sie geltenden Recht ausdr\u00fccklich befugt sind, Ihre personenbezogenen Daten anzufordern,<\/li>\n\n<li>Personengesellschaften, Zulieferer- und Auftragnehmerfirmen, Banken, Kredit- und Finanzinstitute und andere nat\u00fcrliche oder juristische Personen im Rahmen der angegebenen Zwecke,<\/li>\n\n<li>Die Daten k\u00f6nnen an Steuerberater und \u00e4hnliche Berater, obligatorische Personen, Institutionen und Organisationen im Zusammenhang mit Rechtsverfolgungsprozessen, Institutionen und Organisationen und Dritte, von denen wir beraten werden, einschlie\u00dflich Wirtschaftspr\u00fcfer, und, ohne Einschr\u00e4nkung, an Gesch\u00e4ftspartner, Dritte, von denen wir Dienstleistungen erhalten, autorisierte Personen und Organisationen zu den oben genannten Zwecken im In- und Ausland \u00fcbermittelt werden.<\/li><\/ul><p><strong>Erfahren Sie, zu welchem Zweck die Daten verarbeitet werden und ob sie f\u00fcr den vorgesehenen Zweck verwendet werden,<\/strong>Wenn Sie sich bei unserem Unternehmen bewerben, werden Ihre pers\u00f6nlichen Daten gespeichert;<\/p><ol class=\"wp-block-list\"><li>Lernen, ob es verarbeitet wird oder nicht,<\/li>\n\n<li>Fordern Sie keine Informationen an, wenn sie bereits bearbeitet wurden,<\/li>\n\n<li>Learn the purpose of processing and whether it is used for its intended purpose,<\/li>\n\n<li>Kenntnis der Dritten, an die sie im In- und Ausland weitergegeben werden,<\/li>\n\n<li>Beantragen Sie eine Korrektur, wenn die Daten unvollst\u00e4ndig sind oder nicht korrekt verarbeitet wurden,<\/li>\n\n<li>Beantragung der L\u00f6schung\/Vernichtung im Rahmen der in Artikel 7 der KVKK festgelegten Bedingungen,<\/li>\n\n<li>die Benachrichtigung der Dritten, an die die Daten \u00fcbermittelt werden, \u00fcber die gem\u00e4\u00df den Buchstaben e) und f) durchgef\u00fchrten Transaktionen zu verlangen,<\/li>\n\n<li>Einspruch gegen ein f\u00fcr Sie nachteiliges Ergebnis, das sich aus der ausschlie\u00dflichen Auswertung durch automatisierte Systeme ergibt,<\/li>\n\n<li>Wenn Sie aufgrund einer unrechtm\u00e4\u00dfigen Verarbeitung einen Schaden erleiden, haben Sie das Recht, Ersatz f\u00fcr diesen Schaden zu verlangen.<\/li><\/ol><p>Gem\u00e4\u00df Artikel 13 Absatz 1 des KVK-Gesetzes k\u00f6nnen Sie Ihren Antrag auf Aus\u00fcbung Ihrer oben genannten Rechte schriftlich oder auf andere vom Datenschutzausschuss festgelegte Weise an unser Unternehmen richten.<\/p><p>Um Ihre oben genannten Rechte auszu\u00fcben, k\u00f6nnen Sie Ihre Petition mit den erforderlichen Angaben zu Ihrer Identit\u00e4t pers\u00f6nlich abgeben, sie \u00fcber einen Notar oder andere vom Datenschutzausschuss festgelegte Methoden senden oder sie mit einer sicheren elektronischen Signatur an info@toptan.coolsandalye.com senden.<\/p><p><\/p>","protected":false},"excerpt":{"rendered":"<p>6698 say\u0131l\u0131 Ki\u015fisel Verilerin Korunmas\u0131 Kanunu (\u201cKVKK\u201d) uyar\u0131nca, \u015eirketimiz taraf\u0131ndan, Veri Sorumlusu s\u0131fat\u0131yla, ki\u015fisel verileriniz, i\u015f ama\u00e7lar\u0131yla ba\u011fl\u0131 olarak, a\u015fa\u011f\u0131da a\u00e7\u0131kland\u0131\u011f\u0131 \u00e7er\u00e7evede kullan\u0131lmak, kaydedilmek, saklanmak, g\u00fcncellenmek, aktar\u0131lmak ve\/veya s\u0131n\u0131fland\u0131r\u0131lmak suretiyle i\u015flenecektir.&nbsp; Bu kapsamda \u015eirketimiz taraf\u0131ndan ba\u015fta \u00f6zel hayat\u0131n gizlili\u011fi olmak \u00fczere, ki\u015filerin temel hak ve \u00f6zg\u00fcrl\u00fcklerini korumak ve ki\u015fisel verilerin korunmas\u0131 amac\u0131yla d\u00fczenlenen Kanun ve Y\u00f6netmelikler gere\u011fince \u015eirketimiz, ki\u015fisel verilerinizin\u2026<\/p>","protected":false},"author":1,"featured_media":0,"parent":0,"menu_order":0,"comment_status":"closed","ping_status":"open","template":"","meta":{"footnotes":""},"class_list":["post-6830","page","type-page","status-publish","hentry"],"_links":{"self":[{"href":"https:\/\/toptan.coolsandalye.com\/de\/wp-json\/wp\/v2\/pages\/6830","targetHints":{"allow":["GET"]}}],"collection":[{"href":"https:\/\/toptan.coolsandalye.com\/de\/wp-json\/wp\/v2\/pages"}],"about":[{"href":"https:\/\/toptan.coolsandalye.com\/de\/wp-json\/wp\/v2\/types\/page"}],"author":[{"embeddable":true,"href":"https:\/\/toptan.coolsandalye.com\/de\/wp-json\/wp\/v2\/users\/1"}],"replies":[{"embeddable":true,"href":"https:\/\/toptan.coolsandalye.com\/de\/wp-json\/wp\/v2\/comments?post=6830"}],"version-history":[{"count":2,"href":"https:\/\/toptan.coolsandalye.com\/de\/wp-json\/wp\/v2\/pages\/6830\/revisions"}],"predecessor-version":[{"id":7980,"href":"https:\/\/toptan.coolsandalye.com\/de\/wp-json\/wp\/v2\/pages\/6830\/revisions\/7980"}],"wp:attachment":[{"href":"https:\/\/toptan.coolsandalye.com\/de\/wp-json\/wp\/v2\/media?parent=6830"}],"curies":[{"name":"wp","href":"https:\/\/api.w.org\/{rel}","templated":true}]}}