{"id":6724,"date":"2024-07-08T14:12:11","date_gmt":"2024-07-08T11:12:11","guid":{"rendered":"https:\/\/toptan.coolsandalye.com\/?page_id=6724"},"modified":"2025-06-24T16:40:45","modified_gmt":"2025-06-24T13:40:45","slug":"teklif-al","status":"publish","type":"page","link":"https:\/\/toptan.coolsandalye.com\/de\/teklif-al\/","title":{"rendered":"Angebot erhalten"},"content":{"rendered":"<div data-elementor-type=\"wp-page\" data-elementor-id=\"6724\" class=\"elementor elementor-6724\" data-elementor-post-type=\"page\">\n\t\t\t\t\t\t<section class=\"elementor-section elementor-top-section elementor-element elementor-element-61fa554 elementor-section-boxed elementor-section-height-default elementor-section-height-default\" data-id=\"61fa554\" data-element_type=\"section\" data-settings=\"{&quot;background_background&quot;:&quot;gradient&quot;}\">\n\t\t\t\t\t\t<div class=\"elementor-container elementor-column-gap-default\">\n\t\t\t\t\t<div class=\"elementor-column elementor-col-100 elementor-top-column elementor-element elementor-element-5efcf17 kitify-col-width-auto-no kitify-disable-relative-no\" data-id=\"5efcf17\" data-element_type=\"column\">\n\t\t\t<div class=\"elementor-widget-wrap elementor-element-populated\">\n\t\t\t\t\t\t<div class=\"elementor-element elementor-element-87fe017 elementor-widget elementor-widget-heading\" data-id=\"87fe017\" data-element_type=\"widget\" data-widget_type=\"heading.default\">\n\t\t\t\t<div class=\"elementor-widget-container\">\n\t\t\t<h2 class=\"elementor-heading-title elementor-size-default\">Angebot erhalten<\/h2>\t\t<\/div>\n\t\t\t\t<\/div>\n\t\t\t\t<div class=\"elementor-element elementor-element-e1b9947 kitify-breadcrumbs-align-center kitify-breadcrumbs-align-tablet-center elementor-widget kitify elementor-kitify-breadcrumbs\" data-id=\"e1b9947\" data-element_type=\"widget\" data-widget_type=\"kitify-breadcrumbs.default\">\n\t\t\t\t<div class=\"elementor-widget-container\">\n\t\t\t\n\t\t<div class=\"kitify-breadcrumbs\">\n\t\t<div class=\"kitify-breadcrumbs__content\">\n\t\t<div class=\"kitify-breadcrumbs__wrap\"><div class=\"kitify-breadcrumbs__item\"><a href=\"https:\/\/toptan.coolsandalye.com\/de\/\" class=\"kitify-breadcrumbs__item-link is-home\" rel=\"home\" title=\"Home\">Home<\/a><\/div>\n\t\t<\/div>\n\t\t<\/div>\n\t\t<\/div>\t\t<\/div>\n\t\t\t\t<\/div>\n\t\t\t\t\t<\/div>\n\t\t<\/div>\n\t\t\t\t\t<\/div>\n\t\t<\/section>\n\t\t\t\t<section class=\"elementor-section elementor-top-section elementor-element elementor-element-708a18b elementor-reverse-mobile elementor-section-boxed elementor-section-height-default elementor-section-height-default\" data-id=\"708a18b\" data-element_type=\"section\" data-settings=\"{&quot;background_background&quot;:&quot;classic&quot;}\">\n\t\t\t\t\t\t<div class=\"elementor-container elementor-column-gap-default\">\n\t\t\t\t\t<div class=\"elementor-column elementor-col-50 elementor-top-column elementor-element elementor-element-3faed17 kitify-col-width-auto-no kitify-disable-relative-no\" data-id=\"3faed17\" data-element_type=\"column\">\n\t\t\t<div class=\"elementor-widget-wrap elementor-element-populated\">\n\t\t\t\t\t\t<div class=\"elementor-element elementor-element-4c0cd62 elementor-widget elementor-widget-image\" data-id=\"4c0cd62\" data-element_type=\"widget\" data-widget_type=\"image.default\">\n\t\t\t\t<div class=\"elementor-widget-container\">\n\t\t\t\t\t\t\t\t\t\t\t\t\t<img fetchpriority=\"high\" decoding=\"async\" width=\"1024\" height=\"1024\" src=\"https:\/\/toptan.coolsandalye.com\/wp-content\/uploads\/2024\/08\/IMG_0002-2-1024x1024.jpg\" class=\"attachment-large size-large wp-image-7494\" alt=\"\" srcset=\"https:\/\/toptan.coolsandalye.com\/wp-content\/uploads\/2024\/08\/IMG_0002-2-1024x1024.jpg 1024w, https:\/\/toptan.coolsandalye.com\/wp-content\/uploads\/2024\/08\/IMG_0002-2-300x300.jpg 300w, https:\/\/toptan.coolsandalye.com\/wp-content\/uploads\/2024\/08\/IMG_0002-2-150x150.jpg 150w, https:\/\/toptan.coolsandalye.com\/wp-content\/uploads\/2024\/08\/IMG_0002-2-768x768.jpg 768w, https:\/\/toptan.coolsandalye.com\/wp-content\/uploads\/2024\/08\/IMG_0002-2-1536x1536.jpg 1536w, https:\/\/toptan.coolsandalye.com\/wp-content\/uploads\/2024\/08\/IMG_0002-2-2048x2048.jpg 2048w, https:\/\/toptan.coolsandalye.com\/wp-content\/uploads\/2024\/08\/IMG_0002-2-700x700.jpg 700w, https:\/\/toptan.coolsandalye.com\/wp-content\/uploads\/2024\/08\/IMG_0002-2-1000x1000.jpg 1000w, https:\/\/toptan.coolsandalye.com\/wp-content\/uploads\/2024\/08\/IMG_0002-2-250x250.jpg 250w, https:\/\/toptan.coolsandalye.com\/wp-content\/uploads\/2024\/08\/IMG_0002-2-50x50.jpg 50w, https:\/\/toptan.coolsandalye.com\/wp-content\/uploads\/2024\/08\/IMG_0002-2-100x100.jpg 100w\" sizes=\"(max-width: 1024px) 100vw, 1024px\" \/>\t\t\t\t\t\t\t\t\t\t\t\t\t<\/div>\n\t\t\t\t<\/div>\n\t\t\t\t\t<\/div>\n\t\t<\/div>\n\t\t\t\t<div class=\"elementor-column elementor-col-50 elementor-top-column elementor-element elementor-element-fd81db4 kitify-col-width-auto-no kitify-disable-relative-no\" data-id=\"fd81db4\" data-element_type=\"column\">\n\t\t\t<div class=\"elementor-widget-wrap elementor-element-populated\">\n\t\t\t\t\t\t<div class=\"elementor-element elementor-element-7b969fb elementor-invisible kitify-has-entrance-animation elementor-widget elementor-widget-heading\" data-id=\"7b969fb\" data-element_type=\"widget\" data-settings=\"{&quot;_animation&quot;:&quot;kitifyShortFadeInUp&quot;}\" data-widget_type=\"heading.default\">\n\t\t\t\t<div class=\"elementor-widget-container\">\n\t\t\t<h2 class=\"elementor-heading-title elementor-size-default\">ANGEBOTE ERHALTEN<\/h2>\t\t<\/div>\n\t\t\t\t<\/div>\n\t\t\t\t<div class=\"elementor-element elementor-element-832339d elementor-widget-divider--view-line elementor-widget elementor-widget-divider\" data-id=\"832339d\" data-element_type=\"widget\" data-widget_type=\"divider.default\">\n\t\t\t\t<div class=\"elementor-widget-container\">\n\t\t\t\t\t<div class=\"elementor-divider\">\n\t\t\t<span class=\"elementor-divider-separator\">\n\t\t\t\t\t\t<\/span>\n\t\t<\/div>\n\t\t\t\t<\/div>\n\t\t\t\t<\/div>\n\t\t\t\t<div class=\"elementor-element elementor-element-53efb51 elementor-widget__width-initial elementor-widget elementor-widget-heading\" data-id=\"53efb51\" data-element_type=\"widget\" data-widget_type=\"heading.default\">\n\t\t\t\t<div class=\"elementor-widget-container\">\n\t\t\t<p class=\"elementor-heading-title elementor-size-default\">Als Cool Chair bieten wir qualitativ hochwertige und individuelle L\u00f6sungen f\u00fcr Holzst\u00fchle, Tische und \u00e4hnliche Produkte. Wir bieten Ihnen gerne Sonderangebote f\u00fcr Ihre Gro\u00dfauftr\u00e4ge. Sie k\u00f6nnen mit uns Kontakt aufnehmen, indem Sie das untenstehende Formular ausf\u00fcllen.<\/p>\t\t<\/div>\n\t\t\t\t<\/div>\n\t\t\t\t<div class=\"elementor-element elementor-element-3cb7831 elementor-widget elementor-widget-wpforms\" data-id=\"3cb7831\" data-element_type=\"widget\" data-widget_type=\"wpforms.default\">\n\t\t\t\t<div class=\"elementor-widget-container\">\n\t\t\t<style id=\"wpforms-css-vars-root\">\n\t\t\t\t:root {\n\t\t\t\t\t--wpforms-field-border-radius: 3px;\n--wpforms-field-background-color: #ffffff;\n--wpforms-field-border-color: rgba( 0, 0, 0, 0.25 );\n--wpforms-field-text-color: rgba( 0, 0, 0, 0.7 );\n--wpforms-label-color: rgba( 0, 0, 0, 0.85 );\n--wpforms-label-sublabel-color: rgba( 0, 0, 0, 0.55 );\n--wpforms-label-error-color: #d63637;\n--wpforms-button-border-radius: 3px;\n--wpforms-button-background-color: #066aab;\n--wpforms-button-text-color: #ffffff;\n--wpforms-page-break-color: #066aab;\n--wpforms-field-size-input-height: 43px;\n--wpforms-field-size-input-spacing: 15px;\n--wpforms-field-size-font-size: 16px;\n--wpforms-field-size-line-height: 19px;\n--wpforms-field-size-padding-h: 14px;\n--wpforms-field-size-checkbox-size: 16px;\n--wpforms-field-size-sublabel-spacing: 5px;\n--wpforms-field-size-icon-size: 1;\n--wpforms-label-size-font-size: 16px;\n--wpforms-label-size-line-height: 19px;\n--wpforms-label-size-sublabel-font-size: 14px;\n--wpforms-label-size-sublabel-line-height: 17px;\n--wpforms-button-size-font-size: 17px;\n--wpforms-button-size-height: 41px;\n--wpforms-button-size-padding-h: 15px;\n--wpforms-button-size-margin-top: 10px;\n\n\t\t\t\t}\n\t\t\t<\/style><style id=\"wpforms-css-vars-elementor-widget-3cb7831\">\n\t\t\t\t.elementor-widget-wpforms.elementor-element-3cb7831 {\n\t\t\t\t\t--wpforms-field-border-radius: 5px;\n--wpforms-field-border-color: #00000026;\n--wpforms-button-border-radius: 5px;\n--wpforms-button-background-color: #C72127;\n--wpforms-field-size-input-height: 43px;\n--wpforms-field-size-input-spacing: 15px;\n--wpforms-field-size-font-size: 16px;\n--wpforms-field-size-line-height: 19px;\n--wpforms-field-size-padding-h: 14px;\n--wpforms-field-size-checkbox-size: 16px;\n--wpforms-field-size-sublabel-spacing: 5px;\n--wpforms-field-size-icon-size: 1;\n--wpforms-label-size-font-size: 14px;\n--wpforms-label-size-line-height: 17px;\n--wpforms-label-size-sublabel-font-size: 13px;\n--wpforms-label-size-sublabel-line-height: 16px;\n--wpforms-button-size-font-size: 17px;\n--wpforms-button-size-height: 41px;\n--wpforms-button-size-padding-h: 15px;\n--wpforms-button-size-margin-top: 10px;\n\n\t\t\t\t}\n\t\t\t<\/style><div class=\"wpforms-container wpforms-container-full wpforms-render-modern\" id=\"wpforms-6763\"><form id=\"wpforms-form-6763\" class=\"wpforms-validate wpforms-form wpforms-ajax-form\" data-formid=\"6763\" method=\"post\" enctype=\"multipart\/form-data\" action=\"\/de\/wp-json\/wp\/v2\/pages\/6724\" data-trp-original-action=\"\/de\/wp-json\/wp\/v2\/pages\/6724\"><noscript class=\"wpforms-error-noscript\">Bitte aktiviere JavaScript in deinem Browser, um dieses Formular fertigzustellen.<\/noscript><div class=\"wpforms-hidden\" id=\"wpforms-error-noscript\">Bitte aktiviere JavaScript in deinem Browser, um dieses Formular fertigzustellen.<\/div><div class=\"wpforms-field-container\"><div id=\"wpforms-6763-field_1-container\" class=\"wpforms-field wpforms-field-name\" data-field-id=\"1\"><label class=\"wpforms-field-label\" for=\"wpforms-6763-field_1\">Name Nachname <span class=\"wpforms-required-label\" aria-hidden=\"true\">*<\/span><\/label><input type=\"text\" id=\"wpforms-6763-field_1\" class=\"wpforms-field-large wpforms-field-required\" name=\"wpforms[fields][1]\" aria-errormessage=\"wpforms-6763-field_1-error\" required><\/div><div id=\"wpforms-6763-field_6-container\" class=\"wpforms-field wpforms-field-layout\" data-field-id=\"6\"><label class=\"wpforms-field-label wpforms-label-hide\" for=\"wpforms-6763-field_6\" aria-hidden=\"false\">Abrechnung<\/label><div class=\"wpforms-field-layout-columns wpforms-field-layout-preset-50-50\"><div class=\"wpforms-layout-column wpforms-layout-column-50\"><div id=\"wpforms-6763-field_3-container\" class=\"wpforms-field wpforms-field-email\" data-field-id=\"3\"><label class=\"wpforms-field-label\" for=\"wpforms-6763-field_3\">Email <span class=\"wpforms-required-label\" aria-hidden=\"true\">*<\/span><\/label><input type=\"email\" id=\"wpforms-6763-field_3\" class=\"wpforms-field-large wpforms-field-required\" name=\"wpforms[fields][3]\" spellcheck=\"false\" aria-errormessage=\"wpforms-6763-field_3-error\" required><\/div><div id=\"wpforms-6763-field_9-container\" class=\"wpforms-field wpforms-field-text\" data-field-id=\"9\"><label class=\"wpforms-field-label\" for=\"wpforms-6763-field_9\">Produktname <span class=\"wpforms-required-label\" aria-hidden=\"true\">*<\/span><\/label><input type=\"text\" id=\"wpforms-6763-field_9\" class=\"wpforms-field-medium wpforms-field-required\" name=\"wpforms[fields][9]\" aria-errormessage=\"wpforms-6763-field_9-error\" required><\/div><\/div><div class=\"wpforms-layout-column wpforms-layout-column-50\"><div id=\"wpforms-6763-field_2-container\" class=\"wpforms-field wpforms-field-phone\" data-field-id=\"2\"><label class=\"wpforms-field-label\" for=\"wpforms-6763-field_2\">Telefon <span class=\"wpforms-required-label\" aria-hidden=\"true\">*<\/span><\/label><input type=\"tel\" id=\"wpforms-6763-field_2\" class=\"wpforms-field-large wpforms-field-required wpforms-smart-phone-field\" data-rule-smart-phone-field=\"true\" name=\"wpforms[fields][2]\" aria-errormessage=\"wpforms-6763-field_2-error\" required><\/div><div id=\"wpforms-6763-field_10-container\" class=\"wpforms-field wpforms-field-text\" data-field-id=\"10\"><label class=\"wpforms-field-label\" for=\"wpforms-6763-field_10\">Produktmenge <span class=\"wpforms-required-label\" aria-hidden=\"true\">*<\/span><\/label><input type=\"text\" id=\"wpforms-6763-field_10\" class=\"wpforms-field-medium wpforms-field-required\" name=\"wpforms[fields][10]\" aria-errormessage=\"wpforms-6763-field_10-error\" required><\/div><\/div><\/div><\/div><div id=\"wpforms-6763-field_4-container\" class=\"wpforms-field wpforms-field-textarea\" data-field-id=\"4\"><label class=\"wpforms-field-label\" for=\"wpforms-6763-field_4\">Ihre Nachricht <span class=\"wpforms-required-label\" aria-hidden=\"true\">*<\/span><\/label><textarea id=\"wpforms-6763-field_4\" class=\"wpforms-field-medium wpforms-field-required\" name=\"wpforms[fields][4]\" aria-errormessage=\"wpforms-6763-field_4-error\" aria-describedby=\"wpforms-6763-field_4-description\" required><\/textarea><div id=\"wpforms-6763-field_4-description\" class=\"wpforms-field-description\">** F\u00fcr Gro\u00dfeink\u00e4ufe sind mindestens 50 Produkte erforderlich. Sie k\u00f6nnen unsere Produkte Seite f\u00fcr kleinere Auftr\u00e4ge besuchen.<\/div><\/div><\/div><!-- .wpforms-field-container --><div class=\"wpforms-recaptcha-container wpforms-is-recaptcha wpforms-is-recaptcha-type-v3\" ><input type=\"hidden\" name=\"wpforms[recaptcha]\" value=\"\"><\/div><div class=\"wpforms-submit-container\" ><input type=\"hidden\" name=\"wpforms[id]\" value=\"6763\"><input type=\"hidden\" name=\"wpforms[author]\" value=\"1\"><input type=\"hidden\" class=\"wpforms-token\" name=\"wpforms[token]\" value=\"82c93f91c26ba96ee082beab38eefa5d\" \/><button type=\"submit\" name=\"wpforms[submit]\" id=\"wpforms-submit-6763\" class=\"wpforms-submit\" data-alt-text=\"G\u00f6nderiliyor...\" data-submit-text=\"G\u00f6nder\" aria-live=\"assertive\" value=\"wpforms-submit\">Senden Sie<\/button><img decoding=\"async\" src=\"https:\/\/toptan.coolsandalye.com\/wp-content\/plugins\/wpforms\/assets\/images\/submit-spin.svg\" class=\"wpforms-submit-spinner\" style=\"display: none;\" width=\"26\" height=\"26\" alt=\"Wird geladen\"><\/div><input type=\"hidden\" name=\"trp-form-language\" value=\"de\"\/><\/form><\/div>  <!-- .wpforms-container -->\t\t<\/div>\n\t\t\t\t<\/div>\n\t\t\t\t\t<\/div>\n\t\t<\/div>\n\t\t\t\t\t<\/div>\n\t\t<\/section>\n\t\t\t\t<\/div>","protected":false},"excerpt":{"rendered":"<p>Home TEKL\u0130F ALIN Cool Sandalye olarak ah\u015fap sandalye, masa ve benzeri \u00fcr\u00fcnlerde y\u00fcksek kaliteli ve \u00f6zelle\u015ftirilebilir \u00e7\u00f6z\u00fcmler sunuyoruz. B\u00fcy\u00fck sipari\u015fleriniz i\u00e7in size \u00f6zel teklifler sunmaktan memnuniyet duyar\u0131z. A\u015fa\u011f\u0131daki formu doldurarak bizimle ileti\u015fime ge\u00e7ebilirsiniz. Bu formu bitirebilmek i\u00e7in taray\u0131c\u0131n\u0131zda JavaScript&#039;i etkinle\u015ftirin.Bu formu bitirebilmek i\u00e7in taray\u0131c\u0131n\u0131zda JavaScript&#039;i etkinle\u015ftirin.\u0130sim Soyisim *Yerle\u015fimEmail *\u00dcr\u00fcn Ad\u0131 *Telefon *\u00dcr\u00fcn Adet *Mesaj\u0131n\u0131z *** Toplu al\u0131mlarda minimum 50 adet\u2026<\/p>","protected":false},"author":1,"featured_media":0,"parent":0,"menu_order":0,"comment_status":"closed","ping_status":"closed","template":"elementor_header_footer","meta":{"footnotes":""},"class_list":["post-6724","page","type-page","status-publish","hentry"],"_links":{"self":[{"href":"https:\/\/toptan.coolsandalye.com\/de\/wp-json\/wp\/v2\/pages\/6724","targetHints":{"allow":["GET"]}}],"collection":[{"href":"https:\/\/toptan.coolsandalye.com\/de\/wp-json\/wp\/v2\/pages"}],"about":[{"href":"https:\/\/toptan.coolsandalye.com\/de\/wp-json\/wp\/v2\/types\/page"}],"author":[{"embeddable":true,"href":"https:\/\/toptan.coolsandalye.com\/de\/wp-json\/wp\/v2\/users\/1"}],"replies":[{"embeddable":true,"href":"https:\/\/toptan.coolsandalye.com\/de\/wp-json\/wp\/v2\/comments?post=6724"}],"version-history":[{"count":31,"href":"https:\/\/toptan.coolsandalye.com\/de\/wp-json\/wp\/v2\/pages\/6724\/revisions"}],"predecessor-version":[{"id":11768,"href":"https:\/\/toptan.coolsandalye.com\/de\/wp-json\/wp\/v2\/pages\/6724\/revisions\/11768"}],"wp:attachment":[{"href":"https:\/\/toptan.coolsandalye.com\/de\/wp-json\/wp\/v2\/media?parent=6724"}],"curies":[{"name":"wp","href":"https:\/\/api.w.org\/{rel}","templated":true}]}}