{"id":6663,"date":"2024-07-08T11:47:04","date_gmt":"2024-07-08T08:47:04","guid":{"rendered":"https:\/\/toptan.coolsandalye.com\/?page_id=6663"},"modified":"2025-06-24T17:20:39","modified_gmt":"2025-06-24T14:20:39","slug":"metal-kromaj","status":"publish","type":"page","link":"https:\/\/toptan.coolsandalye.com\/de\/metal-kromaj\/","title":{"rendered":"Metallverchromung"},"content":{"rendered":"<div data-elementor-type=\"wp-page\" data-elementor-id=\"6663\" class=\"elementor elementor-6663\" data-elementor-post-type=\"page\">\n\t\t\t\t\t\t<section class=\"elementor-section elementor-top-section elementor-element elementor-element-dd942a1 elementor-section-boxed elementor-section-height-default elementor-section-height-default\" data-id=\"dd942a1\" data-element_type=\"section\" data-settings=\"{&quot;background_background&quot;:&quot;gradient&quot;}\">\n\t\t\t\t\t\t<div class=\"elementor-container elementor-column-gap-default\">\n\t\t\t\t\t<div class=\"elementor-column elementor-col-100 elementor-top-column elementor-element elementor-element-ab03faf kitify-col-width-auto-no kitify-disable-relative-no\" data-id=\"ab03faf\" data-element_type=\"column\">\n\t\t\t<div class=\"elementor-widget-wrap elementor-element-populated\">\n\t\t\t\t\t\t<div class=\"elementor-element elementor-element-f33a650 elementor-widget elementor-widget-heading\" data-id=\"f33a650\" data-element_type=\"widget\" data-widget_type=\"heading.default\">\n\t\t\t\t<div class=\"elementor-widget-container\">\n\t\t\t<h2 class=\"elementor-heading-title elementor-size-default\">Metallverchromung<\/h2>\t\t<\/div>\n\t\t\t\t<\/div>\n\t\t\t\t<div class=\"elementor-element elementor-element-601c487 kitify-breadcrumbs-align-center kitify-breadcrumbs-align-tablet-center elementor-widget kitify elementor-kitify-breadcrumbs\" data-id=\"601c487\" data-element_type=\"widget\" data-widget_type=\"kitify-breadcrumbs.default\">\n\t\t\t\t<div class=\"elementor-widget-container\">\n\t\t\t\n\t\t<div class=\"kitify-breadcrumbs\">\n\t\t<div class=\"kitify-breadcrumbs__content\">\n\t\t<div class=\"kitify-breadcrumbs__wrap\"><div class=\"kitify-breadcrumbs__item\"><a href=\"https:\/\/toptan.coolsandalye.com\/de\/\" class=\"kitify-breadcrumbs__item-link is-home\" rel=\"home\" title=\"Home\">Home<\/a><\/div>\n\t\t<\/div>\n\t\t<\/div>\n\t\t<\/div>\t\t<\/div>\n\t\t\t\t<\/div>\n\t\t\t\t\t<\/div>\n\t\t<\/div>\n\t\t\t\t\t<\/div>\n\t\t<\/section>\n\t\t\t\t<section class=\"elementor-section elementor-top-section elementor-element elementor-element-916ef45 elementor-section-boxed elementor-section-height-default elementor-section-height-default\" data-id=\"916ef45\" data-element_type=\"section\" data-settings=\"{&quot;background_background&quot;:&quot;classic&quot;}\">\n\t\t\t\t\t\t<div class=\"elementor-container elementor-column-gap-default\">\n\t\t\t\t\t<div class=\"elementor-column elementor-col-100 elementor-top-column elementor-element elementor-element-94eec47 kitify-col-width-auto-no kitify-disable-relative-no\" data-id=\"94eec47\" data-element_type=\"column\">\n\t\t\t<div class=\"elementor-widget-wrap elementor-element-populated\">\n\t\t\t\t\t\t<div class=\"elementor-element elementor-element-d0da4a5 elementor-widget elementor-widget-heading\" data-id=\"d0da4a5\" data-element_type=\"widget\" data-widget_type=\"heading.default\">\n\t\t\t\t<div class=\"elementor-widget-container\">\n\t\t\t<h2 class=\"elementor-heading-title elementor-size-default\">KOLLEKTION<\/h2>\t\t<\/div>\n\t\t\t\t<\/div>\n\t\t\t\t<div class=\"elementor-element elementor-element-fc5589b elementor-widget elementor-widget-heading\" data-id=\"fc5589b\" data-element_type=\"widget\" data-widget_type=\"heading.default\">\n\t\t\t\t<div class=\"elementor-widget-container\">\n\t\t\t<h2 class=\"elementor-heading-title elementor-size-default\">METALLKROMAGE<\/h2>\t\t<\/div>\n\t\t\t\t<\/div>\n\t\t\t\t<div class=\"elementor-element elementor-element-5591ee0 elementor-widget-divider--view-line elementor-widget elementor-widget-divider\" data-id=\"5591ee0\" data-element_type=\"widget\" data-widget_type=\"divider.default\">\n\t\t\t\t<div class=\"elementor-widget-container\">\n\t\t\t\t\t<div class=\"elementor-divider\">\n\t\t\t<span class=\"elementor-divider-separator\">\n\t\t\t\t\t\t<\/span>\n\t\t<\/div>\n\t\t\t\t<\/div>\n\t\t\t\t<\/div>\n\t\t\t\t<section class=\"elementor-section elementor-inner-section elementor-element elementor-element-53c3e26 elementor-section-boxed elementor-section-height-default elementor-section-height-default\" data-id=\"53c3e26\" data-element_type=\"section\">\n\t\t\t\t\t\t<div class=\"elementor-container elementor-column-gap-default\">\n\t\t\t\t\t<div class=\"elementor-column elementor-col-100 elementor-inner-column elementor-element elementor-element-c1b0baa kitify-col-width-auto-no kitify-disable-relative-no\" data-id=\"c1b0baa\" data-element_type=\"column\">\n\t\t\t<div class=\"elementor-widget-wrap elementor-element-populated\">\n\t\t\t\t\t\t<div class=\"elementor-element elementor-element-3abdba2 custom-carousel-preset-default kitify-carousel-item-effect-slide elementor-widget kitify elementor-kitify-wooproducts\" data-id=\"3abdba2\" data-element_type=\"widget\" data-widget_type=\"kitify-wooproducts.default\">\n\t\t\t\t<div class=\"elementor-widget-container\">\n\t\t\t<div class=\"woocommerce  kitify_wc_widget_3abdba2_0\"><div class=\"kitify-products\" ><div class=\"kitify-products__list_wrapper\"><ul class=\"products ul_products kitify-products__list products-grid products-grid-1 col-row columns-4\">\n<li class=\"product type-product post-4707 status-publish first instock product_cat-sandalye has-post-thumbnail shipping-taxable product-type-variable kitify-product product_item col-desk-4 col-lap-4 col-tab-4\">\n\t<div class=\"product-item\"><div class=\"product-item__thumbnail\"><a class=\"product-item-link\" href=\"https:\/\/toptan.coolsandalye.com\/de\/produkt\/marti-yildiz-krom-ayakli-sandalye-siyah\/\"><\/a><div class=\"product-item__description--actions\">\n      <a href=\"#\" class=\"nova_product_quick_view_btn\" data-product-id=\"4707\" rel=\"nofollow\"><i class=\"inova ic-zoom\"><\/i><\/a>\n    <\/div><div class=\"product-item__description--button\"><a href=\"https:\/\/toptan.coolsandalye.com\/de\/produkt\/marti-yildiz-krom-ayakli-sandalye-siyah\/\" data-quantity=\"1\" class=\"button product_type_variable\" data-product_id=\"4707\" data-product_sku=\"SND-S-MARTIYILDIZ-2035\" aria-label=\"W\u00e4hle Optionen f\u00fcr \u201eMart\u0131 Y\u0131ld\u0131z Krom Ayakl\u0131 Sandalye - Siyah\u201c\" rel=\"nofollow\" data-no-translation=\"\" data-trp-gettext=\"\" data-no-translation-aria-label=\"\">Weiterlesen<\/a><\/div><div class=\"product-item__badges\"><\/div><div class=\"product-item__thumbnail-placeholder\"><a href=\"https:\/\/toptan.coolsandalye.com\/de\/produkt\/marti-yildiz-krom-ayakli-sandalye-siyah\/\" class=\"woocommerce-LoopProduct-link woocommerce-loop-product__link\"><img fetchpriority=\"high\" decoding=\"async\" width=\"700\" height=\"854\" src=\"https:\/\/toptan.coolsandalye.com\/wp-content\/uploads\/2024\/07\/hhhhhhh-700x854.jpg\" class=\"attachment-woocommerce_thumbnail size-woocommerce_thumbnail\" alt=\"Mart\u0131 Siyah Y\u0131ld\u0131z Sandalye - Modern ve \u015e\u0131k\" \/><div class=\"product-item__thumbnail_overlay\"><\/div><\/a><\/div><\/div><div class=\"product-item__description\"><div class=\"product-item__description--info\"><div class=\"info-left\"><a href=\"https:\/\/toptan.coolsandalye.com\/de\/produkt\/marti-yildiz-krom-ayakli-sandalye-siyah\/\" class=\"title\"><h3 class=\"woocommerce-loop-product__title\">Seagull Star Stuhl mit Chromf\u00fc\u00dfen - Schwarz<\/h3><\/a><\/div><div class=\"info-right\">\n<\/div><\/div><\/div><\/div><\/li>\n<li class=\"product type-product post-4704 status-publish instock product_cat-sandalye has-post-thumbnail shipping-taxable product-type-variable kitify-product product_item col-desk-4 col-lap-4 col-tab-4\">\n\t<div class=\"product-item\"><div class=\"product-item__thumbnail\"><a class=\"product-item-link\" href=\"https:\/\/toptan.coolsandalye.com\/de\/produkt\/diva-yildiz-altin-ayakli-sandalye-beyaz\/\"><\/a><div class=\"product-item__description--actions\">\n      <a href=\"#\" class=\"nova_product_quick_view_btn\" data-product-id=\"4704\" rel=\"nofollow\"><i class=\"inova ic-zoom\"><\/i><\/a>\n    <\/div><div class=\"product-item__description--button\"><a href=\"https:\/\/toptan.coolsandalye.com\/de\/produkt\/diva-yildiz-altin-ayakli-sandalye-beyaz\/\" data-quantity=\"1\" class=\"button product_type_variable\" data-product_id=\"4704\" data-product_sku=\"SND-B-DIVAYILDIZ-2034\" aria-label=\"W\u00e4hle Optionen f\u00fcr \u201eDiva Y\u0131ld\u0131z Alt\u0131n Ayakl\u0131 Sandalye - Beyaz\u201c\" rel=\"nofollow\" data-no-translation=\"\" data-trp-gettext=\"\" data-no-translation-aria-label=\"\">Weiterlesen<\/a><\/div><div class=\"product-item__badges\"><\/div><div class=\"product-item__thumbnail-placeholder\"><a href=\"https:\/\/toptan.coolsandalye.com\/de\/produkt\/diva-yildiz-altin-ayakli-sandalye-beyaz\/\" class=\"woocommerce-LoopProduct-link woocommerce-loop-product__link\"><img decoding=\"async\" width=\"700\" height=\"854\" src=\"https:\/\/toptan.coolsandalye.com\/wp-content\/uploads\/2024\/07\/cc-700x854.jpg\" class=\"attachment-woocommerce_thumbnail size-woocommerce_thumbnail\" alt=\"Diva Y\u0131ld\u0131z Alt\u0131n Ayakl\u0131 Sandalye - Beyaz\" \/><div class=\"product-item__thumbnail_overlay\"><\/div><\/a><\/div><\/div><div class=\"product-item__description\"><div class=\"product-item__description--info\"><div class=\"info-left\"><a href=\"https:\/\/toptan.coolsandalye.com\/de\/produkt\/diva-yildiz-altin-ayakli-sandalye-beyaz\/\" class=\"title\"><h3 class=\"woocommerce-loop-product__title\">Diva Star Gold Legs Stuhl - Wei\u00df<\/h3><\/a><\/div><div class=\"info-right\">\n<\/div><\/div><\/div><\/div><\/li>\n<li class=\"product type-product post-4702 status-publish instock product_cat-sandalye has-post-thumbnail shipping-taxable product-type-variable kitify-product product_item col-desk-4 col-lap-4 col-tab-4\">\n\t<div class=\"product-item\"><div class=\"product-item__thumbnail\"><a class=\"product-item-link\" href=\"https:\/\/toptan.coolsandalye.com\/de\/produkt\/arigon-yildiz-krom-ayakli-sandalye-beyaz\/\"><\/a><div class=\"product-item__description--actions\">\n      <a href=\"#\" class=\"nova_product_quick_view_btn\" data-product-id=\"4702\" rel=\"nofollow\"><i class=\"inova ic-zoom\"><\/i><\/a>\n    <\/div><div class=\"product-item__description--button\"><a href=\"https:\/\/toptan.coolsandalye.com\/de\/produkt\/arigon-yildiz-krom-ayakli-sandalye-beyaz\/\" data-quantity=\"1\" class=\"button product_type_variable\" data-product_id=\"4702\" data-product_sku=\"SND-B-ARIGONYILDIZ-2033\" aria-label=\"W\u00e4hle Optionen f\u00fcr \u201eArigon Y\u0131ld\u0131z Krom Ayakl\u0131 Sandalye - Beyaz\u201c\" rel=\"nofollow\" data-no-translation=\"\" data-trp-gettext=\"\" data-no-translation-aria-label=\"\">Weiterlesen<\/a><\/div><div class=\"product-item__badges\"><\/div><div class=\"product-item__thumbnail-placeholder\"><a href=\"https:\/\/toptan.coolsandalye.com\/de\/produkt\/arigon-yildiz-krom-ayakli-sandalye-beyaz\/\" class=\"woocommerce-LoopProduct-link woocommerce-loop-product__link\"><img decoding=\"async\" width=\"700\" height=\"854\" src=\"https:\/\/toptan.coolsandalye.com\/wp-content\/uploads\/2024\/07\/qq-700x854.jpg\" class=\"attachment-woocommerce_thumbnail size-woocommerce_thumbnail\" alt=\"Arigon Y\u0131ld\u0131z Krom Ayakl\u0131 Sandalye - Beyaz\" \/><div class=\"product-item__thumbnail_overlay\"><\/div><\/a><\/div><\/div><div class=\"product-item__description\"><div class=\"product-item__description--info\"><div class=\"info-left\"><a href=\"https:\/\/toptan.coolsandalye.com\/de\/produkt\/arigon-yildiz-krom-ayakli-sandalye-beyaz\/\" class=\"title\"><h3 class=\"woocommerce-loop-product__title\">Arigon Star Stuhl mit Chromf\u00fc\u00dfen - Wei\u00df<\/h3><\/a><\/div><div class=\"info-right\">\n<\/div><\/div><\/div><\/div><\/li>\n<\/ul>\n<\/div><\/div><\/div>\t\t<\/div>\n\t\t\t\t<\/div>\n\t\t\t\t\t<\/div>\n\t\t<\/div>\n\t\t\t\t\t<\/div>\n\t\t<\/section>\n\t\t\t\t\t<\/div>\n\t\t<\/div>\n\t\t\t\t\t<\/div>\n\t\t<\/section>\n\t\t\t\t<\/div>","protected":false},"excerpt":{"rendered":"<p>Home KOLEKS\u0130YON METAL KROMAJ<\/p>","protected":false},"author":1,"featured_media":0,"parent":0,"menu_order":0,"comment_status":"closed","ping_status":"closed","template":"elementor_header_footer","meta":{"footnotes":""},"class_list":["post-6663","page","type-page","status-publish","hentry"],"_links":{"self":[{"href":"https:\/\/toptan.coolsandalye.com\/de\/wp-json\/wp\/v2\/pages\/6663","targetHints":{"allow":["GET"]}}],"collection":[{"href":"https:\/\/toptan.coolsandalye.com\/de\/wp-json\/wp\/v2\/pages"}],"about":[{"href":"https:\/\/toptan.coolsandalye.com\/de\/wp-json\/wp\/v2\/types\/page"}],"author":[{"embeddable":true,"href":"https:\/\/toptan.coolsandalye.com\/de\/wp-json\/wp\/v2\/users\/1"}],"replies":[{"embeddable":true,"href":"https:\/\/toptan.coolsandalye.com\/de\/wp-json\/wp\/v2\/comments?post=6663"}],"version-history":[{"count":8,"href":"https:\/\/toptan.coolsandalye.com\/de\/wp-json\/wp\/v2\/pages\/6663\/revisions"}],"predecessor-version":[{"id":11835,"href":"https:\/\/toptan.coolsandalye.com\/de\/wp-json\/wp\/v2\/pages\/6663\/revisions\/11835"}],"wp:attachment":[{"href":"https:\/\/toptan.coolsandalye.com\/de\/wp-json\/wp\/v2\/media?parent=6663"}],"curies":[{"name":"wp","href":"https:\/\/api.w.org\/{rel}","templated":true}]}}