{"id":3842,"date":"2024-06-14T11:17:47","date_gmt":"2024-06-14T08:17:47","guid":{"rendered":"https:\/\/toptan.coolsandalye.com\/?page_id=3842"},"modified":"2025-06-24T16:32:33","modified_gmt":"2025-06-24T13:32:33","slug":"kalite-degerlerimiz","status":"publish","type":"page","link":"https:\/\/toptan.coolsandalye.com\/de\/kalite-degerlerimiz\/","title":{"rendered":"Unsere Qualit\u00e4tswerte"},"content":{"rendered":"<div data-elementor-type=\"wp-page\" data-elementor-id=\"3842\" class=\"elementor elementor-3842\" data-elementor-post-type=\"page\">\n\t\t\t\t\t\t<section class=\"elementor-section elementor-top-section elementor-element elementor-element-466b758 elementor-section-boxed elementor-section-height-default elementor-section-height-default\" data-id=\"466b758\" data-element_type=\"section\" data-settings=\"{&quot;background_background&quot;:&quot;gradient&quot;}\">\n\t\t\t\t\t\t<div class=\"elementor-container elementor-column-gap-default\">\n\t\t\t\t\t<div class=\"elementor-column elementor-col-100 elementor-top-column elementor-element elementor-element-f51d51f kitify-col-width-auto-no kitify-disable-relative-no\" data-id=\"f51d51f\" data-element_type=\"column\">\n\t\t\t<div class=\"elementor-widget-wrap elementor-element-populated\">\n\t\t\t\t\t\t<div class=\"elementor-element elementor-element-0ae2a77 elementor-widget elementor-widget-heading\" data-id=\"0ae2a77\" data-element_type=\"widget\" data-widget_type=\"heading.default\">\n\t\t\t\t<div class=\"elementor-widget-container\">\n\t\t\t<h2 class=\"elementor-heading-title elementor-size-default\">Unsere Qualit\u00e4tswerte<\/h2>\t\t<\/div>\n\t\t\t\t<\/div>\n\t\t\t\t<div class=\"elementor-element elementor-element-1a6c65c kitify-breadcrumbs-align-center kitify-breadcrumbs-align-tablet-center elementor-widget kitify elementor-kitify-breadcrumbs\" data-id=\"1a6c65c\" data-element_type=\"widget\" data-widget_type=\"kitify-breadcrumbs.default\">\n\t\t\t\t<div class=\"elementor-widget-container\">\n\t\t\t\n\t\t<div class=\"kitify-breadcrumbs\">\n\t\t<div class=\"kitify-breadcrumbs__content\">\n\t\t<div class=\"kitify-breadcrumbs__wrap\"><div class=\"kitify-breadcrumbs__item\"><a href=\"https:\/\/toptan.coolsandalye.com\/de\/\" class=\"kitify-breadcrumbs__item-link is-home\" rel=\"home\" title=\"Home\">Home<\/a><\/div>\n\t\t<\/div>\n\t\t<\/div>\n\t\t<\/div>\t\t<\/div>\n\t\t\t\t<\/div>\n\t\t\t\t\t<\/div>\n\t\t<\/div>\n\t\t\t\t\t<\/div>\n\t\t<\/section>\n\t\t\t\t<section class=\"elementor-section elementor-top-section elementor-element elementor-element-f2f2196 elementor-section-content-middle elementor-section-boxed elementor-section-height-default elementor-section-height-default\" data-id=\"f2f2196\" data-element_type=\"section\">\n\t\t\t\t\t\t<div class=\"elementor-container elementor-column-gap-default\">\n\t\t\t\t\t<div class=\"elementor-column elementor-col-100 elementor-top-column elementor-element elementor-element-32c4f97 kitify-col-width-auto-no kitify-disable-relative-no elementor-invisible kitify-has-entrance-animation\" data-id=\"32c4f97\" data-element_type=\"column\" data-settings=\"{&quot;animation&quot;:&quot;kitifyShortFadeInUp&quot;,&quot;animation_delay&quot;:500}\">\n\t\t\t<div class=\"elementor-widget-wrap elementor-element-populated\">\n\t\t\t\t\t\t<div class=\"elementor-element elementor-element-36fe90c elementor-widget elementor-widget-heading\" data-id=\"36fe90c\" data-element_type=\"widget\" data-widget_type=\"heading.default\">\n\t\t\t\t<div class=\"elementor-widget-container\">\n\t\t\t<h2 class=\"elementor-heading-title elementor-size-default\">COOL SANDALYE OLARAK, \u00dcR\u00dcNLER\u0130M\u0130ZDE Y\u00dcKSEK KAL\u0130TE STANDARTLARINI KORUMAK EN B\u00dcY\u00dcK \u00d6NCEL\u0130\u011e\u0130M\u0130ZD\u0130R.\n<\/h2>\t\t<\/div>\n\t\t\t\t<\/div>\n\t\t\t\t<div class=\"elementor-element elementor-element-fd68edb elementor-widget-divider--view-line elementor-widget elementor-widget-divider\" data-id=\"fd68edb\" data-element_type=\"widget\" data-widget_type=\"divider.default\">\n\t\t\t\t<div class=\"elementor-widget-container\">\n\t\t\t\t\t<div class=\"elementor-divider\">\n\t\t\t<span class=\"elementor-divider-separator\">\n\t\t\t\t\t\t<\/span>\n\t\t<\/div>\n\t\t\t\t<\/div>\n\t\t\t\t<\/div>\n\t\t\t\t<div class=\"elementor-element elementor-element-1d47cec elementor-widget elementor-widget-heading\" data-id=\"1d47cec\" data-element_type=\"widget\" data-widget_type=\"heading.default\">\n\t\t\t\t<div class=\"elementor-widget-container\">\n\t\t\t<p class=\"elementor-heading-title elementor-size-default\">Wir bieten unseren Kunden die langlebigsten und \u00e4sthetischsten Produkte dank unserer Produktionsprozesse, die in jeder Phase sorgf\u00e4ltig kontrolliert werden. Da die Zufriedenheit unserer Kunden f\u00fcr uns an erster Stelle steht, sind wir bestrebt, ihre Bed\u00fcrfnisse zu verstehen, die am besten geeigneten L\u00f6sungen anzubieten und ihre Erwartungen zu \u00fcbertreffen.\n<\/p>\t\t<\/div>\n\t\t\t\t<\/div>\n\t\t\t\t<section class=\"elementor-section elementor-inner-section elementor-element elementor-element-c398d21 elementor-section-height-min-height elementor-section-boxed elementor-section-height-default\" data-id=\"c398d21\" data-element_type=\"section\">\n\t\t\t\t\t\t<div class=\"elementor-container elementor-column-gap-default\">\n\t\t\t\t\t<div class=\"elementor-column elementor-col-100 elementor-inner-column elementor-element elementor-element-8cac43b kitify-col-width-auto-no kitify-disable-relative-no\" data-id=\"8cac43b\" data-element_type=\"column\" data-settings=\"{&quot;background_background&quot;:&quot;classic&quot;,&quot;background_motion_fx_motion_fx_scrolling&quot;:&quot;yes&quot;,&quot;background_motion_fx_translateY_effect&quot;:&quot;yes&quot;,&quot;background_motion_fx_translateY_direction&quot;:&quot;negative&quot;,&quot;background_motion_fx_devices&quot;:[&quot;desktop&quot;,&quot;laptop&quot;],&quot;background_motion_fx_translateY_speed&quot;:{&quot;unit&quot;:&quot;px&quot;,&quot;size&quot;:4,&quot;sizes&quot;:[]},&quot;background_motion_fx_translateY_affectedRange&quot;:{&quot;unit&quot;:&quot;%&quot;,&quot;size&quot;:&quot;&quot;,&quot;sizes&quot;:{&quot;start&quot;:0,&quot;end&quot;:100}}}\">\n\t\t\t<div class=\"elementor-widget-wrap elementor-element-populated\">\n\t\t\t\t\t\t\t<\/div>\n\t\t<\/div>\n\t\t\t\t\t<\/div>\n\t\t<\/section>\n\t\t\t\t\t<\/div>\n\t\t<\/div>\n\t\t\t\t\t<\/div>\n\t\t<\/section>\n\t\t\t\t<section class=\"elementor-section elementor-top-section elementor-element elementor-element-916ef45 elementor-section-boxed elementor-section-height-default elementor-section-height-default\" data-id=\"916ef45\" data-element_type=\"section\" data-settings=\"{&quot;background_background&quot;:&quot;classic&quot;}\">\n\t\t\t\t\t\t<div class=\"elementor-container elementor-column-gap-default\">\n\t\t\t\t\t<div class=\"elementor-column elementor-col-100 elementor-top-column elementor-element elementor-element-94eec47 kitify-col-width-auto-no kitify-disable-relative-no\" data-id=\"94eec47\" data-element_type=\"column\">\n\t\t\t<div class=\"elementor-widget-wrap elementor-element-populated\">\n\t\t\t\t\t\t<div class=\"elementor-element elementor-element-d0da4a5 elementor-widget elementor-widget-heading\" data-id=\"d0da4a5\" data-element_type=\"widget\" data-widget_type=\"heading.default\">\n\t\t\t\t<div class=\"elementor-widget-container\">\n\t\t\t<h2 class=\"elementor-heading-title elementor-size-default\">Leben mit kreativen Designs <br>Wir steigern den Wert Ihrer Gebiete<\/h2>\t\t<\/div>\n\t\t\t\t<\/div>\n\t\t\t\t<div class=\"elementor-element elementor-element-5591ee0 elementor-widget-divider--view-line elementor-widget elementor-widget-divider\" data-id=\"5591ee0\" data-element_type=\"widget\" data-widget_type=\"divider.default\">\n\t\t\t\t<div class=\"elementor-widget-container\">\n\t\t\t\t\t<div class=\"elementor-divider\">\n\t\t\t<span class=\"elementor-divider-separator\">\n\t\t\t\t\t\t<\/span>\n\t\t<\/div>\n\t\t\t\t<\/div>\n\t\t\t\t<\/div>\n\t\t\t\t<section class=\"elementor-section elementor-inner-section elementor-element elementor-element-53c3e26 elementor-section-boxed elementor-section-height-default elementor-section-height-default\" data-id=\"53c3e26\" data-element_type=\"section\">\n\t\t\t\t\t\t<div class=\"elementor-container elementor-column-gap-default\">\n\t\t\t\t\t<div class=\"elementor-column elementor-col-33 elementor-inner-column elementor-element elementor-element-c1b0baa kitify-col-width-auto-no kitify-disable-relative-no\" data-id=\"c1b0baa\" data-element_type=\"column\">\n\t\t\t<div class=\"elementor-widget-wrap elementor-element-populated\">\n\t\t\t\t\t\t<div class=\"elementor-element elementor-element-54ecd91 elementor-widget elementor-widget-image\" data-id=\"54ecd91\" data-element_type=\"widget\" data-widget_type=\"image.default\">\n\t\t\t\t<div class=\"elementor-widget-container\">\n\t\t\t\t\t\t\t\t\t\t\t\t\t<img fetchpriority=\"high\" decoding=\"async\" width=\"700\" height=\"467\" src=\"https:\/\/toptan.coolsandalye.com\/wp-content\/uploads\/2025\/06\/kalite1.webp\" class=\"attachment-full size-full wp-image-11499\" alt=\"\" srcset=\"https:\/\/toptan.coolsandalye.com\/wp-content\/uploads\/2025\/06\/kalite1.webp 700w, https:\/\/toptan.coolsandalye.com\/wp-content\/uploads\/2025\/06\/kalite1-300x200.webp 300w, https:\/\/toptan.coolsandalye.com\/wp-content\/uploads\/2025\/06\/kalite1-18x12.webp 18w\" sizes=\"(max-width: 700px) 100vw, 700px\" \/>\t\t\t\t\t\t\t\t\t\t\t\t\t<\/div>\n\t\t\t\t<\/div>\n\t\t\t\t\t<\/div>\n\t\t<\/div>\n\t\t\t\t<div class=\"elementor-column elementor-col-33 elementor-inner-column elementor-element elementor-element-56e859f kitify-col-width-auto-no kitify-disable-relative-no\" data-id=\"56e859f\" data-element_type=\"column\">\n\t\t\t<div class=\"elementor-widget-wrap elementor-element-populated\">\n\t\t\t\t\t\t<div class=\"elementor-element elementor-element-aa574ab elementor-widget elementor-widget-heading\" data-id=\"aa574ab\" data-element_type=\"widget\" data-widget_type=\"heading.default\">\n\t\t\t\t<div class=\"elementor-widget-container\">\n\t\t\t<p class=\"elementor-heading-title elementor-size-default\">Wir f\u00fchren unsere Gesch\u00e4fte nach den Grunds\u00e4tzen der Ehrlichkeit und Zuverl\u00e4ssigkeit und legen in den Beziehungen zu unseren Kunden stets gr\u00f6\u00dften Wert auf Transparenz und Vertrauen. Wir entwickeln st\u00e4ndig neue und innovative Designs und versch\u00f6nern Lebensr\u00e4ume, indem wir \u00e4sthetische und funktionale Produkte anbieten, die den Bed\u00fcrfnissen der modernen Welt entsprechen.<\/p>\t\t<\/div>\n\t\t\t\t<\/div>\n\t\t\t\t\t<\/div>\n\t\t<\/div>\n\t\t\t\t<div class=\"elementor-column elementor-col-33 elementor-inner-column elementor-element elementor-element-32299e6 kitify-col-width-auto-no kitify-disable-relative-no\" data-id=\"32299e6\" data-element_type=\"column\">\n\t\t\t<div class=\"elementor-widget-wrap elementor-element-populated\">\n\t\t\t\t\t\t<div class=\"elementor-element elementor-element-7095e32 elementor-widget elementor-widget-image\" data-id=\"7095e32\" data-element_type=\"widget\" data-widget_type=\"image.default\">\n\t\t\t\t<div class=\"elementor-widget-container\">\n\t\t\t\t\t\t\t\t\t\t\t\t\t<img decoding=\"async\" width=\"700\" height=\"467\" src=\"https:\/\/toptan.coolsandalye.com\/wp-content\/uploads\/2025\/06\/kalite3.webp\" class=\"attachment-full size-full wp-image-11497\" alt=\"\" srcset=\"https:\/\/toptan.coolsandalye.com\/wp-content\/uploads\/2025\/06\/kalite3.webp 700w, https:\/\/toptan.coolsandalye.com\/wp-content\/uploads\/2025\/06\/kalite3-300x200.webp 300w, https:\/\/toptan.coolsandalye.com\/wp-content\/uploads\/2025\/06\/kalite3-18x12.webp 18w\" sizes=\"(max-width: 700px) 100vw, 700px\" \/>\t\t\t\t\t\t\t\t\t\t\t\t\t<\/div>\n\t\t\t\t<\/div>\n\t\t\t\t\t<\/div>\n\t\t<\/div>\n\t\t\t\t\t<\/div>\n\t\t<\/section>\n\t\t\t\t<section class=\"elementor-section elementor-inner-section elementor-element elementor-element-4bd072b elementor-section-boxed elementor-section-height-default elementor-section-height-default\" data-id=\"4bd072b\" data-element_type=\"section\">\n\t\t\t\t\t\t<div class=\"elementor-container elementor-column-gap-default\">\n\t\t\t\t\t<div class=\"elementor-column elementor-col-33 elementor-inner-column elementor-element elementor-element-8cbaee4 kitify-col-width-auto-no kitify-disable-relative-no\" data-id=\"8cbaee4\" data-element_type=\"column\">\n\t\t\t<div class=\"elementor-widget-wrap elementor-element-populated\">\n\t\t\t\t\t\t<div class=\"elementor-element elementor-element-d4d4f68 elementor-widget elementor-widget-heading\" data-id=\"d4d4f68\" data-element_type=\"widget\" data-widget_type=\"heading.default\">\n\t\t\t\t<div class=\"elementor-widget-container\">\n\t\t\t<p class=\"elementor-heading-title elementor-size-default\">Mit unserer fairen und wettbewerbsf\u00e4higen Preispolitik bieten wir unseren Kunden Qualit\u00e4tsprodukte zu erschwinglichen Preisen. Bei unseren Produktionsprozessen achten wir auf Umweltvertr\u00e4glichkeit und produzieren ohne die Natur zu sch\u00e4digen, indem wir nachhaltige Materialien verwenden.\n<\/p>\t\t<\/div>\n\t\t\t\t<\/div>\n\t\t\t\t\t<\/div>\n\t\t<\/div>\n\t\t\t\t<div class=\"elementor-column elementor-col-33 elementor-inner-column elementor-element elementor-element-ec3ce01 kitify-col-width-auto-no kitify-disable-relative-no\" data-id=\"ec3ce01\" data-element_type=\"column\">\n\t\t\t<div class=\"elementor-widget-wrap elementor-element-populated\">\n\t\t\t\t\t\t<div class=\"elementor-element elementor-element-4a10dbb elementor-widget elementor-widget-image\" data-id=\"4a10dbb\" data-element_type=\"widget\" data-widget_type=\"image.default\">\n\t\t\t\t<div class=\"elementor-widget-container\">\n\t\t\t\t\t\t\t\t\t\t\t\t\t<img decoding=\"async\" width=\"700\" height=\"467\" src=\"https:\/\/toptan.coolsandalye.com\/wp-content\/uploads\/2025\/06\/kalite2.webp\" class=\"attachment-full size-full wp-image-11498\" alt=\"\" srcset=\"https:\/\/toptan.coolsandalye.com\/wp-content\/uploads\/2025\/06\/kalite2.webp 700w, https:\/\/toptan.coolsandalye.com\/wp-content\/uploads\/2025\/06\/kalite2-300x200.webp 300w, https:\/\/toptan.coolsandalye.com\/wp-content\/uploads\/2025\/06\/kalite2-18x12.webp 18w\" sizes=\"(max-width: 700px) 100vw, 700px\" \/>\t\t\t\t\t\t\t\t\t\t\t\t\t<\/div>\n\t\t\t\t<\/div>\n\t\t\t\t\t<\/div>\n\t\t<\/div>\n\t\t\t\t<div class=\"elementor-column elementor-col-33 elementor-inner-column elementor-element elementor-element-200f442 kitify-col-width-auto-no kitify-disable-relative-no\" data-id=\"200f442\" data-element_type=\"column\">\n\t\t\t<div class=\"elementor-widget-wrap elementor-element-populated\">\n\t\t\t\t\t\t<div class=\"elementor-element elementor-element-bceb015 elementor-widget elementor-widget-heading\" data-id=\"bceb015\" data-element_type=\"widget\" data-widget_type=\"heading.default\">\n\t\t\t\t<div class=\"elementor-widget-container\">\n\t\t\t<p class=\"elementor-heading-title elementor-size-default\">Indem wir schnelle und effektive L\u00f6sungen f\u00fcr die Anforderungen unserer Kunden anbieten, zeigen wir einen kundenorientierten Ansatz in allen Prozessen von der Bestellung bis zur Lieferung. Wir werden Ihnen weiterhin den besten Service bieten, indem wir die Kundenzufriedenheit auf h\u00f6chstem Niveau halten.\n<\/p>\t\t<\/div>\n\t\t\t\t<\/div>\n\t\t\t\t\t<\/div>\n\t\t<\/div>\n\t\t\t\t\t<\/div>\n\t\t<\/section>\n\t\t\t\t\t<\/div>\n\t\t<\/div>\n\t\t\t\t\t<\/div>\n\t\t<\/section>\n\t\t\t\t<section class=\"elementor-section elementor-top-section elementor-element elementor-element-320aa78 elementor-section-boxed elementor-section-height-default elementor-section-height-default\" data-id=\"320aa78\" data-element_type=\"section\">\n\t\t\t\t\t\t<div class=\"elementor-container elementor-column-gap-default\">\n\t\t\t\t\t<div class=\"elementor-column elementor-col-100 elementor-top-column elementor-element elementor-element-a19c11b kitify-col-width-auto-no kitify-disable-relative-no\" data-id=\"a19c11b\" data-element_type=\"column\">\n\t\t\t<div class=\"elementor-widget-wrap elementor-element-populated\">\n\t\t\t\t\t\t<div class=\"elementor-element elementor-element-1f85cdc elementor-invisible kitify-has-entrance-animation elementor-widget elementor-widget-heading\" data-id=\"1f85cdc\" data-element_type=\"widget\" data-settings=\"{&quot;_animation&quot;:&quot;kitifyShortFadeInUp&quot;}\" data-widget_type=\"heading.default\">\n\t\t\t\t<div class=\"elementor-widget-container\">\n\t\t\t<h2 class=\"elementor-heading-title elementor-size-default\">Kombination von \u00c4sthetik und Langlebigkeit <br> Originelle Entw\u00fcrfe<\/h2>\t\t<\/div>\n\t\t\t\t<\/div>\n\t\t\t\t<div class=\"elementor-element elementor-element-4d34061 elementor-widget-divider--view-line elementor-widget elementor-widget-divider\" data-id=\"4d34061\" data-element_type=\"widget\" data-widget_type=\"divider.default\">\n\t\t\t\t<div class=\"elementor-widget-container\">\n\t\t\t\t\t<div class=\"elementor-divider\">\n\t\t\t<span class=\"elementor-divider-separator\">\n\t\t\t\t\t\t<\/span>\n\t\t<\/div>\n\t\t\t\t<\/div>\n\t\t\t\t<\/div>\n\t\t\t\t<div class=\"elementor-element elementor-element-89adb25 elementor-widget elementor-widget-heading\" data-id=\"89adb25\" data-element_type=\"widget\" data-widget_type=\"heading.default\">\n\t\t\t\t<div class=\"elementor-widget-container\">\n\t\t\t<p class=\"elementor-heading-title elementor-size-default\">Wir stellen unsere Einzelh\u00e4ndler und Kunden, die unsere Produkte bevorzugen, mit unseren Verfahren zur Herstellung von St\u00fchlen zufrieden, die wir in unserer Werkstatt in Izmir begonnen und entwickelt haben. Wir sind stolz auf das positive Feedback, das wir erhalten, und bem\u00fchen uns, unsere Qualit\u00e4tsstandards st\u00e4ndig zu verbessern. Dieses Feedback ermutigt uns, schnellere und effektivere Produkte zu entwickeln, und wir ber\u00fccksichtigen die Erwartungen und Kommentare unserer Kunden bei der Entwicklung unserer Modelle.\n<\/p>\t\t<\/div>\n\t\t\t\t<\/div>\n\t\t\t\t\t<\/div>\n\t\t<\/div>\n\t\t\t\t\t<\/div>\n\t\t<\/section>\n\t\t\t\t<\/div>","protected":false},"excerpt":{"rendered":"<p>Home COOL SANDALYE OLARAK, \u00dcR\u00dcNLER\u0130M\u0130ZDE Y\u00dcKSEK KAL\u0130TE STANDARTLARINI KORUMAK EN B\u00dcY\u00dcK \u00d6NCEL\u0130\u011e\u0130M\u0130ZD\u0130R. Her a\u015famada titizlikle denetlenen \u00fcretim s\u00fcre\u00e7lerimiz sayesinde, en dayan\u0131kl\u0131 ve estetik \u00fcr\u00fcnleri m\u00fc\u015fterilerimize sunuyoruz. M\u00fc\u015fteri memnuniyetini her \u015feyin \u00fczerinde tutarak, onlar\u0131n ihtiya\u00e7lar\u0131n\u0131 anlamak, en uygun \u00e7\u00f6z\u00fcmleri sunmak ve beklentilerini a\u015fmak i\u00e7in \u00e7al\u0131\u015f\u0131yoruz. Yarat\u0131c\u0131 Tasar\u0131mlarla Ya\u015fam Alanlar\u0131n\u0131za De\u011fer Kat\u0131yoruz D\u00fcr\u00fcstl\u00fck ve g\u00fcvenilirlik prensiplerine g\u00f6re i\u015fimizi y\u00fcr\u00fct\u00fcyor, m\u00fc\u015fterilerimizle olan ili\u015fkilerimizde\u2026<\/p>","protected":false},"author":1,"featured_media":0,"parent":0,"menu_order":0,"comment_status":"closed","ping_status":"closed","template":"elementor_header_footer","meta":{"footnotes":""},"class_list":["post-3842","page","type-page","status-publish","hentry"],"_links":{"self":[{"href":"https:\/\/toptan.coolsandalye.com\/de\/wp-json\/wp\/v2\/pages\/3842","targetHints":{"allow":["GET"]}}],"collection":[{"href":"https:\/\/toptan.coolsandalye.com\/de\/wp-json\/wp\/v2\/pages"}],"about":[{"href":"https:\/\/toptan.coolsandalye.com\/de\/wp-json\/wp\/v2\/types\/page"}],"author":[{"embeddable":true,"href":"https:\/\/toptan.coolsandalye.com\/de\/wp-json\/wp\/v2\/users\/1"}],"replies":[{"embeddable":true,"href":"https:\/\/toptan.coolsandalye.com\/de\/wp-json\/wp\/v2\/comments?post=3842"}],"version-history":[{"count":83,"href":"https:\/\/toptan.coolsandalye.com\/de\/wp-json\/wp\/v2\/pages\/3842\/revisions"}],"predecessor-version":[{"id":11750,"href":"https:\/\/toptan.coolsandalye.com\/de\/wp-json\/wp\/v2\/pages\/3842\/revisions\/11750"}],"wp:attachment":[{"href":"https:\/\/toptan.coolsandalye.com\/de\/wp-json\/wp\/v2\/media?parent=3842"}],"curies":[{"name":"wp","href":"https:\/\/api.w.org\/{rel}","templated":true}]}}