{"id":3,"date":"2024-06-13T16:59:38","date_gmt":"2024-06-13T13:59:38","guid":{"rendered":"https:\/\/toptan.coolsandalye.com\/?page_id=3"},"modified":"2024-10-14T15:55:22","modified_gmt":"2024-10-14T12:55:22","slug":"gizlilik-ilkesi","status":"publish","type":"page","link":"https:\/\/toptan.coolsandalye.com\/de\/gizlilik-ilkesi\/","title":{"rendered":"Datenschutzbestimmungen"},"content":{"rendered":"<p>Diese Datenschutzrichtlinien wurden erstellt, um die Verantwortlichkeiten f\u00fcr den Datenschutz auf unserer Website festzulegen. Die folgenden Artikel enthalten die Datenschutzgrunds\u00e4tze unserer Website und die Regeln f\u00fcr die Sammlung und Verbreitung von Informationen auf der Website.<\/p><ol class=\"wp-block-list\"><li>Ihre IP-Adresse wird zur Behebung von Problemen auf unseren Servern und zur Verwaltung unserer Website sowie zur Erkennung Ihres Warenkorbs und zur Erfassung Ihrer eindeutigen demografischen Daten verwendet.<\/li>\n\n<li>Cookies werden auf unserer Website verwendet, um Ihren Einkaufskorb zu verfolgen und die Wiederholung der gleichen Werbung zu verhindern. Cookies werden verwendet, um Ihnen Inhalte zu liefern, die Ihren Interessen entsprechen, und um Ihr Passwort zu speichern, damit Sie es nicht wiederholt eingeben m\u00fcssen.&nbsp;<\/li>\n\n<li>Unsere Website kann nicht f\u00fcr die \u00dcbermittlung von Informationen an unsere Website durch Personen unter 18 Jahren ohne die Zustimmung ihrer Eltern oder Erziehungsberechtigten verantwortlich gemacht werden.<\/li>\n\n<li>Im Anmeldeformular unserer Website, m\u00fcssen unsere Nutzer ihre Kontaktdaten (Name, Adresse, Telefon, E-Mail-Adresse ...) eingeben. Die Kontaktinformationen, die wir in diesem Formular erhalten, werden verwendet, um unseren Mitgliedern Informationen und Kampagnennachrichten und Materialien \u00fcber unser Unternehmen und die von uns bestimmten Unternehmen zu senden. Die Kontaktinformationen werden auch verwendet, wenn wir unsere Kunden kontaktieren m\u00fcssen, und an andere Unternehmen weitergegeben, die unsere Kunden kontaktieren wollen.&nbsp;<\/li>\n\n<li>Unsere Nutzer k\u00f6nnen ihre Eintr\u00e4ge je nach Wunsch aus unserem System l\u00f6schen.&nbsp;<\/li>\n\n<li>Die erhaltenen finanziellen Informationen werden bei der Erhebung des Preises f\u00fcr die erworbenen Produkte und Dienstleistungen und in anderen notwendigen Situationen verwendet.&nbsp;<\/li>\n\n<li>Pers\u00f6nliche Daten werden verwendet, um die Identit\u00e4t unserer Nutzer zu \u00fcberpr\u00fcfen, wenn sie sich in das System einloggen und in anderen notwendigen Situationen.&nbsp;<\/li>\n\n<li>Statistische Informationen und Profilinformationen werden auch innerhalb unserer Website gesammelt und in allen gew\u00fcnschten Situationen verwendet. Diese Informationen werden f\u00fcr die \u00dcberwachung der Besucherbewegungen und die Bereitstellung personalisierter Inhalte verwendet.&nbsp;<\/li>\n\n<li>Ihre Benutzerdaten werden vertraulich behandelt und nicht an Dritte weitergegeben.<\/li><\/ol><p><\/p>","protected":false},"excerpt":{"rendered":"<p>Diese Datenschutzrichtlinien wurden erstellt, um die Verantwortlichkeiten f\u00fcr den Datenschutz auf unserer Website festzulegen. Die folgenden Artikel enthalten die Datenschutzgrunds\u00e4tze unserer Website und die Regeln f\u00fcr die Sammlung und Verbreitung von Informationen auf der Website.<\/p>","protected":false},"author":1,"featured_media":0,"parent":0,"menu_order":0,"comment_status":"closed","ping_status":"open","template":"","meta":{"footnotes":""},"class_list":["post-3","page","type-page","status-publish","hentry"],"_links":{"self":[{"href":"https:\/\/toptan.coolsandalye.com\/de\/wp-json\/wp\/v2\/pages\/3","targetHints":{"allow":["GET"]}}],"collection":[{"href":"https:\/\/toptan.coolsandalye.com\/de\/wp-json\/wp\/v2\/pages"}],"about":[{"href":"https:\/\/toptan.coolsandalye.com\/de\/wp-json\/wp\/v2\/types\/page"}],"author":[{"embeddable":true,"href":"https:\/\/toptan.coolsandalye.com\/de\/wp-json\/wp\/v2\/users\/1"}],"replies":[{"embeddable":true,"href":"https:\/\/toptan.coolsandalye.com\/de\/wp-json\/wp\/v2\/comments?post=3"}],"version-history":[{"count":2,"href":"https:\/\/toptan.coolsandalye.com\/de\/wp-json\/wp\/v2\/pages\/3\/revisions"}],"predecessor-version":[{"id":7982,"href":"https:\/\/toptan.coolsandalye.com\/de\/wp-json\/wp\/v2\/pages\/3\/revisions\/7982"}],"wp:attachment":[{"href":"https:\/\/toptan.coolsandalye.com\/de\/wp-json\/wp\/v2\/media?parent=3"}],"curies":[{"name":"wp","href":"https:\/\/api.w.org\/{rel}","templated":true}]}}