{"id":9456,"date":"2025-01-27T23:05:10","date_gmt":"2025-01-27T20:05:10","guid":{"rendered":"https:\/\/toptan.coolsandalye.com\/?post_type=product&#038;p=9456"},"modified":"2025-06-30T15:30:56","modified_gmt":"2025-06-30T12:30:56","slug":"vega-sandalye-beyaz","status":"publish","type":"product","link":"https:\/\/toptan.coolsandalye.com\/ar\/product\/vega-sandalye-beyaz\/","title":{"rendered":"Vega Sandalye &#8211; Beyaz"},"content":{"rendered":"<p>Restoranlar, kafeler ve otel projeleri i\u00e7in toplu al\u0131mlara uygun \u015f\u0131kl\u0131k ve dayan\u0131kl\u0131l\u0131k! Modern \u00e7izgileri ve zarif tasar\u0131m\u0131yla dikkat \u00e7eken Vega Sandalye, ev ya\u015fam\u0131nda yemek masalar\u0131ndan keyif alanlar\u0131na kadar stil sahibi bir se\u00e7enek sunar. Beyaz ve ah\u015fap renk se\u00e7enekleriyle modern bir dokunu\u015f katarken, mekan\u0131n\u0131za s\u0131cak bir atmosfer getiriyor.<\/p>","protected":false},"excerpt":{"rendered":"<p>Sa\u011flam ah\u015fap iskeleti ve ergonomik tasar\u0131m\u0131 sayesinde uzun s\u00fcreli oturumlarda konfor sa\u011flar. \u015e\u0131k koltuk d\u00f6\u015femesi, zamans\u0131z bir estetik sunarken dayan\u0131kl\u0131 yap\u0131s\u0131 toplu kullan\u0131m alanlar\u0131 i\u00e7in g\u00fcvenilir bir tercih sunar. Ev dekorasyonuna uyum sa\u011flayan Vega Sandalye, bireysel kullan\u0131c\u0131lar i\u00e7in de i\u015flevsel ve \u015f\u0131k bir tercihtir. Her mek\u00e2nda hem g\u00f6rsel hem de i\u015flevsel anlamda fark yarat\u0131r!<\/p>","protected":false},"featured_media":9501,"comment_status":"open","ping_status":"closed","template":"","meta":[],"product_brand":[],"product_cat":[54],"product_tag":[],"class_list":{"0":"post-9456","1":"product","2":"type-product","3":"status-publish","4":"has-post-thumbnail","6":"product_cat-sandalye","8":"first","9":"instock","10":"shipping-taxable","11":"product-type-simple"},"_links":{"self":[{"href":"https:\/\/toptan.coolsandalye.com\/ar\/wp-json\/wp\/v2\/product\/9456","targetHints":{"allow":["GET"]}}],"collection":[{"href":"https:\/\/toptan.coolsandalye.com\/ar\/wp-json\/wp\/v2\/product"}],"about":[{"href":"https:\/\/toptan.coolsandalye.com\/ar\/wp-json\/wp\/v2\/types\/product"}],"replies":[{"embeddable":true,"href":"https:\/\/toptan.coolsandalye.com\/ar\/wp-json\/wp\/v2\/comments?post=9456"}],"wp:featuredmedia":[{"embeddable":true,"href":"https:\/\/toptan.coolsandalye.com\/ar\/wp-json\/wp\/v2\/media\/9501"}],"wp:attachment":[{"href":"https:\/\/toptan.coolsandalye.com\/ar\/wp-json\/wp\/v2\/media?parent=9456"}],"wp:term":[{"taxonomy":"product_brand","embeddable":true,"href":"https:\/\/toptan.coolsandalye.com\/ar\/wp-json\/wp\/v2\/product_brand?post=9456"},{"taxonomy":"product_cat","embeddable":true,"href":"https:\/\/toptan.coolsandalye.com\/ar\/wp-json\/wp\/v2\/product_cat?post=9456"},{"taxonomy":"product_tag","embeddable":true,"href":"https:\/\/toptan.coolsandalye.com\/ar\/wp-json\/wp\/v2\/product_tag?post=9456"}],"curies":[{"name":"wp","href":"https:\/\/api.w.org\/{rel}","templated":true}]}}