{"id":9263,"date":"2025-02-26T14:06:15","date_gmt":"2025-02-26T11:06:15","guid":{"rendered":"https:\/\/toptan.coolsandalye.com\/?post_type=product&#038;p=9263"},"modified":"2025-06-30T15:30:55","modified_gmt":"2025-06-30T12:30:55","slug":"nora-vega-masa-takimi-tek-ayakli-ceviz","status":"publish","type":"product","link":"https:\/\/toptan.coolsandalye.com\/ar\/product\/nora-vega-masa-takimi-tek-ayakli-ceviz\/","title":{"rendered":"Nora Vega Masa Tak\u0131m\u0131 (Tek Ayakl\u0131) &#8211; Ceviz"},"content":{"rendered":"<p>Do\u011fal ve modern bir tarz arayanlar i\u00e7in tasarlanan Nora Vega Masa Tak\u0131m\u0131 (Tek Ayakl\u0131) &#8211; Ceviz, ceviz a\u011fac\u0131n\u0131n s\u0131cak tonlar\u0131yla ya\u015fam alanlar\u0131n\u0131za samimi bir atmosfer kazand\u0131r\u0131r. Tek ayakl\u0131 tasar\u0131m\u0131yla hem pratik hem de estetik bir \u00e7\u00f6z\u00fcm sunar.<\/p>","protected":false},"excerpt":{"rendered":"<p>Do\u011fal ve modern bir tarz arayanlar i\u00e7in tasarlanan Nora Vega Masa Tak\u0131m\u0131 (Tek Ayakl\u0131) &#8211; Ceviz, ceviz a\u011fac\u0131n\u0131n s\u0131cak tonlar\u0131yla ya\u015fam alanlar\u0131n\u0131za samimi bir atmosfer kazand\u0131r\u0131r. Tek ayakl\u0131 tasar\u0131m\u0131yla hem pratik hem de estetik bir \u00e7\u00f6z\u00fcm sunar.<\/p>","protected":false},"featured_media":9265,"comment_status":"open","ping_status":"closed","template":"","meta":[],"product_brand":[],"product_cat":[56],"product_tag":[130],"class_list":{"0":"post-9263","1":"product","2":"type-product","3":"status-publish","4":"has-post-thumbnail","6":"product_cat-masa-takimi","7":"product_tag-ahsap-iskandinav","9":"first","10":"instock","11":"shipping-taxable","12":"product-type-simple"},"_links":{"self":[{"href":"https:\/\/toptan.coolsandalye.com\/ar\/wp-json\/wp\/v2\/product\/9263","targetHints":{"allow":["GET"]}}],"collection":[{"href":"https:\/\/toptan.coolsandalye.com\/ar\/wp-json\/wp\/v2\/product"}],"about":[{"href":"https:\/\/toptan.coolsandalye.com\/ar\/wp-json\/wp\/v2\/types\/product"}],"replies":[{"embeddable":true,"href":"https:\/\/toptan.coolsandalye.com\/ar\/wp-json\/wp\/v2\/comments?post=9263"}],"wp:featuredmedia":[{"embeddable":true,"href":"https:\/\/toptan.coolsandalye.com\/ar\/wp-json\/wp\/v2\/media\/9265"}],"wp:attachment":[{"href":"https:\/\/toptan.coolsandalye.com\/ar\/wp-json\/wp\/v2\/media?parent=9263"}],"wp:term":[{"taxonomy":"product_brand","embeddable":true,"href":"https:\/\/toptan.coolsandalye.com\/ar\/wp-json\/wp\/v2\/product_brand?post=9263"},{"taxonomy":"product_cat","embeddable":true,"href":"https:\/\/toptan.coolsandalye.com\/ar\/wp-json\/wp\/v2\/product_cat?post=9263"},{"taxonomy":"product_tag","embeddable":true,"href":"https:\/\/toptan.coolsandalye.com\/ar\/wp-json\/wp\/v2\/product_tag?post=9263"}],"curies":[{"name":"wp","href":"https:\/\/api.w.org\/{rel}","templated":true}]}}