{"id":9252,"date":"2024-11-21T12:09:28","date_gmt":"2024-11-21T09:09:28","guid":{"rendered":"https:\/\/toptan.coolsandalye.com\/?post_type=product&#038;p=9252"},"modified":"2025-06-30T15:30:54","modified_gmt":"2025-06-30T12:30:54","slug":"kutuk-lam-masa-ceviz","status":"publish","type":"product","link":"https:\/\/toptan.coolsandalye.com\/ar\/product\/kutuk-lam-masa-ceviz\/","title":{"rendered":"\u0637\u0627\u0648\u0644\u0629 \u0644\u0648\u063a \u0644\u0627\u0645 \u0644\u0627\u0645 - \u062e\u0634\u0628 \u0627\u0644\u062c\u0648\u0632"},"content":{"rendered":"<p>Do\u011fall\u0131\u011f\u0131n ve zarafetin e\u015fsiz bulu\u015fmas\u0131 olan K\u00fct\u00fck Lam Masa, ya\u015fam alanlar\u0131n\u0131za s\u0131cak bir atmosfer kazand\u0131r\u0131r. Ceviz a\u011fac\u0131n\u0131n do\u011fal dokusunu ve sa\u011flam yap\u0131s\u0131n\u0131 modern bir tasar\u0131mla birle\u015ftirerek benzersiz bir estetik sunar.<\/p>","protected":false},"excerpt":{"rendered":"<p>Do\u011fall\u0131\u011f\u0131n ve zarafetin e\u015fsiz bulu\u015fmas\u0131 olan K\u00fct\u00fck Lam Masa, ya\u015fam alanlar\u0131n\u0131za s\u0131cak bir atmosfer kazand\u0131r\u0131r. Ceviz a\u011fac\u0131n\u0131n do\u011fal dokusunu ve sa\u011flam yap\u0131s\u0131n\u0131 modern bir tasar\u0131mla birle\u015ftirerek benzersiz bir estetik sunar.<\/p>","protected":false},"featured_media":9253,"comment_status":"open","ping_status":"closed","template":"","meta":[],"product_brand":[],"product_cat":[88],"product_tag":[],"class_list":{"0":"post-9252","1":"product","2":"type-product","3":"status-publish","4":"has-post-thumbnail","6":"product_cat-masa","8":"first","9":"instock","10":"shipping-taxable","11":"product-type-simple"},"_links":{"self":[{"href":"https:\/\/toptan.coolsandalye.com\/ar\/wp-json\/wp\/v2\/product\/9252","targetHints":{"allow":["GET"]}}],"collection":[{"href":"https:\/\/toptan.coolsandalye.com\/ar\/wp-json\/wp\/v2\/product"}],"about":[{"href":"https:\/\/toptan.coolsandalye.com\/ar\/wp-json\/wp\/v2\/types\/product"}],"replies":[{"embeddable":true,"href":"https:\/\/toptan.coolsandalye.com\/ar\/wp-json\/wp\/v2\/comments?post=9252"}],"wp:featuredmedia":[{"embeddable":true,"href":"https:\/\/toptan.coolsandalye.com\/ar\/wp-json\/wp\/v2\/media\/9253"}],"wp:attachment":[{"href":"https:\/\/toptan.coolsandalye.com\/ar\/wp-json\/wp\/v2\/media?parent=9252"}],"wp:term":[{"taxonomy":"product_brand","embeddable":true,"href":"https:\/\/toptan.coolsandalye.com\/ar\/wp-json\/wp\/v2\/product_brand?post=9252"},{"taxonomy":"product_cat","embeddable":true,"href":"https:\/\/toptan.coolsandalye.com\/ar\/wp-json\/wp\/v2\/product_cat?post=9252"},{"taxonomy":"product_tag","embeddable":true,"href":"https:\/\/toptan.coolsandalye.com\/ar\/wp-json\/wp\/v2\/product_tag?post=9252"}],"curies":[{"name":"wp","href":"https:\/\/api.w.org\/{rel}","templated":true}]}}