{"id":9245,"date":"2024-11-20T16:11:22","date_gmt":"2024-11-20T13:11:22","guid":{"rendered":"https:\/\/toptan.coolsandalye.com\/?post_type=product&#038;p=9245"},"modified":"2025-06-30T15:30:54","modified_gmt":"2025-06-30T12:30:54","slug":"oval-masa-ceviz","status":"publish","type":"product","link":"https:\/\/toptan.coolsandalye.com\/ar\/product\/oval-masa-ceviz\/","title":{"rendered":"\u0637\u0627\u0648\u0644\u0629 \u0628\u064a\u0636\u0627\u0648\u064a\u0629 - \u062e\u0634\u0628 \u0627\u0644\u062c\u0648\u0632"},"content":{"rendered":"<p>E\u015fsiz bir zarafeti do\u011fal dokuyla birle\u015ftiren <strong>\u0637\u0627\u0648\u0644\u0629 \u0628\u064a\u0636\u0627\u0648\u064a\u0629 - \u062e\u0634\u0628 \u0627\u0644\u062c\u0648\u0632<\/strong>, ya\u015fam alanlar\u0131n\u0131za s\u0131cakl\u0131k ve estetik kat\u0131yor. Oval tasar\u0131m\u0131 sayesinde modern bir g\u00f6r\u00fcn\u00fcm sunarken, ceviz a\u011fac\u0131n\u0131n do\u011fal dokusu ve dayan\u0131kl\u0131l\u0131\u011f\u0131 ile \u00f6ne \u00e7\u0131k\u0131yor.<\/p>","protected":false},"excerpt":{"rendered":"<p>E\u015fsiz bir zarafeti do\u011fal dokuyla birle\u015ftiren <strong>\u0637\u0627\u0648\u0644\u0629 \u0628\u064a\u0636\u0627\u0648\u064a\u0629 - \u062e\u0634\u0628 \u0627\u0644\u062c\u0648\u0632<\/strong>, ya\u015fam alanlar\u0131n\u0131za s\u0131cakl\u0131k ve estetik kat\u0131yor. Oval tasar\u0131m\u0131 sayesinde modern bir g\u00f6r\u00fcn\u00fcm sunarken, ceviz a\u011fac\u0131n\u0131n do\u011fal dokusu ve dayan\u0131kl\u0131l\u0131\u011f\u0131 ile \u00f6ne \u00e7\u0131k\u0131yor.<\/p>","protected":false},"featured_media":7044,"comment_status":"open","ping_status":"closed","template":"","meta":[],"product_brand":[],"product_cat":[88],"product_tag":[],"class_list":{"0":"post-9245","1":"product","2":"type-product","3":"status-publish","4":"has-post-thumbnail","6":"product_cat-masa","8":"first","9":"instock","10":"shipping-taxable","11":"product-type-simple"},"_links":{"self":[{"href":"https:\/\/toptan.coolsandalye.com\/ar\/wp-json\/wp\/v2\/product\/9245","targetHints":{"allow":["GET"]}}],"collection":[{"href":"https:\/\/toptan.coolsandalye.com\/ar\/wp-json\/wp\/v2\/product"}],"about":[{"href":"https:\/\/toptan.coolsandalye.com\/ar\/wp-json\/wp\/v2\/types\/product"}],"replies":[{"embeddable":true,"href":"https:\/\/toptan.coolsandalye.com\/ar\/wp-json\/wp\/v2\/comments?post=9245"}],"wp:featuredmedia":[{"embeddable":true,"href":"https:\/\/toptan.coolsandalye.com\/ar\/wp-json\/wp\/v2\/media\/7044"}],"wp:attachment":[{"href":"https:\/\/toptan.coolsandalye.com\/ar\/wp-json\/wp\/v2\/media?parent=9245"}],"wp:term":[{"taxonomy":"product_brand","embeddable":true,"href":"https:\/\/toptan.coolsandalye.com\/ar\/wp-json\/wp\/v2\/product_brand?post=9245"},{"taxonomy":"product_cat","embeddable":true,"href":"https:\/\/toptan.coolsandalye.com\/ar\/wp-json\/wp\/v2\/product_cat?post=9245"},{"taxonomy":"product_tag","embeddable":true,"href":"https:\/\/toptan.coolsandalye.com\/ar\/wp-json\/wp\/v2\/product_tag?post=9245"}],"curies":[{"name":"wp","href":"https:\/\/api.w.org\/{rel}","templated":true}]}}