{"id":9238,"date":"2024-11-20T14:46:03","date_gmt":"2024-11-20T11:46:03","guid":{"rendered":"https:\/\/toptan.coolsandalye.com\/?post_type=product&#038;p=9238"},"modified":"2025-06-30T15:30:59","modified_gmt":"2025-06-30T12:30:59","slug":"lam-masa-siyah-mermer","status":"publish","type":"product","link":"https:\/\/toptan.coolsandalye.com\/ar\/product\/lam-masa-siyah-mermer\/","title":{"rendered":"\u0637\u0627\u0648\u0644\u0629 \u0644\u0627\u0645 - \u0631\u062e\u0627\u0645 \u0623\u0633\u0648\u062f - \u0631\u062e\u0627\u0645 \u0623\u0633\u0648\u062f"},"content":{"rendered":"<p>Modern \u00e7izgilerin ve do\u011fal malzemenin e\u015fsiz bulu\u015fmas\u0131 olan <strong>\u0637\u0627\u0648\u0644\u0629 \u0644\u0627\u0645 - \u0631\u062e\u0627\u0645 \u0623\u0633\u0648\u062f - \u0631\u062e\u0627\u0645 \u0623\u0633\u0648\u062f<\/strong>, ya\u015fam alanlar\u0131n\u0131za sofistike bir dokunu\u015f kat\u0131yor. Siyah mermerin etkileyici \u015f\u0131kl\u0131\u011f\u0131 ve minimal tasar\u0131m\u0131, bu masay\u0131 hem fonksiyonel hem de dekoratif bir par\u00e7a haline getiriyor.<\/p>","protected":false},"excerpt":{"rendered":"<p>Modern \u00e7izgilerin ve do\u011fal malzemenin e\u015fsiz bulu\u015fmas\u0131 olan <strong>\u0637\u0627\u0648\u0644\u0629 \u0644\u0627\u0645 - \u0631\u062e\u0627\u0645 \u0623\u0633\u0648\u062f - \u0631\u062e\u0627\u0645 \u0623\u0633\u0648\u062f<\/strong>, ya\u015fam alanlar\u0131n\u0131za sofistike bir dokunu\u015f kat\u0131yor. Siyah mermerin etkileyici \u015f\u0131kl\u0131\u011f\u0131 ve minimal tasar\u0131m\u0131, bu masay\u0131 hem fonksiyonel hem de dekoratif bir par\u00e7a haline getiriyor.<\/p>","protected":false},"featured_media":9224,"comment_status":"open","ping_status":"closed","template":"","meta":[],"product_brand":[],"product_cat":[88],"product_tag":[],"class_list":{"0":"post-9238","1":"product","2":"type-product","3":"status-publish","4":"has-post-thumbnail","6":"product_cat-masa","8":"first","9":"instock","10":"shipping-taxable","11":"product-type-variable"},"_links":{"self":[{"href":"https:\/\/toptan.coolsandalye.com\/ar\/wp-json\/wp\/v2\/product\/9238","targetHints":{"allow":["GET"]}}],"collection":[{"href":"https:\/\/toptan.coolsandalye.com\/ar\/wp-json\/wp\/v2\/product"}],"about":[{"href":"https:\/\/toptan.coolsandalye.com\/ar\/wp-json\/wp\/v2\/types\/product"}],"replies":[{"embeddable":true,"href":"https:\/\/toptan.coolsandalye.com\/ar\/wp-json\/wp\/v2\/comments?post=9238"}],"wp:featuredmedia":[{"embeddable":true,"href":"https:\/\/toptan.coolsandalye.com\/ar\/wp-json\/wp\/v2\/media\/9224"}],"wp:attachment":[{"href":"https:\/\/toptan.coolsandalye.com\/ar\/wp-json\/wp\/v2\/media?parent=9238"}],"wp:term":[{"taxonomy":"product_brand","embeddable":true,"href":"https:\/\/toptan.coolsandalye.com\/ar\/wp-json\/wp\/v2\/product_brand?post=9238"},{"taxonomy":"product_cat","embeddable":true,"href":"https:\/\/toptan.coolsandalye.com\/ar\/wp-json\/wp\/v2\/product_cat?post=9238"},{"taxonomy":"product_tag","embeddable":true,"href":"https:\/\/toptan.coolsandalye.com\/ar\/wp-json\/wp\/v2\/product_tag?post=9238"}],"curies":[{"name":"wp","href":"https:\/\/api.w.org\/{rel}","templated":true}]}}