{"id":9234,"date":"2024-11-20T14:38:16","date_gmt":"2024-11-20T11:38:16","guid":{"rendered":"https:\/\/toptan.coolsandalye.com\/?post_type=product&#038;p=9234"},"modified":"2025-06-30T15:30:55","modified_gmt":"2025-06-30T12:30:55","slug":"lam-atlantik-cam-masa-beyaz-mermer","status":"publish","type":"product","link":"https:\/\/toptan.coolsandalye.com\/ar\/product\/lam-atlantik-cam-masa-beyaz-mermer\/","title":{"rendered":"\u0637\u0627\u0648\u0644\u0629 \u0645\u0646 \u062e\u0634\u0628 \u0627\u0644\u0635\u0646\u0648\u0628\u0631 \u0627\u0644\u0623\u0637\u0644\u0646\u0637\u064a \u0644\u0627\u0645 \u0623\u062a\u0644\u0627\u0646\u062a\u064a\u0643 - \u0631\u062e\u0627\u0645 \u0623\u0628\u064a\u0636"},"content":{"rendered":"<p>Modern tasar\u0131m\u0131n do\u011fall\u0131kla bulu\u015ftu\u011fu <strong>\u0637\u0627\u0648\u0644\u0629 \u0645\u0646 \u062e\u0634\u0628 \u0627\u0644\u0635\u0646\u0648\u0628\u0631 \u0627\u0644\u0623\u0637\u0644\u0646\u0637\u064a \u0644\u0627\u0645 \u0623\u062a\u0644\u0627\u0646\u062a\u064a\u0643 - \u0631\u062e\u0627\u0645 \u0623\u0628\u064a\u0636<\/strong>, ya\u015fam alanlar\u0131n\u0131z\u0131 zarafetle dolduruyor. Atlantik \u00e7am\u0131n\u0131n s\u0131cak dokusu ve beyaz mermerin sade \u015f\u0131kl\u0131\u011f\u0131 bir araya gelerek hem estetik hem de i\u015flevsel bir mobilya ortaya \u00e7\u0131kar\u0131yor.<\/p>","protected":false},"excerpt":{"rendered":"<p>Modern tasar\u0131m\u0131n do\u011fall\u0131kla bulu\u015ftu\u011fu <strong>\u0637\u0627\u0648\u0644\u0629 \u0645\u0646 \u062e\u0634\u0628 \u0627\u0644\u0635\u0646\u0648\u0628\u0631 \u0627\u0644\u0623\u0637\u0644\u0646\u0637\u064a \u0644\u0627\u0645 \u0623\u062a\u0644\u0627\u0646\u062a\u064a\u0643 - \u0631\u062e\u0627\u0645 \u0623\u0628\u064a\u0636<\/strong>, ya\u015fam alanlar\u0131n\u0131z\u0131 zarafetle dolduruyor. Atlantik \u00e7am\u0131n\u0131n s\u0131cak dokusu ve beyaz mermerin sade \u015f\u0131kl\u0131\u011f\u0131 bir araya gelerek hem estetik hem de i\u015flevsel bir mobilya ortaya \u00e7\u0131kar\u0131yor.<\/p>","protected":false},"featured_media":9237,"comment_status":"open","ping_status":"closed","template":"","meta":[],"product_brand":[],"product_cat":[88],"product_tag":[],"class_list":{"0":"post-9234","1":"product","2":"type-product","3":"status-publish","4":"has-post-thumbnail","6":"product_cat-masa","8":"first","9":"instock","10":"shipping-taxable","11":"product-type-variable"},"_links":{"self":[{"href":"https:\/\/toptan.coolsandalye.com\/ar\/wp-json\/wp\/v2\/product\/9234","targetHints":{"allow":["GET"]}}],"collection":[{"href":"https:\/\/toptan.coolsandalye.com\/ar\/wp-json\/wp\/v2\/product"}],"about":[{"href":"https:\/\/toptan.coolsandalye.com\/ar\/wp-json\/wp\/v2\/types\/product"}],"replies":[{"embeddable":true,"href":"https:\/\/toptan.coolsandalye.com\/ar\/wp-json\/wp\/v2\/comments?post=9234"}],"wp:featuredmedia":[{"embeddable":true,"href":"https:\/\/toptan.coolsandalye.com\/ar\/wp-json\/wp\/v2\/media\/9237"}],"wp:attachment":[{"href":"https:\/\/toptan.coolsandalye.com\/ar\/wp-json\/wp\/v2\/media?parent=9234"}],"wp:term":[{"taxonomy":"product_brand","embeddable":true,"href":"https:\/\/toptan.coolsandalye.com\/ar\/wp-json\/wp\/v2\/product_brand?post=9234"},{"taxonomy":"product_cat","embeddable":true,"href":"https:\/\/toptan.coolsandalye.com\/ar\/wp-json\/wp\/v2\/product_cat?post=9234"},{"taxonomy":"product_tag","embeddable":true,"href":"https:\/\/toptan.coolsandalye.com\/ar\/wp-json\/wp\/v2\/product_tag?post=9234"}],"curies":[{"name":"wp","href":"https:\/\/api.w.org\/{rel}","templated":true}]}}