{"id":7358,"date":"2025-02-26T14:06:11","date_gmt":"2025-02-26T11:06:11","guid":{"rendered":"https:\/\/toptan.coolsandalye.com\/?post_type=product&#038;p=7358"},"modified":"2025-06-30T15:31:10","modified_gmt":"2025-06-30T12:31:10","slug":"zena-lina-yuvarlak-masa-takimi-siyah","status":"publish","type":"product","link":"https:\/\/toptan.coolsandalye.com\/ar\/product\/zena-lina-yuvarlak-masa-takimi-siyah\/","title":{"rendered":"Zena Lina Yuvarlak Masa Tak\u0131m\u0131 \u2013 Siyah"},"content":{"rendered":"<p><span style=\"font-weight: 400;\">Zena Lina Yuvarlak Masa Tak\u0131m\u0131, modern tasar\u0131m\u0131 ve \u015f\u0131k siyah ayaklar\u0131 ve ah\u015fap masa y\u00fczeyi ile ya\u015fam alan\u0131n\u0131za zarif bir dokunu\u015f kat\u0131yor. Cool Sandalye taraf\u0131ndan \u00fcretilen bu set, d\u00f6rt ergonomik sandalye ile birlikte gelir ve konforu \u00f6n planda tutar. Dayan\u0131kl\u0131 malzemesi sayesinde uzun \u00f6m\u00fcrl\u00fc kullan\u0131m sunar. Mutfak, yemek odas\u0131 veya ofisler i\u00e7in ideal bir se\u00e7imdir.\u00a0<\/span><\/p>\n<p><b>\u0645\u0648\u0627\u0635\u0641\u0627\u062a \u0627\u0644\u0645\u0646\u062a\u062c:<\/b><\/p>\n<ul>\n<li style=\"font-weight: 400;\" aria-level=\"1\"><span style=\"font-weight: 400;\">\u0625\u0637\u0627\u0631 \u062e\u0634\u0628\u064a<\/span><\/li>\n<li style=\"font-weight: 400;\" aria-level=\"1\"><span style=\"font-weight: 400;\">\u062a\u0635\u0645\u064a\u0645 \u0639\u0635\u0631\u064a \u0648\u0628\u0633\u064a\u0637<\/span><\/li>\n<li style=\"font-weight: 400;\" aria-level=\"1\"><span style=\"font-weight: 400;\">\u0647\u064a\u0643\u0644 \u0645\u0631\u064a\u062d<\/span><\/li>\n<li style=\"font-weight: 400;\" aria-level=\"1\"><span style=\"font-weight: 400;\">\u062e\u0634\u0628 \u0637\u0628\u064a\u0639\u064a \u0648\u0646\u0633\u064a\u062c \u0628\u0623\u0644\u0648\u0627\u0646 \u0645\u062d\u0627\u064a\u062f\u0629\u00a0<\/span><\/li>\n<li style=\"font-weight: 400;\" aria-level=\"1\"><span style=\"font-weight: 400;\">\u064a\u0645\u0643\u0646 \u062a\u063a\u064a\u064a\u0631 \u0644\u0648\u0646 \u0627\u0644\u0642\u0645\u0627\u0634 \u0639\u0646\u062f \u0627\u0644\u0637\u0644\u0628.<\/span><\/li>\n<\/ul>","protected":false},"excerpt":{"rendered":"<p><span style=\"font-weight: 400;\">Zena Lina Yuvarlak Masa Tak\u0131m\u0131, modern tasar\u0131m\u0131 ve \u015f\u0131k siyah ayaklar\u0131 ve ah\u015fap masa y\u00fczeyi ile ya\u015fam alan\u0131n\u0131za zarif bir dokunu\u015f kat\u0131yor. Cool Sandalye taraf\u0131ndan \u00fcretilen bu set, d\u00f6rt ergonomik sandalye ile birlikte gelir ve konforu \u00f6n planda tutar. Dayan\u0131kl\u0131 malzemesi sayesinde uzun \u00f6m\u00fcrl\u00fc kullan\u0131m sunar. Mutfak, yemek odas\u0131 veya ofisler i\u00e7in ideal bir se\u00e7imdir.\u00a0<\/span><\/p>","protected":false},"featured_media":7359,"comment_status":"open","ping_status":"closed","template":"","meta":[],"product_brand":[],"product_cat":[56],"product_tag":[130,109],"class_list":{"0":"post-7358","1":"product","2":"type-product","3":"status-publish","4":"has-post-thumbnail","6":"product_cat-masa-takimi","7":"product_tag-ahsap-iskandinav","8":"product_tag-yeni","10":"first","11":"instock","12":"shipping-taxable","13":"product-type-variable"},"_links":{"self":[{"href":"https:\/\/toptan.coolsandalye.com\/ar\/wp-json\/wp\/v2\/product\/7358","targetHints":{"allow":["GET"]}}],"collection":[{"href":"https:\/\/toptan.coolsandalye.com\/ar\/wp-json\/wp\/v2\/product"}],"about":[{"href":"https:\/\/toptan.coolsandalye.com\/ar\/wp-json\/wp\/v2\/types\/product"}],"replies":[{"embeddable":true,"href":"https:\/\/toptan.coolsandalye.com\/ar\/wp-json\/wp\/v2\/comments?post=7358"}],"wp:featuredmedia":[{"embeddable":true,"href":"https:\/\/toptan.coolsandalye.com\/ar\/wp-json\/wp\/v2\/media\/7359"}],"wp:attachment":[{"href":"https:\/\/toptan.coolsandalye.com\/ar\/wp-json\/wp\/v2\/media?parent=7358"}],"wp:term":[{"taxonomy":"product_brand","embeddable":true,"href":"https:\/\/toptan.coolsandalye.com\/ar\/wp-json\/wp\/v2\/product_brand?post=7358"},{"taxonomy":"product_cat","embeddable":true,"href":"https:\/\/toptan.coolsandalye.com\/ar\/wp-json\/wp\/v2\/product_cat?post=7358"},{"taxonomy":"product_tag","embeddable":true,"href":"https:\/\/toptan.coolsandalye.com\/ar\/wp-json\/wp\/v2\/product_tag?post=7358"}],"curies":[{"name":"wp","href":"https:\/\/api.w.org\/{rel}","templated":true}]}}