{"id":6977,"date":"2024-07-30T13:50:29","date_gmt":"2024-07-30T10:50:29","guid":{"rendered":"https:\/\/toptan.coolsandalye.com\/?post_type=product&#038;p=6977"},"modified":"2025-06-30T15:29:28","modified_gmt":"2025-06-30T12:29:28","slug":"trio-sandalye-siyah","status":"publish","type":"product","link":"https:\/\/toptan.coolsandalye.com\/ar\/product\/trio-sandalye-siyah\/","title":{"rendered":"\u0643\u0631\u0633\u064a \u062b\u0644\u0627\u062b\u064a - \u0623\u0633\u0648\u062f"},"content":{"rendered":"<p><span style=\"font-weight: 400;\">Trio, Cool Sandalye markas\u0131n\u0131n ergonomik ve \u015f\u0131k bir sandalyesidir. Kullan\u0131c\u0131lar\u0131n uzun s\u00fcre rahat\u00e7a oturmas\u0131n\u0131 sa\u011flayan destekleyici ve ergonomik yap\u0131ya sahiptir. Y\u00fcksek kaliteli malzemelerden \u00fcretilmi\u015f olan Trio, dayan\u0131kl\u0131 ve uzun \u00f6m\u00fcrl\u00fc kullan\u0131m sunar. Yumu\u015fak ve konforlu kuma\u015f kaplamas\u0131 ile modern ve zarif tasar\u0131m\u0131, \u00e7e\u015fitli i\u00e7 mekan dekorasyonlar\u0131na uyum sa\u011flar. Minimalist \u00e7izgileri ve zarif g\u00f6r\u00fcn\u00fcm\u00fc ile dikkat \u00e7eker.\u00a0<\/span><\/p>\n<p><b>\u0627\u0644\u0645\u0627\u062f\u0629:<\/b><\/p>\n<ul>\n<li style=\"font-weight: 400;\" aria-level=\"1\"><b>\u0625\u0637\u0627\u0631 \u062e\u0634\u0628\u064a:<\/b><span style=\"font-weight: 400;\"> \u064a\u0648\u0641\u0631 \u0627\u0633\u062a\u062e\u062f\u0627\u0645 \u0627\u0644\u062e\u0634\u0628 \u0627\u0644\u0635\u0644\u0628 \u0627\u0644\u0645\u062a\u064a\u0646 \u0627\u0644\u0630\u064a \u064a\u062f\u0648\u0645 \u0637\u0648\u064a\u0644\u0627\u064b \u0628\u0646\u064a\u0629 \u0642\u0648\u064a\u0629 \u0648\u0645\u0638\u0647\u0631 \u062c\u0645\u0627\u0644\u064a \u0637\u0628\u064a\u0639\u064a.<\/span><\/li>\n<li style=\"font-weight: 400;\" aria-level=\"1\"><b>\u0627\u0644\u0623\u0631\u0636\u064a\u0627\u062a:<\/b><span style=\"font-weight: 400;\"> \u0645\u0641\u0631\u0648\u0634\u0627\u062a \u0642\u0645\u0627\u0634\u064a\u0629 \u0646\u0627\u0639\u0645\u0629 \u0648\u0645\u0631\u064a\u062d\u0629 \u0628\u0623\u0644\u0648\u0627\u0646 \u0637\u0628\u064a\u0639\u064a\u0629 \u0648\u0645\u062d\u0627\u064a\u062f\u0629 \u062a\u0648\u0641\u0631 \u062a\u062c\u0631\u0628\u0629 \u062c\u0644\u0648\u0633 \u0645\u0631\u064a\u062d\u0629.<\/span><\/li>\n<\/ul>\n<p><b>\u0627\u0644\u062a\u0635\u0645\u064a\u0645:<\/b><\/p>\n<ul>\n<li style=\"font-weight: 400;\" aria-level=\"1\"><b>\u062a\u0635\u0645\u064a\u0645 \u0639\u0635\u0631\u064a \u0648\u0628\u0633\u064a\u0637:<\/b><span style=\"font-weight: 400;\"> \u0628\u0641\u0636\u0644 \u062e\u0637\u0648\u0637\u0647\u0627 \u0627\u0644\u0646\u0638\u064a\u0641\u0629 \u0648\u062c\u0645\u0627\u0644\u064a\u0627\u062a\u0647\u0627 \u0627\u0644\u0628\u0633\u064a\u0637\u0629\u060c \u062a\u062a\u0643\u064a\u0641 \u0645\u0639 \u0623\u064a \u062f\u064a\u0643\u0648\u0631 \u062f\u0627\u062e\u0644\u064a.<\/span><\/li>\n<li style=\"font-weight: 400;\" aria-level=\"1\"><b>\u0647\u064a\u0643\u0644 \u0645\u0631\u064a\u062d:<\/b><span style=\"font-weight: 400;\"> \u064a\u0636\u0645\u0646 \u0644\u0643 \u0627\u0644\u062a\u0635\u0645\u064a\u0645 \u0627\u0644\u0645\u0631\u064a\u062d \u0644\u062a\u062c\u0631\u0628\u0629 \u062c\u0644\u0648\u0633 \u0645\u0631\u064a\u062d\u0629 \u0627\u0644\u0631\u0627\u062d\u0629 \u062d\u062a\u0649 \u0623\u062b\u0646\u0627\u0621 \u0627\u0644\u062c\u0644\u0648\u0633 \u0644\u0641\u062a\u0631\u0627\u062a \u0637\u0648\u064a\u0644\u0629.<\/span><\/li>\n<\/ul>\n<p><b>\u062e\u064a\u0627\u0631\u0627\u062a \u0627\u0644\u0623\u0644\u0648\u0627\u0646:<\/b><\/p>\n<ul>\n<li style=\"font-weight: 400;\" aria-level=\"1\"><b>\u062e\u0634\u0628 \u0637\u0628\u064a\u0639\u064a \u0648\u0645\u0641\u0631\u0648\u0634\u0627\u062a \u0642\u0645\u0627\u0634\u064a\u0629 \u0628\u0623\u0644\u0648\u0627\u0646 \u0645\u062d\u0627\u064a\u062f\u0629:<\/b><span style=\"font-weight: 400;\"> \u064a\u062a\u0643\u064a\u0641 \u0645\u0639 \u062c\u0645\u064a\u0639 \u0623\u0646\u0648\u0627\u0639 \u0627\u0644\u062f\u064a\u0643\u0648\u0631 \u0628\u062e\u064a\u0627\u0631\u0627\u062a \u0623\u0644\u0648\u0627\u0646\u0647 \u0627\u0644\u0628\u0633\u064a\u0637\u0629 \u0648\u0627\u0644\u0623\u0646\u064a\u0642\u0629.<\/span><\/li>\n<li style=\"font-weight: 400;\" aria-level=\"1\"><span style=\"font-weight: 400;\">\u0642\u062f \u062a\u062a\u0648\u0641\u0631 \u062e\u064a\u0627\u0631\u0627\u062a \u0645\u062e\u062a\u0644\u0641\u0629 \u0645\u0646 \u0627\u0644\u0623\u0644\u0648\u0627\u0646 \u0648\u0627\u0644\u0623\u0642\u0645\u0634\u0629\u060c \u0645\u0645\u0627 \u064a\u0648\u0641\u0631 \u0628\u062f\u0627\u0626\u0644 \u0645\u0646\u0627\u0633\u0628\u0629 \u0644\u0644\u062a\u0641\u0636\u064a\u0644\u0627\u062a \u0627\u0644\u0634\u062e\u0635\u064a\u0629.<\/span><\/li>\n<\/ul>\n<p><b>\u0645\u062c\u0627\u0644\u0627\u062a \u0627\u0644\u0627\u0633\u062a\u062e\u062f\u0627\u0645:<\/b><\/p>\n<ul>\n<li style=\"font-weight: 400;\" aria-level=\"1\"><span style=\"font-weight: 400;\">\u0645\u0646\u0627\u0633\u0628\u0629 \u0644\u0644\u0627\u0633\u062a\u062e\u062f\u0627\u0645 \u0641\u064a \u0645\u062e\u062a\u0644\u0641 \u0627\u0644\u062a\u0635\u0645\u064a\u0645\u0627\u062a \u0627\u0644\u062f\u0627\u062e\u0644\u064a\u0629 \u0645\u062b\u0644 \u063a\u0631\u0641\u0629 \u0627\u0644\u0645\u0639\u064a\u0634\u0629 \u0623\u0648 \u063a\u0631\u0641\u0629 \u0627\u0644\u0637\u0639\u0627\u0645 \u0623\u0648 \u0627\u0644\u0645\u0643\u062a\u0628 \u0623\u0648 \u063a\u0631\u0641\u0629 \u0627\u0644\u062f\u0631\u0627\u0633\u0629\u060c \u0641\u0647\u064a \u062a\u0648\u0641\u0631 \u0627\u0633\u062a\u062e\u062f\u0627\u0645\u064b\u0627 \u0645\u062a\u0639\u062f\u062f \u0627\u0644\u0623\u063a\u0631\u0627\u0636.<\/span><\/li>\n<\/ul>","protected":false},"excerpt":{"rendered":"<p><span style=\"font-weight: 400;\">Trio, Cool Sandalye markas\u0131n\u0131n ergonomik ve \u015f\u0131k bir sandalyesidir. Kullan\u0131c\u0131lar\u0131n uzun s\u00fcre rahat\u00e7a oturmas\u0131n\u0131 sa\u011flayan destekleyici ve ergonomik yap\u0131ya sahiptir. Y\u00fcksek kaliteli malzemelerden \u00fcretilmi\u015f olan Trio, dayan\u0131kl\u0131 ve uzun \u00f6m\u00fcrl\u00fc kullan\u0131m sunar. Yumu\u015fak ve konforlu kuma\u015f kaplamas\u0131 ile modern ve zarif tasar\u0131m\u0131, \u00e7e\u015fitli i\u00e7 mekan dekorasyonlar\u0131na uyum sa\u011flar. Minimalist \u00e7izgileri ve zarif g\u00f6r\u00fcn\u00fcm\u00fc ile dikkat \u00e7eker.\u00a0<\/span><\/p>","protected":false},"featured_media":6955,"comment_status":"open","ping_status":"closed","template":"","meta":[],"product_brand":[],"product_cat":[54],"product_tag":[130],"class_list":{"0":"post-6977","1":"product","2":"type-product","3":"status-publish","4":"has-post-thumbnail","6":"product_cat-sandalye","7":"product_tag-ahsap-iskandinav","9":"first","10":"instock","11":"shipping-taxable","12":"product-type-variable"},"_links":{"self":[{"href":"https:\/\/toptan.coolsandalye.com\/ar\/wp-json\/wp\/v2\/product\/6977","targetHints":{"allow":["GET"]}}],"collection":[{"href":"https:\/\/toptan.coolsandalye.com\/ar\/wp-json\/wp\/v2\/product"}],"about":[{"href":"https:\/\/toptan.coolsandalye.com\/ar\/wp-json\/wp\/v2\/types\/product"}],"replies":[{"embeddable":true,"href":"https:\/\/toptan.coolsandalye.com\/ar\/wp-json\/wp\/v2\/comments?post=6977"}],"wp:featuredmedia":[{"embeddable":true,"href":"https:\/\/toptan.coolsandalye.com\/ar\/wp-json\/wp\/v2\/media\/6955"}],"wp:attachment":[{"href":"https:\/\/toptan.coolsandalye.com\/ar\/wp-json\/wp\/v2\/media?parent=6977"}],"wp:term":[{"taxonomy":"product_brand","embeddable":true,"href":"https:\/\/toptan.coolsandalye.com\/ar\/wp-json\/wp\/v2\/product_brand?post=6977"},{"taxonomy":"product_cat","embeddable":true,"href":"https:\/\/toptan.coolsandalye.com\/ar\/wp-json\/wp\/v2\/product_cat?post=6977"},{"taxonomy":"product_tag","embeddable":true,"href":"https:\/\/toptan.coolsandalye.com\/ar\/wp-json\/wp\/v2\/product_tag?post=6977"}],"curies":[{"name":"wp","href":"https:\/\/api.w.org\/{rel}","templated":true}]}}