{"id":4872,"date":"2025-02-26T14:06:08","date_gmt":"2025-02-26T11:06:08","guid":{"rendered":"https:\/\/toptan.coolsandalye.com\/product\/tac-kutuk-masa-takimi-parke-ceviz\/"},"modified":"2025-06-30T15:30:31","modified_gmt":"2025-06-30T12:30:31","slug":"kutuk-lam-tac-masa-takimi-ceviz","status":"publish","type":"product","link":"https:\/\/toptan.coolsandalye.com\/ar\/product\/kutuk-lam-tac-masa-takimi-ceviz\/","title":{"rendered":"K\u00fct\u00fck Lam Ta\u00e7 Masa Tak\u0131m\u0131 &#8211; Ceviz"},"content":{"rendered":"<p>\u062a\u062a\u0645\u064a\u0632 \u0623\u0637\u0642\u0645 \u0627\u0644\u0637\u0627\u0648\u0644\u0627\u062a \u0627\u0644\u0645\u0639\u062f\u0646\u064a\u0629 \u0627\u0644\u0645\u0635\u0645\u0645\u0629 \u0644\u0644\u0627\u0633\u062a\u062e\u062f\u0627\u0645 \u0641\u064a \u0627\u0644\u062f\u0627\u062e\u0644 \u0648\u0627\u0644\u062e\u0627\u0631\u062c \u0639\u0644\u0649 \u062d\u062f \u0633\u0648\u0627\u0621\u060c \u0628\u0647\u064a\u0643\u0644\u0647\u0627 \u0627\u0644\u0645\u0642\u0627\u0648\u0645 \u0644\u0644\u0639\u0648\u0627\u0645\u0644 \u0627\u0644\u062c\u0648\u064a\u0629. \u062a\u0636\u0641\u064a \u0647\u0630\u0647 \u0627\u0644\u0637\u0627\u0648\u0644\u0627\u062a \u0627\u0644\u062a\u064a \u0644\u0627 \u062a\u062a\u0623\u062b\u0631 \u0628\u0623\u0634\u0639\u0629 \u0627\u0644\u0634\u0645\u0633 \u0648\u0627\u0644\u0645\u0627\u0621 \u0648\u0627\u0644\u0631\u0637\u0648\u0628\u0629 \u062c\u0648\u0627\u064b \u0623\u0646\u064a\u0642\u0627\u064b \u0641\u064a \u062d\u062f\u0627\u0626\u0642\u0643 \u0648\u0634\u0631\u0641\u0627\u062a\u0643.<\/p>","protected":false},"excerpt":{"rendered":"<p>\u062a\u062a\u0645\u064a\u0632 \u0623\u0637\u0642\u0645 \u0627\u0644\u0637\u0627\u0648\u0644\u0627\u062a \u0627\u0644\u0645\u0639\u062f\u0646\u064a\u0629 \u0627\u0644\u0645\u0635\u0645\u0645\u0629 \u0644\u0644\u0627\u0633\u062a\u062e\u062f\u0627\u0645 \u0641\u064a \u0627\u0644\u062f\u0627\u062e\u0644 \u0648\u0627\u0644\u062e\u0627\u0631\u062c \u0639\u0644\u0649 \u062d\u062f \u0633\u0648\u0627\u0621\u060c \u0628\u0647\u064a\u0643\u0644\u0647\u0627 \u0627\u0644\u0645\u0642\u0627\u0648\u0645 \u0644\u0644\u0639\u0648\u0627\u0645\u0644 \u0627\u0644\u062c\u0648\u064a\u0629. \u062a\u0636\u0641\u064a \u0647\u0630\u0647 \u0627\u0644\u0637\u0627\u0648\u0644\u0627\u062a \u0627\u0644\u062a\u064a \u0644\u0627 \u062a\u062a\u0623\u062b\u0631 \u0628\u0623\u0634\u0639\u0629 \u0627\u0644\u0634\u0645\u0633 \u0648\u0627\u0644\u0645\u0627\u0621 \u0648\u0627\u0644\u0631\u0637\u0648\u0628\u0629 \u062c\u0648\u0627\u064b \u0623\u0646\u064a\u0642\u0627\u064b \u0641\u064a \u062d\u062f\u0627\u0626\u0642\u0643 \u0648\u0634\u0631\u0641\u0627\u062a\u0643.<\/p>","protected":false},"featured_media":4201,"comment_status":"open","ping_status":"closed","template":"","meta":[],"product_brand":[],"product_cat":[56],"product_tag":[131],"class_list":{"0":"post-4872","1":"product","2":"type-product","3":"status-publish","4":"has-post-thumbnail","6":"product_cat-masa-takimi","7":"product_tag-metal-mutfak","9":"first","10":"instock","11":"shipping-taxable","12":"product-type-variable"},"_links":{"self":[{"href":"https:\/\/toptan.coolsandalye.com\/ar\/wp-json\/wp\/v2\/product\/4872","targetHints":{"allow":["GET"]}}],"collection":[{"href":"https:\/\/toptan.coolsandalye.com\/ar\/wp-json\/wp\/v2\/product"}],"about":[{"href":"https:\/\/toptan.coolsandalye.com\/ar\/wp-json\/wp\/v2\/types\/product"}],"replies":[{"embeddable":true,"href":"https:\/\/toptan.coolsandalye.com\/ar\/wp-json\/wp\/v2\/comments?post=4872"}],"wp:featuredmedia":[{"embeddable":true,"href":"https:\/\/toptan.coolsandalye.com\/ar\/wp-json\/wp\/v2\/media\/4201"}],"wp:attachment":[{"href":"https:\/\/toptan.coolsandalye.com\/ar\/wp-json\/wp\/v2\/media?parent=4872"}],"wp:term":[{"taxonomy":"product_brand","embeddable":true,"href":"https:\/\/toptan.coolsandalye.com\/ar\/wp-json\/wp\/v2\/product_brand?post=4872"},{"taxonomy":"product_cat","embeddable":true,"href":"https:\/\/toptan.coolsandalye.com\/ar\/wp-json\/wp\/v2\/product_cat?post=4872"},{"taxonomy":"product_tag","embeddable":true,"href":"https:\/\/toptan.coolsandalye.com\/ar\/wp-json\/wp\/v2\/product_tag?post=4872"}],"curies":[{"name":"wp","href":"https:\/\/api.w.org\/{rel}","templated":true}]}}