{"id":4816,"date":"2025-02-26T14:06:04","date_gmt":"2025-02-26T11:06:04","guid":{"rendered":"https:\/\/toptan.coolsandalye.com\/product\/kelebek-masa-takimi-beyaz-mermer\/"},"modified":"2025-06-30T15:31:54","modified_gmt":"2025-06-30T12:31:54","slug":"lam-kelebek-masa-takimi-beyaz-mermer","status":"publish","type":"product","link":"https:\/\/toptan.coolsandalye.com\/ar\/product\/lam-kelebek-masa-takimi-beyaz-mermer\/","title":{"rendered":"Lam Kelebek Masa Tak\u0131m\u0131 &#8211; Beyaz Mermer"},"content":{"rendered":"<div class=\"flex max-w-full flex-col flex-grow\">\n<div class=\"min-h-[20px] text-message flex w-full flex-col items-end gap-2 break-words [.text-message+&amp;]:mt-5 overflow-x-auto whitespace-normal\" dir=\"auto\" data-message-author-role=\"assistant\" data-message-id=\"ae353def-ed4f-4b09-93c9-e8bffa70dc67\">\n<div class=\"flex w-full flex-col gap-1 empty:hidden first:pt-[3px]\">\n<div class=\"markdown prose w-full break-words dark:prose-invert dark\">\n<p>Lam Kelebek Masa Tak\u0131m\u0131, zarif beyaz mermer y\u00fczeyi ve modern tasar\u0131m\u0131yla dikkat \u00e7eker. Dayan\u0131kl\u0131 malzemesi ve estetik g\u00f6r\u00fcn\u00fcm\u00fcyle hem ev hem de i\u015f yerlerinde \u015f\u0131kl\u0131k ve fonksiyonellik sa\u011flar. \u015e\u0131k detaylar\u0131yla mekan\u0131n\u0131za zarif bir dokunu\u015f katar. Ayr\u0131ca, a\u00e7\u0131labilir yap\u0131s\u0131yla geni\u015f alan ihtiya\u00e7lar\u0131n\u0131za esnek bir \u00e7\u00f6z\u00fcm sunar.<\/p>\n\t\t\t\t\t\t\t<h3 style=\"margin-bottom:20px;display:block;width:100%;margin-top:10px\">\u0627\u0644\u0623\u0633\u0626\u0644\u0629 \u0627\u0644\u0645\u062a\u062f\u0627\u0648\u0644\u0629 <\/h3>\r\n\t\t\t\t\t\t<style>\r\n\t\t\t\t<style>\r\n#wpsm_accordion_7870 .wpsm_panel-heading{\r\n\tpadding:0px !important;\r\n}\r\n#wpsm_accordion_7870 .wpsm_panel-title {\r\n\tmargin:0px !important; \r\n\ttext-transform:none !important;\r\n\tline-height: 1 !important;\r\n}\r\n#wpsm_accordion_7870 .wpsm_panel-title a{\r\n\ttext-decoration:none;\r\n\toverflow:hidden;\r\n\tdisplay:block;\r\n\tpadding:0px;\r\n\tfont-size: 18px !important;\r\n\tfont-family: 0 !important;\r\n\tcolor:#000000 !important;\r\n\tborder-bottom:0px !important;\r\n}\r\n\r\n#wpsm_accordion_7870 .wpsm_panel-title a:focus {\r\noutline: 0px !important;\r\n}\r\n\r\n#wpsm_accordion_7870 .wpsm_panel-title a:hover, #wpsm_accordion_7870 .wpsm_panel-title a:focus {\r\n\tcolor:#000000 !important;\r\n}\r\n#wpsm_accordion_7870 .acc-a{\r\n\tcolor: #000000 !important;\r\n\tbackground-color:#e8e8e8 !important;\r\n\tborder-color: #ddd;\r\n}\r\n#wpsm_accordion_7870 .wpsm_panel-default > .wpsm_panel-heading{\r\n\tcolor: #000000 !important;\r\n\tbackground-color: #e8e8e8 !important;\r\n\tborder-color: #e8e8e8 !important;\r\n\tborder-top-left-radius: 0px;\r\n\tborder-top-right-radius: 0px;\r\n}\r\n#wpsm_accordion_7870 .wpsm_panel-default {\r\n\t\tborder:1px solid transparent !important;\r\n\t}\r\n#wpsm_accordion_7870 {\r\n\tmargin-bottom: 20px;\r\n\toverflow: hidden;\r\n\tfloat: none;\r\n\twidth: 100%;\r\n\tdisplay: block;\r\n}\r\n#wpsm_accordion_7870 .ac_title_class{\r\n\tdisplay: block;\r\n\tpadding-top: 12px;\r\n\tpadding-bottom: 12px;\r\n\tpadding-left: 15px;\r\n\tpadding-right: 15px;\r\n}\r\n#wpsm_accordion_7870  .wpsm_panel {\r\n\toverflow:hidden;\r\n\t-webkit-box-shadow: 0 0px 0px rgba(0, 0, 0, .05);\r\n\tbox-shadow: 0 0px 0px rgba(0, 0, 0, .05);\r\n\t\tborder-radius: 4px;\r\n\t}\r\n#wpsm_accordion_7870  .wpsm_panel + .wpsm_panel {\r\n\t\tmargin-top: 5px;\r\n\t}\r\n#wpsm_accordion_7870  .wpsm_panel-body{\r\n\tbackground-color:#ffffff !important;\r\n\tcolor:#000000 !important;\r\n\tborder-top-color: #e8e8e8 !important;\r\n\tfont-size:16px !important;\r\n\tfont-family: 0 !important;\r\n\toverflow: hidden;\r\n\t\tborder: 2px solid transparent !important;\r\n\t}\r\n\r\n#wpsm_accordion_7870 .ac_open_cl_icon{\r\n\tbackground-color:#e8e8e8 !important;\r\n\tcolor: #000000 !important;\r\n\tfloat:right !important;\r\n\tpadding-top: 12px !important;\r\n\tpadding-bottom: 12px !important;\r\n\tline-height: 1.0 !important;\r\n\tpadding-left: 15px !important;\r\n\tpadding-right: 15px !important;\r\n\tdisplay: inline-block !important;\r\n}\r\n\r\n\t\t\t\r\n\t\t\t<\/style>\t\r\n\t\t\t<\/style>\r\n\t\t\t<div class=\"wpsm_panel-group\" id=\"wpsm_accordion_7870\" >\r\n\t\t\t\t\t\t\t\t\r\n\t\t\t\t\t<!-- Inner panel Start -->\r\n\t\t\t\t\t<div class=\"wpsm_panel wpsm_panel-default\">\r\n\t\t\t\t\t\t<div class=\"wpsm_panel-heading\" role=\"tab\" >\r\n\t\t\t\t\t\t  <h4 class=\"wpsm_panel-title\">\r\n\t\t\t\t\t\t\t<a  class=\"\"  data-toggle=\"collapse\" data-parent=\"#wpsm_accordion_7870 \" href=\"javascript:void(0)\" data-target=\"#ac_7870_collapse1\" onclick=\"do_resize()\">\r\n\t\t\t\t\t\t\t\t\t\t\t\t\t\t\t\t\t<span class=\"ac_open_cl_icon fa fa-minus\"><\/span>\r\n\t\t\t\t\t\t\t\t\t\r\n\t\t\t\t\t\t\t\t \r\n\t\t\t\t\t\t\t\t<span class=\"ac_title_class\">\r\n\t\t\t\t\t\t\t\t\t\u0643\u064a\u0641 \u064a\u062c\u0628 \u062a\u0646\u0638\u064a\u0641 \u0633\u0637\u062d \u0627\u0644\u0631\u062e\u0627\u0645 \u0627\u0644\u0623\u0628\u064a\u0636\u061f\t\t\t\t\t\t\t\t<\/span>\r\n\t\t\t\t\t\t\t<\/a>\r\n\t\t\t\t\t\t  <\/h4>\r\n\t\t\t\t\t\t<\/div>\r\n\t\t\t\t\t\t<div id=\"ac_7870_collapse1\" class=\"wpsm_panel-collapse collapse in\"  >\r\n\t\t\t\t\t\t  <div class=\"wpsm_panel-body\">\r\n\t\t\t\t\t\t\t\u064a\u062c\u0628 \u062a\u0646\u0638\u064a\u0641 \u0633\u0637\u062d \u0627\u0644\u0631\u062e\u0627\u0645 \u0627\u0644\u0623\u0628\u064a\u0636 \u0628\u0627\u0644\u0645\u0627\u0621 \u0648\u0627\u0644\u0635\u0627\u0628\u0648\u0646 \u0627\u0644\u0645\u0639\u062a\u062f\u0644 \u0648\u0642\u0637\u0639\u0629 \u0642\u0645\u0627\u0634 \u0646\u0627\u0639\u0645\u0629.\t\t\t\t\t\t  <\/div>\r\n\t\t\t\t\t\t<\/div>\r\n\t\t\t\t\t<\/div>\r\n\t\t\t\t\t<!-- Inner panel End -->\r\n\t\t\t\t\t\r\n\t\t\t\t\t\t\t\t\r\n\t\t\t\t\t<!-- Inner panel Start -->\r\n\t\t\t\t\t<div class=\"wpsm_panel wpsm_panel-default\">\r\n\t\t\t\t\t\t<div class=\"wpsm_panel-heading\" role=\"tab\" >\r\n\t\t\t\t\t\t  <h4 class=\"wpsm_panel-title\">\r\n\t\t\t\t\t\t\t<a  class=\"collapsed\"  data-toggle=\"collapse\" data-parent=\"#wpsm_accordion_7870 \" href=\"javascript:void(0)\" data-target=\"#ac_7870_collapse2\" onclick=\"do_resize()\">\r\n\t\t\t\t\t\t\t\t\t\t\t\t\t\t\t\t\t<span class=\"ac_open_cl_icon fa fa-plus\"><\/span>\r\n\t\t\t\t\t\t\t\t\t\r\n\t\t\t\t\t\t\t\t \r\n\t\t\t\t\t\t\t\t<span class=\"ac_title_class\">\r\n\t\t\t\t\t\t\t\t\t\u0643\u0645 \u0639\u062f\u062f \u0627\u0644\u0623\u0634\u062e\u0627\u0635 \u0627\u0644\u0630\u064a\u0646 \u064a\u0645\u0643\u0646\u0647\u0645 \u0627\u0644\u062c\u0644\u0648\u0633 \u0639\u0644\u0649 \u0637\u0627\u0648\u0644\u0629 \u0627\u0644\u0645\u0637\u0628\u062e \u0627\u0644\u0642\u0627\u0628\u0644\u0629 \u0644\u0644\u062a\u0645\u062f\u064a\u062f\u061f\t\t\t\t\t\t\t\t<\/span>\r\n\t\t\t\t\t\t\t<\/a>\r\n\t\t\t\t\t\t  <\/h4>\r\n\t\t\t\t\t\t<\/div>\r\n\t\t\t\t\t\t<div id=\"ac_7870_collapse2\" class=\"wpsm_panel-collapse collapse\"  >\r\n\t\t\t\t\t\t  <div class=\"wpsm_panel-body\">\r\n\t\t\t\t\t\t\t\u0639\u0646\u062f\u0645\u0627 \u062a\u0643\u0648\u0646 \u0627\u0644\u0637\u0627\u0648\u0644\u0629 \u0645\u0643\u0634\u0648\u0641\u0629\u060c \u0641\u0625\u0646\u0647\u0627 \u062a\u0648\u0641\u0631 \u0633\u0639\u0629 \u062c\u0644\u0648\u0633 \u062a\u0635\u0644 \u0625\u0644\u0649 8 \u0623\u0634\u062e\u0627\u0635.\t\t\t\t\t\t  <\/div>\r\n\t\t\t\t\t\t<\/div>\r\n\t\t\t\t\t<\/div>\r\n\t\t\t\t\t<!-- Inner panel End -->\r\n\t\t\t\t\t\r\n\t\t\t\t\t\t\t\t\r\n\t\t\t\t\t<!-- Inner panel Start -->\r\n\t\t\t\t\t<div class=\"wpsm_panel wpsm_panel-default\">\r\n\t\t\t\t\t\t<div class=\"wpsm_panel-heading\" role=\"tab\" >\r\n\t\t\t\t\t\t  <h4 class=\"wpsm_panel-title\">\r\n\t\t\t\t\t\t\t<a  class=\"collapsed\"  data-toggle=\"collapse\" data-parent=\"#wpsm_accordion_7870 \" href=\"javascript:void(0)\" data-target=\"#ac_7870_collapse3\" onclick=\"do_resize()\">\r\n\t\t\t\t\t\t\t\t\t\t\t\t\t\t\t\t\t<span class=\"ac_open_cl_icon fa fa-plus\"><\/span>\r\n\t\t\t\t\t\t\t\t\t\r\n\t\t\t\t\t\t\t\t \r\n\t\t\t\t\t\t\t\t<span class=\"ac_title_class\">\r\n\t\t\t\t\t\t\t\t\t\u0645\u0627 \u0646\u0648\u0639 \u0627\u0644\u0623\u062c\u0648\u0627\u0621 \u0627\u0644\u062a\u064a \u064a\u0636\u0641\u064a\u0647\u0627 \u0633\u0637\u062d \u0627\u0644\u0631\u062e\u0627\u0645 \u0627\u0644\u0623\u0628\u064a\u0636 \u0639\u0644\u0649 \u0627\u0644\u0645\u0643\u0627\u0646\u061f\t\t\t\t\t\t\t\t<\/span>\r\n\t\t\t\t\t\t\t<\/a>\r\n\t\t\t\t\t\t  <\/h4>\r\n\t\t\t\t\t\t<\/div>\r\n\t\t\t\t\t\t<div id=\"ac_7870_collapse3\" class=\"wpsm_panel-collapse collapse\"  >\r\n\t\t\t\t\t\t  <div class=\"wpsm_panel-body\">\r\n\t\t\t\t\t\t\t\u064a\u0636\u0641\u064a \u0627\u0644\u0631\u062e\u0627\u0645 \u0627\u0644\u0623\u0628\u064a\u0636 \u0627\u062a\u0633\u0627\u0639\u0627\u064b \u0648\u062c\u0645\u0627\u0644\u0627\u064b \u0623\u0646\u064a\u0642\u0627\u064b \u0639\u0644\u0649 \u0627\u0644\u0645\u0633\u0627\u062d\u0629 \u0648\u064a\u0648\u0641\u0631 \u0645\u0638\u0647\u0631\u0627\u064b \u0639\u0635\u0631\u064a\u0627\u064b.\t\t\t\t\t\t  <\/div>\r\n\t\t\t\t\t\t<\/div>\r\n\t\t\t\t\t<\/div>\r\n\t\t\t\t\t<!-- Inner panel End -->\r\n\t\t\t\t\t\r\n\t\t\t\t\t\t\t\t\r\n\t\t\t\t\t<!-- Inner panel Start -->\r\n\t\t\t\t\t<div class=\"wpsm_panel wpsm_panel-default\">\r\n\t\t\t\t\t\t<div class=\"wpsm_panel-heading\" role=\"tab\" >\r\n\t\t\t\t\t\t  <h4 class=\"wpsm_panel-title\">\r\n\t\t\t\t\t\t\t<a  class=\"collapsed\"  data-toggle=\"collapse\" data-parent=\"#wpsm_accordion_7870 \" href=\"javascript:void(0)\" data-target=\"#ac_7870_collapse4\" onclick=\"do_resize()\">\r\n\t\t\t\t\t\t\t\t\t\t\t\t\t\t\t\t\t<span class=\"ac_open_cl_icon fa fa-plus\"><\/span>\r\n\t\t\t\t\t\t\t\t\t\r\n\t\t\t\t\t\t\t\t \r\n\t\t\t\t\t\t\t\t<span class=\"ac_title_class\">\r\n\t\t\t\t\t\t\t\t\t\u0647\u0644 \u0647\u0630\u0647 \u0627\u0644\u0637\u0627\u0648\u0644\u0629 \u0627\u0644\u0642\u0627\u0628\u0644\u0629 \u0644\u0644\u062a\u0645\u062f\u064a\u062f \u0645\u0646\u0627\u0633\u0628\u0629 \u0644\u0644\u0627\u0633\u062a\u062e\u062f\u0627\u0645 \u0641\u064a \u0627\u0644\u0645\u0643\u0627\u062a\u0628\u061f\t\t\t\t\t\t\t\t<\/span>\r\n\t\t\t\t\t\t\t<\/a>\r\n\t\t\t\t\t\t  <\/h4>\r\n\t\t\t\t\t\t<\/div>\r\n\t\t\t\t\t\t<div id=\"ac_7870_collapse4\" class=\"wpsm_panel-collapse collapse\"  >\r\n\t\t\t\t\t\t  <div class=\"wpsm_panel-body\">\r\n\t\t\t\t\t\t\t\u0646\u0639\u0645\u060c \u064a\u0645\u0643\u0646 \u0627\u0633\u062a\u062e\u062f\u0627\u0645\u0647\u060c \u0645\u0645\u0627 \u064a\u0636\u0641\u064a \u0644\u0645\u0633\u0629 \u0639\u0635\u0631\u064a\u0629 \u0648\u0623\u0646\u064a\u0642\u0629 \u0639\u0644\u0649 \u0627\u0644\u0628\u064a\u0626\u0627\u062a \u0627\u0644\u0645\u0643\u062a\u0628\u064a\u0629.\t\t\t\t\t\t  <\/div>\r\n\t\t\t\t\t\t<\/div>\r\n\t\t\t\t\t<\/div>\r\n\t\t\t\t\t<!-- Inner panel End -->\r\n\t\t\t\t\t\r\n\t\t\t\t\t\t\t\t\r\n\t\t\t\t\t<!-- Inner panel Start -->\r\n\t\t\t\t\t<div class=\"wpsm_panel wpsm_panel-default\">\r\n\t\t\t\t\t\t<div class=\"wpsm_panel-heading\" role=\"tab\" >\r\n\t\t\t\t\t\t  <h4 class=\"wpsm_panel-title\">\r\n\t\t\t\t\t\t\t<a  class=\"collapsed\"  data-toggle=\"collapse\" data-parent=\"#wpsm_accordion_7870 \" href=\"javascript:void(0)\" data-target=\"#ac_7870_collapse5\" onclick=\"do_resize()\">\r\n\t\t\t\t\t\t\t\t\t\t\t\t\t\t\t\t\t<span class=\"ac_open_cl_icon fa fa-plus\"><\/span>\r\n\t\t\t\t\t\t\t\t\t\r\n\t\t\t\t\t\t\t\t \r\n\t\t\t\t\t\t\t\t<span class=\"ac_title_class\">\r\n\t\t\t\t\t\t\t\t\t\u0647\u0644 \u0633\u064a\u062a\u0628\u0642\u0639 \u0633\u0637\u062d \u0627\u0644\u0631\u062e\u0627\u0645 \u0628\u0645\u0631\u0648\u0631 \u0627\u0644\u0648\u0642\u062a\u061f\t\t\t\t\t\t\t\t<\/span>\r\n\t\t\t\t\t\t\t<\/a>\r\n\t\t\t\t\t\t  <\/h4>\r\n\t\t\t\t\t\t<\/div>\r\n\t\t\t\t\t\t<div id=\"ac_7870_collapse5\" class=\"wpsm_panel-collapse collapse\"  >\r\n\t\t\t\t\t\t  <div class=\"wpsm_panel-body\">\r\n\t\t\t\t\t\t\t\u0639\u0646\u062f\u0645\u0627 \u062a\u062a\u0645 \u0635\u064a\u0627\u0646\u062a\u0647 \u0628\u0634\u0643\u0644 \u0635\u062d\u064a\u062d\u060c \u064a\u0643\u0648\u0646 \u0633\u0637\u062d \u0627\u0644\u0631\u062e\u0627\u0645 \u0645\u0642\u0627\u0648\u0645\u0627\u064b \u0644\u0644\u0628\u0642\u0639 \u0648\u064a\u062d\u0627\u0641\u0638 \u0639\u0644\u0649 \u0644\u0645\u0639\u0627\u0646\u0647.\t\t\t\t\t\t  <\/div>\r\n\t\t\t\t\t\t<\/div>\r\n\t\t\t\t\t<\/div>\r\n\t\t\t\t\t<!-- Inner panel End -->\r\n\t\t\t\t\t\r\n\t\t\t\t\t\t\t\t\r\n\t\t\t\t\t<!-- Inner panel Start -->\r\n\t\t\t\t\t<div class=\"wpsm_panel wpsm_panel-default\">\r\n\t\t\t\t\t\t<div class=\"wpsm_panel-heading\" role=\"tab\" >\r\n\t\t\t\t\t\t  <h4 class=\"wpsm_panel-title\">\r\n\t\t\t\t\t\t\t<a  class=\"collapsed\"  data-toggle=\"collapse\" data-parent=\"#wpsm_accordion_7870 \" href=\"javascript:void(0)\" data-target=\"#ac_7870_collapse6\" onclick=\"do_resize()\">\r\n\t\t\t\t\t\t\t\t\t\t\t\t\t\t\t\t\t<span class=\"ac_open_cl_icon fa fa-plus\"><\/span>\r\n\t\t\t\t\t\t\t\t\t\r\n\t\t\t\t\t\t\t\t \r\n\t\t\t\t\t\t\t\t<span class=\"ac_title_class\">\r\n\t\t\t\t\t\t\t\t\t\u0645\u0627 \u0647\u064a \u0623\u0646\u0645\u0627\u0637 \u0627\u0644\u062f\u064a\u0643\u0648\u0631 \u0627\u0644\u062a\u064a \u064a\u062a\u0646\u0627\u063a\u0645 \u0645\u0639\u0647\u0627 \u0637\u0642\u0645 \u0637\u0627\u0648\u0644\u0629 \u0627\u0644\u0645\u0637\u0628\u062e\u061f\t\t\t\t\t\t\t\t<\/span>\r\n\t\t\t\t\t\t\t<\/a>\r\n\t\t\t\t\t\t  <\/h4>\r\n\t\t\t\t\t\t<\/div>\r\n\t\t\t\t\t\t<div id=\"ac_7870_collapse6\" class=\"wpsm_panel-collapse collapse\"  >\r\n\t\t\t\t\t\t  <div class=\"wpsm_panel-body\">\r\n\t\t\t\t\t\t\t\u064a\u062a\u0646\u0627\u0633\u0628 \u062a\u0645\u0627\u0645\u0627\u064b \u0645\u0639 \u0627\u0644\u062f\u064a\u0643\u0648\u0631\u0627\u062a \u0627\u0644\u0639\u0635\u0631\u064a\u0629 \u0648\u0627\u0644\u0628\u0633\u064a\u0637\u0629.\t\t\t\t\t\t  <\/div>\r\n\t\t\t\t\t\t<\/div>\r\n\t\t\t\t\t<\/div>\r\n\t\t\t\t\t<!-- Inner panel End -->\r\n\t\t\t\t\t\r\n\t\t\t\t\t\t\t<\/div>\r\n\t\t\t\r\n<script type=\"text\/javascript\">\r\n\t\r\n\t\tfunction do_resize(){\r\n\r\n\t\t\tvar width=jQuery( '.wpsm_panel .wpsm_panel-body iframe' ).width();\r\n\t\t\tvar height=jQuery( '.wpsm_panel .wpsm_panel-body iframe' ).height();\r\n\r\n\t\t\tvar toggleSize = true;\r\n\t\t\tjQuery('iframe').animate({\r\n\t\t\t    width: toggleSize ? width : 640,\r\n\t\t\t    height: toggleSize ? height : 360\r\n\t\t\t  }, 250);\r\n\r\n\t\t\t  toggleSize = !toggleSize;\r\n\t\t}\r\n\t\t\r\n<\/script>\t\n<\/div>\n<\/div>\n<\/div>\n<\/div>","protected":false},"excerpt":{"rendered":"<div class=\"flex max-w-full flex-col flex-grow\">\n<div class=\"min-h-[20px] text-message flex w-full flex-col items-end gap-2 break-words [.text-message+&amp;]:mt-5 overflow-x-auto whitespace-normal\" dir=\"auto\" data-message-author-role=\"assistant\" data-message-id=\"ae353def-ed4f-4b09-93c9-e8bffa70dc67\">\n<div class=\"flex w-full flex-col gap-1 empty:hidden first:pt-[3px]\">\n<div class=\"markdown prose w-full break-words dark:prose-invert dark\">\n<p>Lam Kelebek Masa Tak\u0131m\u0131, zarif beyaz mermer y\u00fczeyi ve modern tasar\u0131m\u0131yla dikkat \u00e7eker. Dayan\u0131kl\u0131 malzemesi ve estetik g\u00f6r\u00fcn\u00fcm\u00fcyle hem ev hem de i\u015f yerlerinde \u015f\u0131kl\u0131k ve fonksiyonellik sa\u011flar. \u015e\u0131k detaylar\u0131yla mekan\u0131n\u0131za zarif bir dokunu\u015f katar. Ayr\u0131ca, a\u00e7\u0131labilir yap\u0131s\u0131yla geni\u015f alan ihtiya\u00e7lar\u0131n\u0131za esnek bir \u00e7\u00f6z\u00fcm sunar.<\/p>\n<\/div>\n<\/div>\n<\/div>\n<\/div>","protected":false},"featured_media":6873,"comment_status":"open","ping_status":"closed","template":"","meta":[],"product_brand":[],"product_cat":[56],"product_tag":[134],"class_list":{"0":"post-4816","1":"product","2":"type-product","3":"status-publish","4":"has-post-thumbnail","6":"product_cat-masa-takimi","7":"product_tag-salon-mutfak","9":"first","10":"instock","11":"shipping-taxable","12":"product-type-variable"},"_links":{"self":[{"href":"https:\/\/toptan.coolsandalye.com\/ar\/wp-json\/wp\/v2\/product\/4816","targetHints":{"allow":["GET"]}}],"collection":[{"href":"https:\/\/toptan.coolsandalye.com\/ar\/wp-json\/wp\/v2\/product"}],"about":[{"href":"https:\/\/toptan.coolsandalye.com\/ar\/wp-json\/wp\/v2\/types\/product"}],"replies":[{"embeddable":true,"href":"https:\/\/toptan.coolsandalye.com\/ar\/wp-json\/wp\/v2\/comments?post=4816"}],"wp:featuredmedia":[{"embeddable":true,"href":"https:\/\/toptan.coolsandalye.com\/ar\/wp-json\/wp\/v2\/media\/6873"}],"wp:attachment":[{"href":"https:\/\/toptan.coolsandalye.com\/ar\/wp-json\/wp\/v2\/media?parent=4816"}],"wp:term":[{"taxonomy":"product_brand","embeddable":true,"href":"https:\/\/toptan.coolsandalye.com\/ar\/wp-json\/wp\/v2\/product_brand?post=4816"},{"taxonomy":"product_cat","embeddable":true,"href":"https:\/\/toptan.coolsandalye.com\/ar\/wp-json\/wp\/v2\/product_cat?post=4816"},{"taxonomy":"product_tag","embeddable":true,"href":"https:\/\/toptan.coolsandalye.com\/ar\/wp-json\/wp\/v2\/product_tag?post=4816"}],"curies":[{"name":"wp","href":"https:\/\/api.w.org\/{rel}","templated":true}]}}