{"id":4792,"date":"2025-02-26T14:06:15","date_gmt":"2025-02-26T11:06:15","guid":{"rendered":"https:\/\/toptan.coolsandalye.com\/product\/venedik-arista-masa-takimi-beyaz-mermer\/"},"modified":"2025-06-30T15:31:46","modified_gmt":"2025-06-30T12:31:46","slug":"hera-venedik-arista-masa-takimi-beyaz-mermer","status":"publish","type":"product","link":"https:\/\/toptan.coolsandalye.com\/ar\/product\/hera-venedik-arista-masa-takimi-beyaz-mermer\/","title":{"rendered":"Hera Venedik Arista Masa Tak\u0131m\u0131 &#8211; Beyaz Mermer"},"content":{"rendered":"<p>Hera Venedik Arista Masa Tak\u0131m\u0131, zarif beyaz mermer y\u00fczeyi ve modern tasar\u0131m\u0131yla bulundu\u011fu mekana ferah bir estetik kazand\u0131r\u0131r. Dayan\u0131kl\u0131 yap\u0131s\u0131, uzun \u00f6m\u00fcrl\u00fc kullan\u0131m sa\u011flarken, hem ev hem de i\u015f yerlerinde \u015f\u0131kl\u0131\u011f\u0131 ve i\u015flevselli\u011fi bir arada sunar. A\u00e7\u0131labilir \u00f6zelli\u011fi sayesinde geni\u015f alan ihtiya\u00e7lar\u0131na esnek ve pratik bir \u00e7\u00f6z\u00fcm getirerek \u015f\u0131kl\u0131\u011f\u0131yla g\u00f6z doldurur.<\/p>","protected":false},"excerpt":{"rendered":"<p>Hera Venedik Arista Masa Tak\u0131m\u0131, zarif beyaz mermer y\u00fczeyi ve modern tasar\u0131m\u0131yla bulundu\u011fu mekana ferah bir estetik kazand\u0131r\u0131r. Dayan\u0131kl\u0131 yap\u0131s\u0131, uzun \u00f6m\u00fcrl\u00fc kullan\u0131m sa\u011flarken, hem ev hem de i\u015f yerlerinde \u015f\u0131kl\u0131\u011f\u0131 ve i\u015flevselli\u011fi bir arada sunar. A\u00e7\u0131labilir \u00f6zelli\u011fi sayesinde geni\u015f alan ihtiya\u00e7lar\u0131na esnek ve pratik bir \u00e7\u00f6z\u00fcm getirerek \u015f\u0131kl\u0131\u011f\u0131yla g\u00f6z doldurur.<\/p>","protected":false},"featured_media":6904,"comment_status":"open","ping_status":"closed","template":"","meta":[],"product_brand":[],"product_cat":[56],"product_tag":[134],"class_list":{"0":"post-4792","1":"product","2":"type-product","3":"status-publish","4":"has-post-thumbnail","6":"product_cat-masa-takimi","7":"product_tag-salon-mutfak","9":"first","10":"instock","11":"shipping-taxable","12":"product-type-variable"},"_links":{"self":[{"href":"https:\/\/toptan.coolsandalye.com\/ar\/wp-json\/wp\/v2\/product\/4792","targetHints":{"allow":["GET"]}}],"collection":[{"href":"https:\/\/toptan.coolsandalye.com\/ar\/wp-json\/wp\/v2\/product"}],"about":[{"href":"https:\/\/toptan.coolsandalye.com\/ar\/wp-json\/wp\/v2\/types\/product"}],"replies":[{"embeddable":true,"href":"https:\/\/toptan.coolsandalye.com\/ar\/wp-json\/wp\/v2\/comments?post=4792"}],"wp:featuredmedia":[{"embeddable":true,"href":"https:\/\/toptan.coolsandalye.com\/ar\/wp-json\/wp\/v2\/media\/6904"}],"wp:attachment":[{"href":"https:\/\/toptan.coolsandalye.com\/ar\/wp-json\/wp\/v2\/media?parent=4792"}],"wp:term":[{"taxonomy":"product_brand","embeddable":true,"href":"https:\/\/toptan.coolsandalye.com\/ar\/wp-json\/wp\/v2\/product_brand?post=4792"},{"taxonomy":"product_cat","embeddable":true,"href":"https:\/\/toptan.coolsandalye.com\/ar\/wp-json\/wp\/v2\/product_cat?post=4792"},{"taxonomy":"product_tag","embeddable":true,"href":"https:\/\/toptan.coolsandalye.com\/ar\/wp-json\/wp\/v2\/product_tag?post=4792"}],"curies":[{"name":"wp","href":"https:\/\/api.w.org\/{rel}","templated":true}]}}