{"id":4775,"date":"2025-02-26T14:05:59","date_gmt":"2025-02-26T11:05:59","guid":{"rendered":"https:\/\/toptan.coolsandalye.com\/product\/cizgili-kartal-oval-masa-takimi-parke-ceviz\/"},"modified":"2025-06-30T15:30:52","modified_gmt":"2025-06-30T12:30:52","slug":"oval-cizgili-kartal-masa-takimi-ceviz","status":"publish","type":"product","link":"https:\/\/toptan.coolsandalye.com\/ar\/product\/oval-cizgili-kartal-masa-takimi-ceviz\/","title":{"rendered":"Oval \u00c7izgili Kartal Masa Tak\u0131m\u0131 &#8211; Ceviz"},"content":{"rendered":"<p>Oval \u00c7izgili Kartal Masa Tak\u0131m\u0131, ceviz kaplamas\u0131yla s\u0131cak ve do\u011fal bir atmosfer sunar. Oval formu ve \u00e7izgili detaylar\u0131, ya\u015fam alan\u0131n\u0131za zarif bir dokunu\u015f katarken, ceviz tonlar\u0131 ile mekana s\u0131cakl\u0131k katar. Hem estetik hem de fonksiyonel bir kullan\u0131m sunar.<\/p>","protected":false},"excerpt":{"rendered":"<p>Oval \u00c7izgili Kartal Masa Tak\u0131m\u0131, ceviz kaplamas\u0131yla s\u0131cak ve do\u011fal bir atmosfer sunar. Oval formu ve \u00e7izgili detaylar\u0131, ya\u015fam alan\u0131n\u0131za zarif bir dokunu\u015f katarken, ceviz tonlar\u0131 ile mekana s\u0131cakl\u0131k katar. Hem estetik hem de fonksiyonel bir kullan\u0131m sunar.<\/p>","protected":false},"featured_media":4007,"comment_status":"open","ping_status":"closed","template":"","meta":[],"product_brand":[],"product_cat":[56],"product_tag":[130],"class_list":{"0":"post-4775","1":"product","2":"type-product","3":"status-publish","4":"has-post-thumbnail","6":"product_cat-masa-takimi","7":"product_tag-ahsap-iskandinav","9":"first","10":"instock","11":"shipping-taxable","12":"product-type-variable"},"_links":{"self":[{"href":"https:\/\/toptan.coolsandalye.com\/ar\/wp-json\/wp\/v2\/product\/4775","targetHints":{"allow":["GET"]}}],"collection":[{"href":"https:\/\/toptan.coolsandalye.com\/ar\/wp-json\/wp\/v2\/product"}],"about":[{"href":"https:\/\/toptan.coolsandalye.com\/ar\/wp-json\/wp\/v2\/types\/product"}],"replies":[{"embeddable":true,"href":"https:\/\/toptan.coolsandalye.com\/ar\/wp-json\/wp\/v2\/comments?post=4775"}],"wp:featuredmedia":[{"embeddable":true,"href":"https:\/\/toptan.coolsandalye.com\/ar\/wp-json\/wp\/v2\/media\/4007"}],"wp:attachment":[{"href":"https:\/\/toptan.coolsandalye.com\/ar\/wp-json\/wp\/v2\/media?parent=4775"}],"wp:term":[{"taxonomy":"product_brand","embeddable":true,"href":"https:\/\/toptan.coolsandalye.com\/ar\/wp-json\/wp\/v2\/product_brand?post=4775"},{"taxonomy":"product_cat","embeddable":true,"href":"https:\/\/toptan.coolsandalye.com\/ar\/wp-json\/wp\/v2\/product_cat?post=4775"},{"taxonomy":"product_tag","embeddable":true,"href":"https:\/\/toptan.coolsandalye.com\/ar\/wp-json\/wp\/v2\/product_tag?post=4775"}],"curies":[{"name":"wp","href":"https:\/\/api.w.org\/{rel}","templated":true}]}}