{"id":4769,"date":"2024-07-03T14:41:04","date_gmt":"2024-07-03T11:41:04","guid":{"rendered":"https:\/\/toptan.coolsandalye.com\/product\/sedir-tekli-beyaz\/"},"modified":"2025-06-30T15:28:35","modified_gmt":"2025-06-30T12:28:35","slug":"sedir-tekli-beyaz","status":"publish","type":"product","link":"https:\/\/toptan.coolsandalye.com\/ar\/product\/sedir-tekli-beyaz\/","title":{"rendered":"\u062e\u0634\u0628 \u0627\u0644\u0623\u0631\u0632 \u0627\u0644\u0641\u0631\u062f\u064a - \u0623\u0628\u064a\u0636"},"content":{"rendered":"<p>End\u00fcstriyel tarzda dekore edilmi\u015f mekanlar i\u00e7in \u00f6zel olarak tasarlanm\u0131\u015f metal sedir tak\u0131m\u0131, g\u00fc\u00e7l\u00fc ve dayan\u0131kl\u0131 yap\u0131s\u0131yla dikkat \u00e7eker. Gri ve metalik renk se\u00e7enekleriyle sunulan bu tak\u0131m, modern ve mask\u00fclen bir g\u00f6r\u00fcn\u00fcm sa\u011flar. Sa\u011flam metal konstr\u00fcksiyonu ve rahat minderleriyle uzun s\u00fcreli kullan\u0131mlarda bile konforunu kaybetmez. Balkonunuzda, teras\u0131n\u0131zda veya i\u00e7 mekan\u0131n\u0131zda bu end\u00fcstriyel tarz metal sedir tak\u0131m\u0131yla g\u00fc\u00e7l\u00fc ve modern bir atmosfer yaratabilirsiniz.<\/p>","protected":false},"excerpt":{"rendered":"<p>End\u00fcstriyel tarzda dekore edilmi\u015f mekanlar i\u00e7in \u00f6zel olarak tasarlanm\u0131\u015f metal sedir tak\u0131m\u0131, g\u00fc\u00e7l\u00fc ve dayan\u0131kl\u0131 yap\u0131s\u0131yla dikkat \u00e7eker. Gri ve metalik renk se\u00e7enekleriyle sunulan bu tak\u0131m, modern ve mask\u00fclen bir g\u00f6r\u00fcn\u00fcm sa\u011flar. Sa\u011flam metal konstr\u00fcksiyonu ve rahat minderleriyle uzun s\u00fcreli kullan\u0131mlarda bile konforunu kaybetmez. Balkonunuzda, teras\u0131n\u0131zda veya i\u00e7 mekan\u0131n\u0131zda bu end\u00fcstriyel tarz metal sedir tak\u0131m\u0131yla g\u00fc\u00e7l\u00fc ve modern bir atmosfer yaratabilirsiniz.<\/p>","protected":false},"featured_media":7124,"comment_status":"open","ping_status":"closed","template":"","meta":[],"product_brand":[],"product_cat":[94],"product_tag":[],"class_list":{"0":"post-4769","1":"product","2":"type-product","3":"status-publish","4":"has-post-thumbnail","6":"product_cat-sedir","8":"first","9":"instock","10":"shipping-taxable","11":"product-type-simple"},"_links":{"self":[{"href":"https:\/\/toptan.coolsandalye.com\/ar\/wp-json\/wp\/v2\/product\/4769","targetHints":{"allow":["GET"]}}],"collection":[{"href":"https:\/\/toptan.coolsandalye.com\/ar\/wp-json\/wp\/v2\/product"}],"about":[{"href":"https:\/\/toptan.coolsandalye.com\/ar\/wp-json\/wp\/v2\/types\/product"}],"replies":[{"embeddable":true,"href":"https:\/\/toptan.coolsandalye.com\/ar\/wp-json\/wp\/v2\/comments?post=4769"}],"wp:featuredmedia":[{"embeddable":true,"href":"https:\/\/toptan.coolsandalye.com\/ar\/wp-json\/wp\/v2\/media\/7124"}],"wp:attachment":[{"href":"https:\/\/toptan.coolsandalye.com\/ar\/wp-json\/wp\/v2\/media?parent=4769"}],"wp:term":[{"taxonomy":"product_brand","embeddable":true,"href":"https:\/\/toptan.coolsandalye.com\/ar\/wp-json\/wp\/v2\/product_brand?post=4769"},{"taxonomy":"product_cat","embeddable":true,"href":"https:\/\/toptan.coolsandalye.com\/ar\/wp-json\/wp\/v2\/product_cat?post=4769"},{"taxonomy":"product_tag","embeddable":true,"href":"https:\/\/toptan.coolsandalye.com\/ar\/wp-json\/wp\/v2\/product_tag?post=4769"}],"curies":[{"name":"wp","href":"https:\/\/api.w.org\/{rel}","templated":true}]}}