{"id":4768,"date":"2024-07-03T14:41:04","date_gmt":"2024-07-03T11:41:04","guid":{"rendered":"https:\/\/toptan.coolsandalye.com\/product\/sedir-tekli-siyah\/"},"modified":"2025-06-30T15:28:35","modified_gmt":"2025-06-30T12:28:35","slug":"sedir-tekli-siyah","status":"publish","type":"product","link":"https:\/\/toptan.coolsandalye.com\/ar\/product\/sedir-tekli-siyah\/","title":{"rendered":"\u062e\u0634\u0628 \u0627\u0644\u0623\u0631\u0632 \u0627\u0644\u0641\u0631\u062f\u064a - \u0623\u0628\u064a\u0636"},"content":{"rendered":"<p>Bah\u00e7enize retro bir dokunu\u015f katmak ister misiniz? Retro tarzda tasarlanm\u0131\u015f metal sedir tak\u0131m\u0131, vintage severler i\u00e7in harika bir tercihtir. Beyaz ve pastel renk tonlar\u0131yla sunulan bu tak\u0131m, nostaljik bir hava yarat\u0131rken modern konforu da beraberinde getirir. Paslanmaz metal yap\u0131s\u0131 ve su ge\u00e7irmez minderleri ile d\u0131\u015f mekanlarda g\u00fcvenle kullan\u0131labilir. Eski d\u00f6nemlerin zarafetini bah\u00e7enize ta\u015f\u0131rken, ergonomik yap\u0131s\u0131yla konforlu bir oturma alan\u0131 sunar.<\/p>","protected":false},"excerpt":{"rendered":"<p>Bah\u00e7enize retro bir dokunu\u015f katmak ister misiniz? Retro tarzda tasarlanm\u0131\u015f metal sedir tak\u0131m\u0131, vintage severler i\u00e7in harika bir tercihtir. Beyaz ve pastel renk tonlar\u0131yla sunulan bu tak\u0131m, nostaljik bir hava yarat\u0131rken modern konforu da beraberinde getirir. Paslanmaz metal yap\u0131s\u0131 ve su ge\u00e7irmez minderleri ile d\u0131\u015f mekanlarda g\u00fcvenle kullan\u0131labilir. Eski d\u00f6nemlerin zarafetini bah\u00e7enize ta\u015f\u0131rken, ergonomik yap\u0131s\u0131yla konforlu bir oturma alan\u0131 sunar.<\/p>","protected":false},"featured_media":7123,"comment_status":"open","ping_status":"closed","template":"","meta":[],"product_brand":[],"product_cat":[94],"product_tag":[],"class_list":{"0":"post-4768","1":"product","2":"type-product","3":"status-publish","4":"has-post-thumbnail","6":"product_cat-sedir","8":"first","9":"instock","10":"shipping-taxable","11":"product-type-simple"},"_links":{"self":[{"href":"https:\/\/toptan.coolsandalye.com\/ar\/wp-json\/wp\/v2\/product\/4768","targetHints":{"allow":["GET"]}}],"collection":[{"href":"https:\/\/toptan.coolsandalye.com\/ar\/wp-json\/wp\/v2\/product"}],"about":[{"href":"https:\/\/toptan.coolsandalye.com\/ar\/wp-json\/wp\/v2\/types\/product"}],"replies":[{"embeddable":true,"href":"https:\/\/toptan.coolsandalye.com\/ar\/wp-json\/wp\/v2\/comments?post=4768"}],"wp:featuredmedia":[{"embeddable":true,"href":"https:\/\/toptan.coolsandalye.com\/ar\/wp-json\/wp\/v2\/media\/7123"}],"wp:attachment":[{"href":"https:\/\/toptan.coolsandalye.com\/ar\/wp-json\/wp\/v2\/media?parent=4768"}],"wp:term":[{"taxonomy":"product_brand","embeddable":true,"href":"https:\/\/toptan.coolsandalye.com\/ar\/wp-json\/wp\/v2\/product_brand?post=4768"},{"taxonomy":"product_cat","embeddable":true,"href":"https:\/\/toptan.coolsandalye.com\/ar\/wp-json\/wp\/v2\/product_cat?post=4768"},{"taxonomy":"product_tag","embeddable":true,"href":"https:\/\/toptan.coolsandalye.com\/ar\/wp-json\/wp\/v2\/product_tag?post=4768"}],"curies":[{"name":"wp","href":"https:\/\/api.w.org\/{rel}","templated":true}]}}