{"id":4767,"date":"2024-07-03T14:41:04","date_gmt":"2024-07-03T11:41:04","guid":{"rendered":"https:\/\/toptan.coolsandalye.com\/product\/sedir-ikili-beyaz\/"},"modified":"2025-06-30T15:28:35","modified_gmt":"2025-06-30T12:28:35","slug":"sedir-ikili-beyaz","status":"publish","type":"product","link":"https:\/\/toptan.coolsandalye.com\/ar\/product\/sedir-ikili-beyaz\/","title":{"rendered":"\u0623\u0631\u0632 \u0645\u0632\u062f\u0648\u062c - \u0623\u0628\u064a\u0636"},"content":{"rendered":"<p>Modern tasar\u0131m\u0131 ve zarif hatlar\u0131yla \u00f6ne \u00e7\u0131kan metal sedir tak\u0131m\u0131, evinizin veya d\u0131\u015f mekanlar\u0131n\u0131z\u0131n atmosferini de\u011fi\u015ftirmek i\u00e7in m\u00fckemmel bir se\u00e7imdir. Y\u00fcksek kaliteli paslanmaz \u00e7elikten \u00fcretilen bu tak\u0131m, sa\u011flaml\u0131\u011f\u0131 ve dayan\u0131kl\u0131l\u0131\u011f\u0131 ile uzun y\u0131llar boyunca size hizmet eder. Siyah ve antrasit renk se\u00e7enekleriyle sunulan bu sedir tak\u0131m\u0131, minimalist dekorasyon stilini sevenler i\u00e7in idealdir. Ergonomik yap\u0131s\u0131 sayesinde konforlu bir oturma deneyimi sa\u011flar ve kolay temizlenebilir yap\u0131s\u0131yla her zaman \u015f\u0131k g\u00f6r\u00fcn\u00fcr.<\/p>","protected":false},"excerpt":{"rendered":"<p>Modern tasar\u0131m\u0131 ve zarif hatlar\u0131yla \u00f6ne \u00e7\u0131kan metal sedir tak\u0131m\u0131, evinizin veya d\u0131\u015f mekanlar\u0131n\u0131z\u0131n atmosferini de\u011fi\u015ftirmek i\u00e7in m\u00fckemmel bir se\u00e7imdir. Y\u00fcksek kaliteli paslanmaz \u00e7elikten \u00fcretilen bu tak\u0131m, sa\u011flaml\u0131\u011f\u0131 ve dayan\u0131kl\u0131l\u0131\u011f\u0131 ile uzun y\u0131llar boyunca size hizmet eder. Siyah ve antrasit renk se\u00e7enekleriyle sunulan bu sedir tak\u0131m\u0131, minimalist dekorasyon stilini sevenler i\u00e7in idealdir. Ergonomik yap\u0131s\u0131 sayesinde konforlu bir oturma deneyimi sa\u011flar ve kolay temizlenebilir yap\u0131s\u0131yla her zaman \u015f\u0131k g\u00f6r\u00fcn\u00fcr.<\/p>","protected":false},"featured_media":7122,"comment_status":"open","ping_status":"closed","template":"","meta":[],"product_brand":[],"product_cat":[94],"product_tag":[],"class_list":{"0":"post-4767","1":"product","2":"type-product","3":"status-publish","4":"has-post-thumbnail","6":"product_cat-sedir","8":"first","9":"instock","10":"shipping-taxable","11":"product-type-simple"},"_links":{"self":[{"href":"https:\/\/toptan.coolsandalye.com\/ar\/wp-json\/wp\/v2\/product\/4767","targetHints":{"allow":["GET"]}}],"collection":[{"href":"https:\/\/toptan.coolsandalye.com\/ar\/wp-json\/wp\/v2\/product"}],"about":[{"href":"https:\/\/toptan.coolsandalye.com\/ar\/wp-json\/wp\/v2\/types\/product"}],"replies":[{"embeddable":true,"href":"https:\/\/toptan.coolsandalye.com\/ar\/wp-json\/wp\/v2\/comments?post=4767"}],"wp:featuredmedia":[{"embeddable":true,"href":"https:\/\/toptan.coolsandalye.com\/ar\/wp-json\/wp\/v2\/media\/7122"}],"wp:attachment":[{"href":"https:\/\/toptan.coolsandalye.com\/ar\/wp-json\/wp\/v2\/media?parent=4767"}],"wp:term":[{"taxonomy":"product_brand","embeddable":true,"href":"https:\/\/toptan.coolsandalye.com\/ar\/wp-json\/wp\/v2\/product_brand?post=4767"},{"taxonomy":"product_cat","embeddable":true,"href":"https:\/\/toptan.coolsandalye.com\/ar\/wp-json\/wp\/v2\/product_cat?post=4767"},{"taxonomy":"product_tag","embeddable":true,"href":"https:\/\/toptan.coolsandalye.com\/ar\/wp-json\/wp\/v2\/product_tag?post=4767"}],"curies":[{"name":"wp","href":"https:\/\/api.w.org\/{rel}","templated":true}]}}