{"id":4766,"date":"2024-07-03T14:41:03","date_gmt":"2024-07-03T11:41:03","guid":{"rendered":"https:\/\/toptan.coolsandalye.com\/product\/sedir-ikili-siyah\/"},"modified":"2025-06-30T15:28:35","modified_gmt":"2025-06-30T12:28:35","slug":"sedir-ikili-siyah","status":"publish","type":"product","link":"https:\/\/toptan.coolsandalye.com\/ar\/product\/sedir-ikili-siyah\/","title":{"rendered":"\u0623\u0631\u0632 \u0645\u0632\u062f\u0648\u062c - \u0623\u0633\u0648\u062f"},"content":{"rendered":"<p>Siz de d\u0131\u015f mekanlar\u0131n\u0131z\u0131 \u015f\u0131kl\u0131k ve konforla bulu\u015fturmak istiyorsan\u0131z, Metal Sedir Tak\u0131mlar\u0131m\u0131z\u0131 ke\u015ffedin. Modern ve zarif tasar\u0131mlar\u0131, her detay\u0131yla g\u00f6z kama\u015ft\u0131r\u0131r. Paslanmaz metal yap\u0131s\u0131 sayesinde her mevsim dayan\u0131kl\u0131l\u0131\u011f\u0131 garanti eder. Bah\u00e7enizden teras\u0131n\u0131za, balkonunuzdan havuz kenar\u0131n\u0131za kadar her yerde rahatl\u0131kla kullanabilirsiniz. Kolay temizlenebilir y\u00fczeyi ve uzun \u00f6m\u00fcrl\u00fc malzemesiyle size uzun y\u0131llar keyifli bir oturum alan\u0131 sa\u011flar. \u015e\u0131kl\u0131k ve fonksiyonelli\u011fi bir arada sunan bu tak\u0131mlar, ya\u015fam alan\u0131n\u0131za de\u011fer katar.<\/p>","protected":false},"excerpt":{"rendered":"<div class=\"flex flex-grow flex-col max-w-full\">\n<div class=\"min-h-[20px] text-message flex w-full flex-col items-end gap-2 whitespace-pre-wrap break-words [.text-message+&amp;]:mt-5 overflow-x-auto\" dir=\"auto\" data-message-author-role=\"assistant\" data-message-id=\"c85a8996-f491-48c2-81ff-af3e3941a345\">\n<div class=\"flex w-full flex-col gap-1 empty:hidden first:pt-[3px]\">\n<div class=\"markdown prose w-full break-words dark:prose-invert dark\">\n<p>Siz de d\u0131\u015f mekanlar\u0131n\u0131z\u0131 \u015f\u0131kl\u0131k ve konforla bulu\u015fturmak istiyorsan\u0131z, Metal Sedir Tak\u0131mlar\u0131m\u0131z\u0131 ke\u015ffedin. Modern ve zarif tasar\u0131mlar\u0131, her detay\u0131yla g\u00f6z kama\u015ft\u0131r\u0131r. Paslanmaz metal yap\u0131s\u0131 sayesinde her mevsim dayan\u0131kl\u0131l\u0131\u011f\u0131 garanti eder. Bah\u00e7enizden teras\u0131n\u0131za, balkonunuzdan havuz kenar\u0131n\u0131za kadar her yerde rahatl\u0131kla kullanabilirsiniz. Kolay temizlenebilir y\u00fczeyi ve uzun \u00f6m\u00fcrl\u00fc malzemesiyle size uzun y\u0131llar keyifli bir oturum alan\u0131 sa\u011flar. \u015e\u0131kl\u0131k ve fonksiyonelli\u011fi bir arada sunan bu tak\u0131mlar, ya\u015fam alan\u0131n\u0131za de\u011fer katar.<\/p>\n<\/div>\n<\/div>\n<\/div>\n<\/div>","protected":false},"featured_media":7125,"comment_status":"open","ping_status":"closed","template":"","meta":[],"product_brand":[],"product_cat":[94],"product_tag":[],"class_list":{"0":"post-4766","1":"product","2":"type-product","3":"status-publish","4":"has-post-thumbnail","6":"product_cat-sedir","8":"first","9":"instock","10":"shipping-taxable","11":"product-type-simple"},"_links":{"self":[{"href":"https:\/\/toptan.coolsandalye.com\/ar\/wp-json\/wp\/v2\/product\/4766","targetHints":{"allow":["GET"]}}],"collection":[{"href":"https:\/\/toptan.coolsandalye.com\/ar\/wp-json\/wp\/v2\/product"}],"about":[{"href":"https:\/\/toptan.coolsandalye.com\/ar\/wp-json\/wp\/v2\/types\/product"}],"replies":[{"embeddable":true,"href":"https:\/\/toptan.coolsandalye.com\/ar\/wp-json\/wp\/v2\/comments?post=4766"}],"wp:featuredmedia":[{"embeddable":true,"href":"https:\/\/toptan.coolsandalye.com\/ar\/wp-json\/wp\/v2\/media\/7125"}],"wp:attachment":[{"href":"https:\/\/toptan.coolsandalye.com\/ar\/wp-json\/wp\/v2\/media?parent=4766"}],"wp:term":[{"taxonomy":"product_brand","embeddable":true,"href":"https:\/\/toptan.coolsandalye.com\/ar\/wp-json\/wp\/v2\/product_brand?post=4766"},{"taxonomy":"product_cat","embeddable":true,"href":"https:\/\/toptan.coolsandalye.com\/ar\/wp-json\/wp\/v2\/product_cat?post=4766"},{"taxonomy":"product_tag","embeddable":true,"href":"https:\/\/toptan.coolsandalye.com\/ar\/wp-json\/wp\/v2\/product_tag?post=4766"}],"curies":[{"name":"wp","href":"https:\/\/api.w.org\/{rel}","templated":true}]}}