{"id":10231,"date":"2025-02-18T14:31:46","date_gmt":"2025-02-18T11:31:46","guid":{"rendered":"https:\/\/toptan.coolsandalye.com\/?post_type=product&#038;p=10231"},"modified":"2025-06-30T15:31:38","modified_gmt":"2025-06-30T12:31:38","slug":"metal-siyah-sedir-takimi","status":"publish","type":"product","link":"https:\/\/toptan.coolsandalye.com\/ar\/product\/metal-siyah-sedir-takimi\/","title":{"rendered":"Metal Siyah Sedir Tak\u0131m\u0131"},"content":{"rendered":"<p>Metal Siyah Sedir Tak\u0131m\u0131, modern ve \u015f\u0131k tasar\u0131m\u0131yla ya\u015fam alanlar\u0131n\u0131za g\u00fc\u00e7l\u00fc bir karakter kazand\u0131r\u0131yor. Dayan\u0131kl\u0131 metal iskeleti ve ergonomik oturma yap\u0131s\u0131 sayesinde konforu ve uzun \u00f6m\u00fcrl\u00fc kullan\u0131m\u0131 bir araya getirir. Siyah rengin zarafetiyle birle\u015fen minimal \u00e7izgileri, hem klasik hem de \u00e7a\u011fda\u015f dekorasyonlara uyum sa\u011flar. Balkon, teras, k\u0131\u015f bah\u00e7esi veya geni\u015f i\u00e7 mekanlarda estetik ve fonksiyonel bir oturma alan\u0131 sunar.<\/p>","protected":false},"excerpt":{"rendered":"<p>Metal Siyah Sedir Tak\u0131m\u0131, modern ve \u015f\u0131k tasar\u0131m\u0131yla ya\u015fam alanlar\u0131n\u0131za g\u00fc\u00e7l\u00fc bir karakter kazand\u0131r\u0131yor. Dayan\u0131kl\u0131 metal iskeleti ve ergonomik oturma yap\u0131s\u0131 sayesinde konforu ve uzun \u00f6m\u00fcrl\u00fc kullan\u0131m\u0131 bir araya getirir. Siyah rengin zarafetiyle birle\u015fen minimal \u00e7izgileri, hem klasik hem de \u00e7a\u011fda\u015f dekorasyonlara uyum sa\u011flar. Balkon, teras, k\u0131\u015f bah\u00e7esi veya geni\u015f i\u00e7 mekanlarda estetik ve fonksiyonel bir oturma alan\u0131 sunar.<\/p>","protected":false},"featured_media":10232,"comment_status":"open","ping_status":"closed","template":"","meta":[],"product_brand":[],"product_cat":[94],"product_tag":[],"class_list":{"0":"post-10231","1":"product","2":"type-product","3":"status-publish","4":"has-post-thumbnail","6":"product_cat-sedir","8":"first","9":"instock","10":"shipping-taxable","11":"product-type-simple"},"_links":{"self":[{"href":"https:\/\/toptan.coolsandalye.com\/ar\/wp-json\/wp\/v2\/product\/10231","targetHints":{"allow":["GET"]}}],"collection":[{"href":"https:\/\/toptan.coolsandalye.com\/ar\/wp-json\/wp\/v2\/product"}],"about":[{"href":"https:\/\/toptan.coolsandalye.com\/ar\/wp-json\/wp\/v2\/types\/product"}],"replies":[{"embeddable":true,"href":"https:\/\/toptan.coolsandalye.com\/ar\/wp-json\/wp\/v2\/comments?post=10231"}],"wp:featuredmedia":[{"embeddable":true,"href":"https:\/\/toptan.coolsandalye.com\/ar\/wp-json\/wp\/v2\/media\/10232"}],"wp:attachment":[{"href":"https:\/\/toptan.coolsandalye.com\/ar\/wp-json\/wp\/v2\/media?parent=10231"}],"wp:term":[{"taxonomy":"product_brand","embeddable":true,"href":"https:\/\/toptan.coolsandalye.com\/ar\/wp-json\/wp\/v2\/product_brand?post=10231"},{"taxonomy":"product_cat","embeddable":true,"href":"https:\/\/toptan.coolsandalye.com\/ar\/wp-json\/wp\/v2\/product_cat?post=10231"},{"taxonomy":"product_tag","embeddable":true,"href":"https:\/\/toptan.coolsandalye.com\/ar\/wp-json\/wp\/v2\/product_tag?post=10231"}],"curies":[{"name":"wp","href":"https:\/\/api.w.org\/{rel}","templated":true}]}}